{"id":1021,"date":"2022-10-17T19:31:23","date_gmt":"2022-10-17T19:31:23","guid":{"rendered":"https:\/\/urbanyouthgardensplatform.eu\/?page_id=1021"},"modified":"2023-05-16T18:03:55","modified_gmt":"2023-05-16T18:03:55","slug":"zebbugcouncil-malta","status":"publish","type":"page","link":"https:\/\/urbanyouthgardensplatform.eu\/el\/zebbugcouncil-malta\/","title":{"rendered":"Zebbug Local Council &#8211; Malta"},"content":{"rendered":"<div class=\"agro-section-wrapper\"><div class=\"nt-column\"><div class=\"nt-shortcode-wrapper\"><div id=\"hero\" class=\"nt-shortcode-hero jarallax section_6a01cb1e4548d vc_custom_1665941475774\" data-speed=\"0.7\" data-img-position=\"50% 80%\" data-res-css=\"          \"><div class=\"container\"><div class=\"row\"><div class=\"col-12 col-lg-7\"><h1 class=\"__title\"><span>Organization<\/span> <\/h1><\/div><\/div><\/div><\/div><\/div><\/div><\/div><div class=\"nt_clearfix\"><\/div><div class=\"agro-section-wrapper\"><div class=\"nt-column\"><div class=\"nt-shortcode-wrapper\"><div class=\"section section--no-pb about--1 md-hide-bg item_6a01cb1e456ba vc_custom_1666035194577\" data-res-css=\"              \"><div class=\"container\"><div class=\"section-heading\"><h2 class=\"__title\">Zebbug Local Council Malta <span><\/span><\/h2><\/div><div class=\"row\"><div class=\"col-12 col-lg-6 col-xl-8\"><\/div><\/div><\/div><\/div>\n\t<div  class=\"wpb_single_image wpb_content_element vc_align_center  vc_custom_1666516500392\">\n\t\t\n\t\t<figure class=\"wpb_wrapper vc_figure\">\n\t\t\t<div class=\"vc_single_image-wrapper   vc_box_border_grey\"><img loading=\"lazy\" decoding=\"async\" width=\"178\" height=\"284\" src=\"https:\/\/urbanyouthgardensplatform.eu\/wp-content\/uploads\/2022\/10\/3.png\" class=\"vc_single_image-img attachment-medium\" alt=\"Zebbug Local Council Malta\" title=\"Zebbug Local Council Malta\" srcset=\"https:\/\/urbanyouthgardensplatform.eu\/wp-content\/uploads\/2022\/10\/3.png 178w, https:\/\/urbanyouthgardensplatform.eu\/wp-content\/uploads\/2022\/10\/3-8x12.png 8w, https:\/\/urbanyouthgardensplatform.eu\/wp-content\/uploads\/2022\/10\/3-75x120.png 75w, https:\/\/urbanyouthgardensplatform.eu\/wp-content\/uploads\/2022\/10\/3-150x240.png 150w\" sizes=\"auto, (max-width: 178px) 100vw, 178px\" \/><\/div>\n\t\t<\/figure>\n\t<\/div>\n<\/div><\/div><\/div><div class=\"nt_clearfix\"><\/div><div class=\"agro-section-wrapper\"><div class=\"nt-column col-sm-12\"><div class=\"nt-shortcode-wrapper\">\n\t<div class=\"wpb_text_column wpb_content_element  vc_custom_1666516490468\" >\n\t\t<div class=\"wpb_wrapper\">\n\t\t\t<p class=\"translation-block\"><b>Description of this organization: <\/b><span style=\"font-weight: 400;\">The Zebbug local council is the council that make sure to detect the needs of the town of Zebbug and its people. It makes sure that it addresses all needs that arise so that the city is kept in a good state. <\/span><span style=\"font-weight: 400;\">\u017bebbu\u0121, also known by its title Citt\u00e0 Rohan, is a city in the Southern Region of Malta. It is one of the oldest towns in the country, and its population is 11,074 as of June 2021. It is one of the most densely populated places on the island.<\/span><\/p>\n<p><b>\u03a0\u03b5\u03c1\u03b9\u03b3\u03c1\u03b1\u03c6\u03ae \u03c4\u03bf\u03c5 \u03c4\u03b9 \u03ba\u03ac\u03bd\u03bf\u03c5\u03bd \u03c3\u03b5 \u03cc,\u03c4\u03b9 \u03b1\u03c6\u03bf\u03c1\u03ac \u03c4\u03b7\u03bd \u03b1\u03c3\u03c4\u03b9\u03ba\u03ae \u03ba\u03b7\u03c0\u03bf\u03c5\u03c1\u03b9\u03ba\u03ae: <\/b><span style=\"font-weight: 400;\">As this town is one of the most densely populated, the local council decided to create a community garden for the locals who would like to volunteer and learn some green skills while meeting up with other people. This adventure started in 2017 with a group of around 5 young people showing up for the first meet up.<\/span><\/p>\n<p class=\"translation-block\"><span style=\"font-weight: 400;\">Today the group is made up of around 40 people and they meet regularly sometimes daily especially in the summer months. What they have done is that they have manage to turn an<\/span><span style=\"font-weight: 400;\"> o<\/span><span style=\"font-weight: 400;\">ld abandoned garden in the town to a place where everyone can come and safely enjoy nature. The group is also growing and selling crops to the visitors that come to the garden.<\/span><\/p>\n<p><b><img loading=\"lazy\" decoding=\"async\" class=\"alignleft wp-image-1200 size-medium\" src=\"https:\/\/urbanyouthgardensplatform.eu\/wp-content\/uploads\/2022\/10\/4-300x270.jpg\" alt=\"Zebbug Local Council Malta\" width=\"300\" height=\"270\" srcset=\"https:\/\/urbanyouthgardensplatform.eu\/wp-content\/uploads\/2022\/10\/4-300x270.jpg 300w, https:\/\/urbanyouthgardensplatform.eu\/wp-content\/uploads\/2022\/10\/4-13x12.jpg 13w, https:\/\/urbanyouthgardensplatform.eu\/wp-content\/uploads\/2022\/10\/4-120x108.jpg 120w, https:\/\/urbanyouthgardensplatform.eu\/wp-content\/uploads\/2022\/10\/4-240x216.jpg 240w, https:\/\/urbanyouthgardensplatform.eu\/wp-content\/uploads\/2022\/10\/4-360x324.jpg 360w, https:\/\/urbanyouthgardensplatform.eu\/wp-content\/uploads\/2022\/10\/4-480x432.jpg 480w, https:\/\/urbanyouthgardensplatform.eu\/wp-content\/uploads\/2022\/10\/4.jpg 570w\" sizes=\"auto, (max-width: 300px) 100vw, 300px\" \/>\u0394\u03b9\u03b5\u03cd\u03b8\u03c5\u03bd\u03c3\u03b7 \u03bf\u03c1\u03b3\u03ac\u03bd\u03c9\u03c3\u03b7\u03c2: <\/b><span style=\"font-weight: 400;\">129 Triq L-Isqof Caruana, \u0126a\u017c-\u017bebbu\u0121<\/span><\/p>\n<p><b>\u03a4\u03b7\u03bb\u03ad\u03c6\u03c9\u03bd\u03bf \u0395\u03c0\u03b9\u03ba\u03bf\u03b9\u03bd\u03c9\u03bd\u03af\u03b1\u03c2 \u039f\u03c1\u03b3\u03b1\u03bd\u03b9\u03c3\u03bc\u03bf\u03cd: <\/b><span style=\"font-weight: 400;\">+356 2146 8181<\/span><\/p>\n<p><b>Email \u03c4\u03bf\u03c5 \u03bf\u03c1\u03b3\u03b1\u03bd\u03b9\u03c3\u03bc\u03bf\u03cd: <\/b><a href=\"mailto:zebbug.malta.lc@gov.mt\"><span style=\"font-weight: 400;\">zebbug.malta.lc@gov.mt<\/span><\/a><\/p>\n<p><b>\u0399\u03c3\u03c4\u03bf\u03c3\u03b5\u03bb\u03af\u03b4\u03b1 \u03c4\u03bf\u03c5 \u03bf\u03c1\u03b3\u03b1\u03bd\u03b9\u03c3\u03bc\u03bf\u03cd: <\/b><span style=\"font-weight: 400;\">N\/A<\/span><\/p>\n<p><strong>Facebook: <\/strong><a href=\"https:\/\/www.facebook.com\/KLZebbug\">https:\/\/www.facebook.com\/KLZebbug<\/a><\/p>\n<p><strong>Instagram:\u00a0<\/strong>N\/A<\/p>\n\n\t\t<\/div>\n\t<\/div>\n<\/div><\/div><\/div><div class=\"nt_clearfix\"><\/div><div class=\"agro-section-wrapper ptb-140 section section--dark-bg vc_custom_1549793979536 nt_section_15415042 nt-has-responsive-data\" data-res-css=\"@media (max-width: 992px) {.nt_section_15415042{ padding-bottom: 84px !important; }} @media (max-width: 768px) {.nt_section_15415042{ padding-bottom: 54px !important; }}\"><div class=\"container container-stretch\"><div class=\"row\"><div class=\"section-heading--white nt-column col-sm-12\"><div class=\"nt-shortcode-wrapper\"><div class=\"section-heading section-heading--center item_6a01cb1e460d4\" data-res-css=\"     \" data-aos=\"fade\"><h2 class=\"__title\">GET <span>IN TOUCH<\/span><\/h2><\/div>\n<div class=\"wpcf7 no-js\" id=\"wpcf7-f12-o1\" lang=\"en-US\" dir=\"ltr\" data-wpcf7-id=\"12\">\n<div class=\"screen-reader-response\"><p role=\"status\" aria-live=\"polite\" aria-atomic=\"true\"><\/p> <ul><\/ul><\/div>\n<form action=\"\/el\/wp-json\/wp\/v2\/pages\/1021#wpcf7-f12-o1\" method=\"post\" class=\"wpcf7-form init\" aria-label=\"Contact form\" novalidate=\"novalidate\" data-status=\"init\" data-trp-original-action=\"\/el\/wp-json\/wp\/v2\/pages\/1021#wpcf7-f12-o1\">\n<fieldset class=\"hidden-fields-container\"><input type=\"hidden\" name=\"_wpcf7\" value=\"12\" \/><input type=\"hidden\" name=\"_wpcf7_version\" value=\"6.1.5\" \/><input type=\"hidden\" name=\"_wpcf7_locale\" value=\"en_US\" \/><input type=\"hidden\" name=\"_wpcf7_unit_tag\" value=\"wpcf7-f12-o1\" \/><input type=\"hidden\" name=\"_wpcf7_container_post\" value=\"0\" \/><input type=\"hidden\" name=\"_wpcf7_posted_data_hash\" value=\"\" \/><input type=\"hidden\" name=\"_wpcf7_recaptcha_response\" value=\"\" \/>\n<\/fieldset>\n<div class=\"contact-form js-contact-form\" data-aos=\"fade\">\n\t<div class=\"row\">\n\t\t<div class=\"col-12 col-md-6\">\n\t\t\t<div class=\"input-wrp\">\n\t\t\t\t<p><span class=\"wpcf7-form-control-wrap\" data-name=\"text-787\"><input size=\"40\" maxlength=\"400\" class=\"wpcf7-form-control wpcf7-text wpcf7-validates-as-required textfield\" aria-required=\"true\" aria-invalid=\"false\" placeholder=\"Your Name\" value=\"\" type=\"text\" name=\"text-787\" \/><\/span>\n\t\t\t\t<\/p>\n\t\t\t<\/div>\n\t\t<\/div>\n\t\t<div class=\"col-12 col-md-6\">\n\t\t\t<div class=\"input-wrp\">\n\t\t\t\t<p><span class=\"wpcf7-form-control-wrap\" data-name=\"text-788\"><input size=\"40\" maxlength=\"400\" class=\"wpcf7-form-control wpcf7-text wpcf7-validates-as-required textfield\" aria-required=\"true\" aria-invalid=\"false\" placeholder=\"Your E-mail\" value=\"\" type=\"text\" name=\"text-788\" \/><\/span>\n\t\t\t\t<\/p>\n\t\t\t<\/div>\n\t\t<\/div>\n\t<\/div>\n\t<div class=\"input-wrp\">\n\t\t<p><span class=\"wpcf7-form-control-wrap\" data-name=\"textarea-212\"><textarea cols=\"10\" rows=\"2\" maxlength=\"2000\" class=\"wpcf7-form-control wpcf7-textarea wpcf7-validates-as-required textfield\" aria-required=\"true\" aria-invalid=\"false\" placeholder=\"Your Message\" name=\"textarea-212\"><\/textarea><\/span>\n\t\t<\/p>\n\t<\/div>\n\t<div class=\"input-wrp\">\n\t\t<p><span class=\"wpcf7-form-control-wrap\" data-name=\"acceptance-855\"><span class=\"wpcf7-form-control wpcf7-acceptance\"><span class=\"wpcf7-list-item\"><label><input type=\"checkbox\" name=\"acceptance-855\" value=\"1\" aria-invalid=\"false\" \/><span class=\"wpcf7-list-item-label\">\u0391\u03c0\u03bf\u03b4\u03ad\u03c7\u03bf\u03bc\u03b1\u03b9 \u03c4\u03bf\u03c5\u03c2 <a href=\"\/el\/privacy-policy\/\">\u03c4\u03bf\u03c5\u03c2 \u038c\u03c1\u03bf\u03c5\u03c2 \u03a0\u03bf\u03bb\u03b9\u03c4\u03b9\u03ba\u03ae\u03c2<\/a><\/span><\/label><\/span><\/span><\/span>\n\t\t<\/p>\n\t<\/div>\n\t<p><input class=\"wpcf7-form-control wpcf7-submit has-spinner custom-btn custom-btn--medium custom-btn--style-3 wide\" type=\"submit\" value=\"Send\" \/>\n\t<\/p>\n<\/div><div class=\"wpcf7-response-output\" aria-hidden=\"true\"><\/div>\n<input type=\"hidden\" name=\"trp-form-language\" value=\"el\"\/><\/form>\n<\/div>\n<\/div><\/div><\/div><\/div><\/div><div class=\"nt_clearfix\"><\/div>","protected":false},"excerpt":{"rendered":"Organization Zebbug Local Council Malta Description of this organization: The Zebbug local council is the council that make sure to detect the needs of the town of Zebbug and its people. It makes sure that it addresses all needs that arise so that the city is kept in a good state. \u017bebbu\u0121, also known by...","protected":false},"author":1,"featured_media":0,"parent":0,"menu_order":0,"comment_status":"closed","ping_status":"closed","template":"custom-page.php","meta":{"_monsterinsights_skip_tracking":false,"_monsterinsights_sitenote_active":false,"_monsterinsights_sitenote_note":"","_monsterinsights_sitenote_category":0,"footnotes":""},"class_list":["post-1021","page","type-page","status-publish","hentry"," nt-post-class"],"_links":{"self":[{"href":"https:\/\/urbanyouthgardensplatform.eu\/el\/wp-json\/wp\/v2\/pages\/1021","targetHints":{"allow":["GET"]}}],"collection":[{"href":"https:\/\/urbanyouthgardensplatform.eu\/el\/wp-json\/wp\/v2\/pages"}],"about":[{"href":"https:\/\/urbanyouthgardensplatform.eu\/el\/wp-json\/wp\/v2\/types\/page"}],"author":[{"embeddable":true,"href":"https:\/\/urbanyouthgardensplatform.eu\/el\/wp-json\/wp\/v2\/users\/1"}],"replies":[{"embeddable":true,"href":"https:\/\/urbanyouthgardensplatform.eu\/el\/wp-json\/wp\/v2\/comments?post=1021"}],"version-history":[{"count":4,"href":"https:\/\/urbanyouthgardensplatform.eu\/el\/wp-json\/wp\/v2\/pages\/1021\/revisions"}],"predecessor-version":[{"id":1346,"href":"https:\/\/urbanyouthgardensplatform.eu\/el\/wp-json\/wp\/v2\/pages\/1021\/revisions\/1346"}],"wp:attachment":[{"href":"https:\/\/urbanyouthgardensplatform.eu\/el\/wp-json\/wp\/v2\/media?parent=1021"}],"curies":[{"name":"wp","href":"https:\/\/api.w.org\/{rel}","templated":true}]}}