{"id":1012,"date":"2022-10-16T17:27:13","date_gmt":"2022-10-16T17:27:13","guid":{"rendered":"https:\/\/urbanyouthgardensplatform.eu\/?page_id=1012"},"modified":"2022-10-22T16:24:17","modified_gmt":"2022-10-22T16:24:17","slug":"about-us","status":"publish","type":"page","link":"https:\/\/urbanyouthgardensplatform.eu\/it\/about-us\/","title":{"rendered":"Chi siamo"},"content":{"rendered":"<div class=\"agro-section-wrapper\"><div class=\"nt-column\"><div class=\"nt-shortcode-wrapper\"><div id=\"hero\" class=\"nt-shortcode-hero jarallax section_6a02022d7147b vc_custom_1664555721810\" data-speed=\"0.7\" data-img-position=\"50% 80%\" data-res-css=\"          \"><div class=\"container\"><div class=\"row\"><div class=\"col-12 col-lg-7\"><h1 class=\"__title\"><span>Sul<\/span> Progetto<\/h1><\/div><\/div><\/div><\/div><\/div><\/div><\/div><div class=\"nt_clearfix\"><\/div><div class=\"agro-section-wrapper\"><div class=\"nt-column\"><div class=\"nt-shortcode-wrapper\"><div class=\"section section--no-pb about--1 md-hide-bg item_6a02022d7162e vc_custom_1664555740752\" data-res-css=\"              \"><div class=\"container\"><div class=\"section-heading\"><h2 class=\"__title\">Chi <span>siamo<\/span><\/h2><\/div><div class=\"row\"><div class=\"col-12 col-lg-6 col-xl-8\"><\/div><\/div><\/div><\/div><\/div><\/div><\/div><div class=\"nt_clearfix\"><\/div><div class=\"agro-section-wrapper\"><div class=\"nt-column col-sm-12\"><div class=\"nt-shortcode-wrapper\">\n\t<div class=\"wpb_text_column wpb_content_element  vc_custom_1664556051501\" >\n\t\t<div class=\"wpb_wrapper\">\n\t\t\t<p>Oggigiorno molti giovani si sentono distanti dalla natura a causa dello stile di vita frenetico dei centri urbani, dove spesso non ci sono abbastanza spazi verdi. L\u2019allontanamento dalla natura, specialmente durante la quarantena del COVID-19, ha causato alle persone diversi problemi fisici e mentali, dai quali potrebbero guarire solo con una riconnessione con la natura (Baral, 2020). Di conseguenza, i giovani sembrano non aver sviluppato il senso della cultura ambientale, che comprende l\u2019acquisizione di un atteggiamento coscienzioso verso la natura, la mentalit\u00e0 di comprendere e apprezzare l\u2019arte e la ricchezza dell\u2019ambiente, la capacit\u00e0 di organizzare azioni competenti dal punto di vista ambientale, di adottare uno stile di vita attivo ed esprimere intolleranza nei confronti di manifestazioni che agiscono contro la natura (Ernazarov, 2019).<\/p>\n<p>La necessit\u00e0 per i giovani di riconnettersi con la natura \u00e8 cruciale. Molte volte le organizzazioni giovanili hanno organizzato sessioni di trekking e altre sessioni all\u2019aperto durante le quali i giovani erano stupiti dai paesaggi, proprio a causa della mancanza di connessione con la natura. Un\u2019altra necessit\u00e0 \u00e8 promuovere la consapevolezza dei giovani sull\u2019origine del cibo e sul processo che vi \u00e8 alla base. Se i giovani fossero pi\u00f9 consapevoli di ci\u00f2 che occorre per crescere, coltivare, processare e distribuire un singolo ortaggio, eviterebbero di sviluppare comportamenti di spreco alimentare.<\/p>\n<p>Oggi le citt\u00e0 non offrono abbastanza spazi verdi per i cittadini, mentre quelli gi\u00e0 presenti non sono usati al massimo del loro potenziale e non sono curati a dovere. Un report ha dimostrato che gli spazi verdi urbani sono considerati fattori di miglioramento della qualit\u00e0 della vita dei cittadini (Millennium Ecosystem Assessment, 2005). Se i giovani avessero la possibilit\u00e0 di partecipare attivamente a questi spazi verdi urbani, i benefici per loro e per la citt\u00e0 sarebbero di estrema importanza. La creazione di spazi di aggregazione comuni per i giovani li aiuterebbe anche a sviluppare legami sociali tra loro.<\/p>\n<p>Queste premesse hanno dato vita all\u2019idea del progetto Urban Youth Gardens, che mira a riconnettere i giovani con la natura e, allo stesso tempo, a riqualificare gli spazi verdi delle citt\u00e0 insegnando ai giovani come usare gli spazi pubblici e trasformarli in giardini urbani.<\/p>\n<p>Gli obiettivi del progetto sono i seguenti:<\/p>\n<p>- Aumentare il senso di cittadinanza responsabile e attiva nei giovani e sottolineare l\u2019importanza degli spazi verdi urbani per il giardinaggio.<br \/>\n- Aiutare i giovani a riflettere sulla prevenzione dello spreco alimentare e creare una mentalit\u00e0 ecologica.<br \/>\n- Fornire a giovani e giovani lavoratori un\u2019esperienza pratica che possa giovare non solo a loro, ma anche alla loro organizzazione, sviluppando insieme dei progetti agricoli.<br \/>\n- Creare spazi comuni nelle infrastrutture urbane dove i cittadini possano rilassarsi e godersi la natura.<br \/>\n- Creare spazi pubblici comunali che prosperino con gli spazi verdi che saranno curati frequentemente dalla comunit\u00e0 stessa.<\/p>\n<p>Ci auguriamo che il materiale contenuto in questo sito sia utile e che lo utilizziate con gli studenti o i giovani con cui lavorate. In caso di difficolt\u00e0, non esitate a contattarci.<\/p>\n<p><strong>Erasmus+<\/p>\n<p><\/strong>Erasmus+ mira a rafforzare le competenze e l\u2019occupabilit\u00e0 e a modernizzare l\u2019istruzione, la formazione e il lavoro giovanile.<\/p>\n<p>L\u2019istruzione, la formazione e l\u2019apprendimento non formale dei giovani sono essenziali per creare posti di lavoro e migliorare la competitivit\u00e0 europea. Negli ultimi sette anni, Erasmus+ ha stanziato 14.7 miliardi di euro per potenziare l\u2019istruzione, la formazione, i giovani e lo sport in Europa, consentendo a pi\u00f9 di 4 milioni di giovani di acquisire esperienze e competenze studiando, formandosi o facendo volontariato all\u2019estero. Inoltre, il programma ha sostenuto pi\u00f9 di 125.000 istituzioni e organizzazioni a collaborare con colleghi di altri paesi per innovare e modernizzare le pratiche didattiche e il lavoro giovanile. Insieme hanno contribuito a garantire che giovani e adulti abbiano le competenze necessarie per avere successo nel mondo di oggi.<\/p>\n<p>Gli obiettivi generali di Erasmus+ contribuiscono al raggiungimento di:<\/p>\n<p>- Obiettivi della Strategia Europa 2020, compreso l\u2019obiettivo principale in materia di istruzione;<br \/>\n- Obiettivi del quadro strategico per la cooperazione europea nel settore dell\u2019istruzione e nella formazione (ET 2020), compresi i corrispondenti parametri di riferimento;<br \/>\n- Sviluppo sostenibile dei paesi partner nel settore dell\u2019istruzione superiore;<br \/>\n- Obiettivi generali del quadro rinnovato per la cooperazione europea nel settore della giovent\u00f9 (2010-2018);<br \/>\n- Obiettivi di sviluppare la dimensione europea nello sport, in particolare nello sport di base, in linea con il piano di lavoro europeo per lo sport;<br \/>\n- Promozione dei valori europei in conformit\u00e0 con l\u2019articolo 2 del Trattato sull\u2019Unione Europea.<\/p>\n<p><strong>Questo progetto \u00e8 stato finanziato dal ciclo Erasmus+ 2021-2027.<\/strong><\/p>\n\n\t\t<\/div>\n\t<\/div>\n<\/div><\/div><\/div><div class=\"nt_clearfix\"><\/div><div class=\"agro-section-wrapper ptb-140 section section--dark-bg vc_custom_1549793979536 nt_section_15418461 nt-has-responsive-data\" data-res-css=\"@media (max-width: 992px) {.nt_section_15418461{ padding-bottom: 84px !important; }} @media (max-width: 768px) {.nt_section_15418461{ padding-bottom: 54px !important; }}\"><div class=\"container container-stretch\"><div class=\"row\"><div class=\"section-heading--white nt-column col-sm-12\"><div class=\"nt-shortcode-wrapper\"><div class=\"section-heading section-heading--center item_6a02022d71bc6\" data-res-css=\"     \" data-aos=\"fade\"><h2 class=\"__title\">GET <span>IN TOUCH<\/span><\/h2><\/div>\n<div class=\"wpcf7 no-js\" id=\"wpcf7-f12-o1\" lang=\"en-US\" dir=\"ltr\" data-wpcf7-id=\"12\">\n<div class=\"screen-reader-response\"><p role=\"status\" aria-live=\"polite\" aria-atomic=\"true\"><\/p> <ul><\/ul><\/div>\n<form action=\"\/it\/wp-json\/wp\/v2\/pages\/1012#wpcf7-f12-o1\" method=\"post\" class=\"wpcf7-form init\" aria-label=\"Contact form\" novalidate=\"novalidate\" data-status=\"init\" data-trp-original-action=\"\/it\/wp-json\/wp\/v2\/pages\/1012#wpcf7-f12-o1\">\n<fieldset class=\"hidden-fields-container\"><input type=\"hidden\" name=\"_wpcf7\" value=\"12\" \/><input type=\"hidden\" name=\"_wpcf7_version\" value=\"6.1.5\" \/><input type=\"hidden\" name=\"_wpcf7_locale\" value=\"en_US\" \/><input type=\"hidden\" name=\"_wpcf7_unit_tag\" value=\"wpcf7-f12-o1\" \/><input type=\"hidden\" name=\"_wpcf7_container_post\" value=\"0\" \/><input type=\"hidden\" name=\"_wpcf7_posted_data_hash\" value=\"\" \/><input type=\"hidden\" name=\"_wpcf7_recaptcha_response\" value=\"\" \/>\n<\/fieldset>\n<div class=\"contact-form js-contact-form\" data-aos=\"fade\">\n\t<div class=\"row\">\n\t\t<div class=\"col-12 col-md-6\">\n\t\t\t<div class=\"input-wrp\">\n\t\t\t\t<p><span class=\"wpcf7-form-control-wrap\" data-name=\"text-787\"><input size=\"40\" maxlength=\"400\" class=\"wpcf7-form-control wpcf7-text wpcf7-validates-as-required textfield\" aria-required=\"true\" aria-invalid=\"false\" placeholder=\"Your Name\" value=\"\" type=\"text\" name=\"text-787\" \/><\/span>\n\t\t\t\t<\/p>\n\t\t\t<\/div>\n\t\t<\/div>\n\t\t<div class=\"col-12 col-md-6\">\n\t\t\t<div class=\"input-wrp\">\n\t\t\t\t<p><span class=\"wpcf7-form-control-wrap\" data-name=\"text-788\"><input size=\"40\" maxlength=\"400\" class=\"wpcf7-form-control wpcf7-text wpcf7-validates-as-required textfield\" aria-required=\"true\" aria-invalid=\"false\" placeholder=\"Your E-mail\" value=\"\" type=\"text\" name=\"text-788\" \/><\/span>\n\t\t\t\t<\/p>\n\t\t\t<\/div>\n\t\t<\/div>\n\t<\/div>\n\t<div class=\"input-wrp\">\n\t\t<p><span class=\"wpcf7-form-control-wrap\" data-name=\"textarea-212\"><textarea cols=\"10\" rows=\"2\" maxlength=\"2000\" class=\"wpcf7-form-control wpcf7-textarea wpcf7-validates-as-required textfield\" aria-required=\"true\" aria-invalid=\"false\" placeholder=\"Your Message\" name=\"textarea-212\"><\/textarea><\/span>\n\t\t<\/p>\n\t<\/div>\n\t<div class=\"input-wrp\">\n\t\t<p><span class=\"wpcf7-form-control-wrap\" data-name=\"acceptance-855\"><span class=\"wpcf7-form-control wpcf7-acceptance\"><span class=\"wpcf7-list-item\"><label><input type=\"checkbox\" name=\"acceptance-855\" value=\"1\" aria-invalid=\"false\" \/><span class=\"wpcf7-list-item-label\">Accept our <a href=\"\/it\/privacy-policy\/\">Privacy Policy<\/a><\/span><\/label><\/span><\/span><\/span>\n\t\t<\/p>\n\t<\/div>\n\t<p><input class=\"wpcf7-form-control wpcf7-submit has-spinner custom-btn custom-btn--medium custom-btn--style-3 wide\" type=\"submit\" value=\"Send\" \/>\n\t<\/p>\n<\/div><div class=\"wpcf7-response-output\" aria-hidden=\"true\"><\/div>\n<input type=\"hidden\" name=\"trp-form-language\" value=\"it\"\/><\/form>\n<\/div>\n<\/div><\/div><\/div><\/div><\/div><div class=\"nt_clearfix\"><\/div>","protected":false},"excerpt":{"rendered":"ABOUT THE PROJECTAbout Us Many young people today feel that are distant from nature due to the rushing lifestyle ofurban centres, where sufficient green spots often lack. Distancing from nature, especially during the COVID 19 quarantine, has caused people to suffer from various physical and mental problems, from which they might possibly recover only through...","protected":false},"author":1,"featured_media":0,"parent":0,"menu_order":0,"comment_status":"closed","ping_status":"closed","template":"custom-page.php","meta":{"_monsterinsights_skip_tracking":false,"_monsterinsights_sitenote_active":false,"_monsterinsights_sitenote_note":"","_monsterinsights_sitenote_category":0,"footnotes":""},"class_list":["post-1012","page","type-page","status-publish","hentry"," nt-post-class"],"_links":{"self":[{"href":"https:\/\/urbanyouthgardensplatform.eu\/it\/wp-json\/wp\/v2\/pages\/1012","targetHints":{"allow":["GET"]}}],"collection":[{"href":"https:\/\/urbanyouthgardensplatform.eu\/it\/wp-json\/wp\/v2\/pages"}],"about":[{"href":"https:\/\/urbanyouthgardensplatform.eu\/it\/wp-json\/wp\/v2\/types\/page"}],"author":[{"embeddable":true,"href":"https:\/\/urbanyouthgardensplatform.eu\/it\/wp-json\/wp\/v2\/users\/1"}],"replies":[{"embeddable":true,"href":"https:\/\/urbanyouthgardensplatform.eu\/it\/wp-json\/wp\/v2\/comments?post=1012"}],"version-history":[{"count":2,"href":"https:\/\/urbanyouthgardensplatform.eu\/it\/wp-json\/wp\/v2\/pages\/1012\/revisions"}],"predecessor-version":[{"id":1173,"href":"https:\/\/urbanyouthgardensplatform.eu\/it\/wp-json\/wp\/v2\/pages\/1012\/revisions\/1173"}],"wp:attachment":[{"href":"https:\/\/urbanyouthgardensplatform.eu\/it\/wp-json\/wp\/v2\/media?parent=1012"}],"curies":[{"name":"wp","href":"https:\/\/api.w.org\/{rel}","templated":true}]}}