{"id":1046,"date":"2022-10-17T20:44:15","date_gmt":"2022-10-17T20:44:15","guid":{"rendered":"https:\/\/urbanyouthgardensplatform.eu\/?page_id=1046"},"modified":"2023-05-16T18:01:02","modified_gmt":"2023-05-16T18:01:02","slug":"biomemunch-malta","status":"publish","type":"page","link":"https:\/\/urbanyouthgardensplatform.eu\/it\/biomemunch-malta\/","title":{"rendered":"Biome Munch &#8211; Malta"},"content":{"rendered":"<div class=\"agro-section-wrapper\"><div class=\"nt-column\"><div class=\"nt-shortcode-wrapper\"><div id=\"hero\" class=\"nt-shortcode-hero jarallax section_6a01c9cd3c397 vc_custom_1665941475774\" data-speed=\"0.7\" data-img-position=\"50% 80%\" data-res-css=\"          \"><div class=\"container\"><div class=\"row\"><div class=\"col-12 col-lg-7\"><h1 class=\"__title\"><span>Organization<\/span> <\/h1><\/div><\/div><\/div><\/div><\/div><\/div><\/div><div class=\"nt_clearfix\"><\/div><div class=\"agro-section-wrapper\"><div class=\"nt-column\"><div class=\"nt-shortcode-wrapper\"><div class=\"section section--no-pb about--1 md-hide-bg item_6a01c9cd3c568 vc_custom_1666039504269\" data-res-css=\"              \"><div class=\"container\"><div class=\"section-heading\"><h2 class=\"__title\">Biome Munch Malta <span><\/span><\/h2><\/div><div class=\"row\"><div class=\"col-12 col-lg-6 col-xl-8\"><\/div><\/div><\/div><\/div>\n\t<div  class=\"wpb_single_image wpb_content_element vc_align_center  vc_custom_1666516000948\">\n\t\t\n\t\t<figure class=\"wpb_wrapper vc_figure\">\n\t\t\t<div class=\"vc_single_image-wrapper   vc_box_border_grey\"><img loading=\"lazy\" decoding=\"async\" width=\"225\" height=\"225\" src=\"https:\/\/urbanyouthgardensplatform.eu\/wp-content\/uploads\/2022\/10\/13.png\" class=\"vc_single_image-img attachment-medium\" alt=\"Biome Munch\" title=\"Biome Munch\" srcset=\"https:\/\/urbanyouthgardensplatform.eu\/wp-content\/uploads\/2022\/10\/13.png 225w, https:\/\/urbanyouthgardensplatform.eu\/wp-content\/uploads\/2022\/10\/13-150x150.png 150w, https:\/\/urbanyouthgardensplatform.eu\/wp-content\/uploads\/2022\/10\/13-12x12.png 12w, https:\/\/urbanyouthgardensplatform.eu\/wp-content\/uploads\/2022\/10\/13-120x120.png 120w\" sizes=\"auto, (max-width: 225px) 100vw, 225px\" \/><\/div>\n\t\t<\/figure>\n\t<\/div>\n<\/div><\/div><\/div><div class=\"nt_clearfix\"><\/div><div class=\"agro-section-wrapper\"><div class=\"nt-column col-sm-12\"><div class=\"nt-shortcode-wrapper\">\n\t<div class=\"wpb_text_column wpb_content_element  vc_custom_1666516042997\" >\n\t\t<div class=\"wpb_wrapper\">\n\t\t\t<p><b>Descrizione dell\u2019organizzazione: <\/b><span style=\"font-weight: 400;\">Biome Munch \u00e8 un'azienda agricola biologica locale gestita da giovani. La coppia ha iniziato il suo percorso nel settore agricolo nel 2015 e da l\u00ec \u00e8 riuscita ad acquisire molte conoscenze ed esperienze in materia di agricoltura. Ora stanno sperimentando la possibilit\u00e0 di coltivare il cibo non solo nei campi, ma anche in citt\u00e0.\u00a0\u00a0<\/span><\/p>\n<p><b>Descrizione di come l\u2019organizzazione agisce in merito al giardinaggio urbano: <\/b><span style=\"font-weight: 400;\">Le persone che stanno dietro a Biome Much hanno iniziato a sperimentare la coltivazione di alcune colture in vasi e contenitori che possono essere facilmente reperiti in casa e che possono essere facilmente collocati su tetti o balconi. L'anno scorso hanno iniziato a condividere con i cittadini le informazioni e le esperienze acquisite, insegnando loro come pensano di poter coltivare le proprie piante urbanisticamente.<\/span><\/p>\n<p><b><img loading=\"lazy\" decoding=\"async\" class=\"alignleft wp-image-1208 size-medium\" src=\"https:\/\/urbanyouthgardensplatform.eu\/wp-content\/uploads\/2022\/10\/14-300x195.webp\" alt=\"Biome Munch\" width=\"300\" height=\"195\" srcset=\"https:\/\/urbanyouthgardensplatform.eu\/wp-content\/uploads\/2022\/10\/14-300x195.webp 300w, https:\/\/urbanyouthgardensplatform.eu\/wp-content\/uploads\/2022\/10\/14-18x12.webp 18w, https:\/\/urbanyouthgardensplatform.eu\/wp-content\/uploads\/2022\/10\/14-120x78.webp 120w, https:\/\/urbanyouthgardensplatform.eu\/wp-content\/uploads\/2022\/10\/14-240x156.webp 240w, https:\/\/urbanyouthgardensplatform.eu\/wp-content\/uploads\/2022\/10\/14-360x234.webp 360w, https:\/\/urbanyouthgardensplatform.eu\/wp-content\/uploads\/2022\/10\/14-480x312.webp 480w, https:\/\/urbanyouthgardensplatform.eu\/wp-content\/uploads\/2022\/10\/14.webp 750w\" sizes=\"auto, (max-width: 300px) 100vw, 300px\" \/>Indirizzo dell\u2019organizzazione: <span style=\"font-weight: 400;\">Biome Munch 1e ta lippin garage Burmarrad Road<\/span><\/b><\/p>\n<p><b>Contatto telefonico dell\u2019organizzazione: <span style=\"font-weight: 400;\">+356 99631132<\/span><\/b><\/p>\n<p><b>Email dell\u2019organizzazione: <a href=\"mailto:info@biome-munch.com\"><span style=\"font-weight: 400;\">info@biome-munch.com<\/span><\/a><\/b><\/p>\n<p><b>Sito web dell\u2019organizzazione: <\/b><a href=\"http:\/\/www.biome-munch.com\/\">http:\/\/www.biome-munch.com\/<\/a><\/p>\n<p><strong>Facebook: <\/strong><a href=\"https:\/\/www.facebook.com\/Biome.Munch\">https:\/\/www.facebook.com\/Biome.Munch<\/a><\/p>\n<p><strong>Instagram: <\/strong><a href=\"https:\/\/www.instagram.com\/biome.munch\">https:\/\/www.instagram.com\/biome.munch<\/a><\/p>\n\n\t\t<\/div>\n\t<\/div>\n<\/div><\/div><\/div><div class=\"nt_clearfix\"><\/div><div class=\"agro-section-wrapper ptb-140 section section--dark-bg vc_custom_1549793979536 nt_section_15419553 nt-has-responsive-data\" data-res-css=\"@media (max-width: 992px) {.nt_section_15419553{ padding-bottom: 84px !important; }} @media (max-width: 768px) {.nt_section_15419553{ padding-bottom: 54px !important; }}\"><div class=\"container container-stretch\"><div class=\"row\"><div class=\"section-heading--white nt-column col-sm-12\"><div class=\"nt-shortcode-wrapper\"><div class=\"section-heading section-heading--center item_6a01c9cd3cfc1\" data-res-css=\"     \" data-aos=\"fade\"><h2 class=\"__title\">GET <span>IN TOUCH<\/span><\/h2><\/div>\n<div class=\"wpcf7 no-js\" id=\"wpcf7-f12-o1\" lang=\"en-US\" dir=\"ltr\" data-wpcf7-id=\"12\">\n<div class=\"screen-reader-response\"><p role=\"status\" aria-live=\"polite\" aria-atomic=\"true\"><\/p> <ul><\/ul><\/div>\n<form action=\"\/it\/wp-json\/wp\/v2\/pages\/1046#wpcf7-f12-o1\" method=\"post\" class=\"wpcf7-form init\" aria-label=\"Contact form\" novalidate=\"novalidate\" data-status=\"init\" data-trp-original-action=\"\/it\/wp-json\/wp\/v2\/pages\/1046#wpcf7-f12-o1\">\n<fieldset class=\"hidden-fields-container\"><input type=\"hidden\" name=\"_wpcf7\" value=\"12\" \/><input type=\"hidden\" name=\"_wpcf7_version\" value=\"6.1.5\" \/><input type=\"hidden\" name=\"_wpcf7_locale\" value=\"en_US\" \/><input type=\"hidden\" name=\"_wpcf7_unit_tag\" value=\"wpcf7-f12-o1\" \/><input type=\"hidden\" name=\"_wpcf7_container_post\" value=\"0\" \/><input type=\"hidden\" name=\"_wpcf7_posted_data_hash\" value=\"\" \/><input type=\"hidden\" name=\"_wpcf7_recaptcha_response\" value=\"\" \/>\n<\/fieldset>\n<div class=\"contact-form js-contact-form\" data-aos=\"fade\">\n\t<div class=\"row\">\n\t\t<div class=\"col-12 col-md-6\">\n\t\t\t<div class=\"input-wrp\">\n\t\t\t\t<p><span class=\"wpcf7-form-control-wrap\" data-name=\"text-787\"><input size=\"40\" maxlength=\"400\" class=\"wpcf7-form-control wpcf7-text wpcf7-validates-as-required textfield\" aria-required=\"true\" aria-invalid=\"false\" placeholder=\"Your Name\" value=\"\" type=\"text\" name=\"text-787\" \/><\/span>\n\t\t\t\t<\/p>\n\t\t\t<\/div>\n\t\t<\/div>\n\t\t<div class=\"col-12 col-md-6\">\n\t\t\t<div class=\"input-wrp\">\n\t\t\t\t<p><span class=\"wpcf7-form-control-wrap\" data-name=\"text-788\"><input size=\"40\" maxlength=\"400\" class=\"wpcf7-form-control wpcf7-text wpcf7-validates-as-required textfield\" aria-required=\"true\" aria-invalid=\"false\" placeholder=\"Your E-mail\" value=\"\" type=\"text\" name=\"text-788\" \/><\/span>\n\t\t\t\t<\/p>\n\t\t\t<\/div>\n\t\t<\/div>\n\t<\/div>\n\t<div class=\"input-wrp\">\n\t\t<p><span class=\"wpcf7-form-control-wrap\" data-name=\"textarea-212\"><textarea cols=\"10\" rows=\"2\" maxlength=\"2000\" class=\"wpcf7-form-control wpcf7-textarea wpcf7-validates-as-required textfield\" aria-required=\"true\" aria-invalid=\"false\" placeholder=\"Your Message\" name=\"textarea-212\"><\/textarea><\/span>\n\t\t<\/p>\n\t<\/div>\n\t<div class=\"input-wrp\">\n\t\t<p><span class=\"wpcf7-form-control-wrap\" data-name=\"acceptance-855\"><span class=\"wpcf7-form-control wpcf7-acceptance\"><span class=\"wpcf7-list-item\"><label><input type=\"checkbox\" name=\"acceptance-855\" value=\"1\" aria-invalid=\"false\" \/><span class=\"wpcf7-list-item-label\">Accept our <a href=\"\/it\/privacy-policy\/\">Privacy Policy<\/a><\/span><\/label><\/span><\/span><\/span>\n\t\t<\/p>\n\t<\/div>\n\t<p><input class=\"wpcf7-form-control wpcf7-submit has-spinner custom-btn custom-btn--medium custom-btn--style-3 wide\" type=\"submit\" value=\"Send\" \/>\n\t<\/p>\n<\/div><div class=\"wpcf7-response-output\" aria-hidden=\"true\"><\/div>\n<input type=\"hidden\" name=\"trp-form-language\" value=\"it\"\/><\/form>\n<\/div>\n<\/div><\/div><\/div><\/div><\/div><div class=\"nt_clearfix\"><\/div>","protected":false},"excerpt":{"rendered":"Organization Biome Munch Malta Description of this organization: Biome Munch is a local organic farm run by young people. The couple started their journey in the farming industry in 2015 and from there they have managed to gain a lot of knowledge and experience when it comes to farming. What they are doing now is...","protected":false},"author":1,"featured_media":0,"parent":0,"menu_order":0,"comment_status":"closed","ping_status":"closed","template":"custom-page.php","meta":{"_monsterinsights_skip_tracking":false,"_monsterinsights_sitenote_active":false,"_monsterinsights_sitenote_note":"","_monsterinsights_sitenote_category":0,"footnotes":""},"class_list":["post-1046","page","type-page","status-publish","hentry"," nt-post-class"],"_links":{"self":[{"href":"https:\/\/urbanyouthgardensplatform.eu\/it\/wp-json\/wp\/v2\/pages\/1046","targetHints":{"allow":["GET"]}}],"collection":[{"href":"https:\/\/urbanyouthgardensplatform.eu\/it\/wp-json\/wp\/v2\/pages"}],"about":[{"href":"https:\/\/urbanyouthgardensplatform.eu\/it\/wp-json\/wp\/v2\/types\/page"}],"author":[{"embeddable":true,"href":"https:\/\/urbanyouthgardensplatform.eu\/it\/wp-json\/wp\/v2\/users\/1"}],"replies":[{"embeddable":true,"href":"https:\/\/urbanyouthgardensplatform.eu\/it\/wp-json\/wp\/v2\/comments?post=1046"}],"version-history":[{"count":4,"href":"https:\/\/urbanyouthgardensplatform.eu\/it\/wp-json\/wp\/v2\/pages\/1046\/revisions"}],"predecessor-version":[{"id":1335,"href":"https:\/\/urbanyouthgardensplatform.eu\/it\/wp-json\/wp\/v2\/pages\/1046\/revisions\/1335"}],"wp:attachment":[{"href":"https:\/\/urbanyouthgardensplatform.eu\/it\/wp-json\/wp\/v2\/media?parent=1046"}],"curies":[{"name":"wp","href":"https:\/\/api.w.org\/{rel}","templated":true}]}}