{"id":1054,"date":"2022-10-18T21:15:13","date_gmt":"2022-10-18T21:15:13","guid":{"rendered":"https:\/\/urbanyouthgardensplatform.eu\/?page_id=1054"},"modified":"2023-05-16T18:03:45","modified_gmt":"2023-05-16T18:03:45","slug":"istitutoassisi-italy","status":"publish","type":"page","link":"https:\/\/urbanyouthgardensplatform.eu\/it\/istitutoassisi-italy\/","title":{"rendered":"Orto Giardino of the Istituto Alberghiero di Assisi &#8211; Italy"},"content":{"rendered":"<div class=\"agro-section-wrapper\"><div class=\"nt-column\"><div class=\"nt-shortcode-wrapper\"><div id=\"hero\" class=\"nt-shortcode-hero jarallax section_6a01cacc480a6 vc_custom_1665941475774\" data-speed=\"0.7\" data-img-position=\"50% 80%\" data-res-css=\"          \"><div class=\"container\"><div class=\"row\"><div class=\"col-12 col-lg-7\"><h1 class=\"__title\"><span>Organization<\/span> <\/h1><\/div><\/div><\/div><\/div><\/div><\/div><\/div><div class=\"nt_clearfix\"><\/div><div class=\"agro-section-wrapper\"><div class=\"nt-column\"><div class=\"nt-shortcode-wrapper\"><div class=\"section section--no-pb about--1 md-hide-bg item_6a01cacc48225 vc_custom_1666128290046\" data-res-css=\"              \"><div class=\"container\"><div class=\"section-heading\"><h2 class=\"__title\">Orto Giardino of the Istituto Alberghiero di Assisi ITALY <span><\/span><\/h2><\/div><div class=\"row\"><div class=\"col-12 col-lg-6 col-xl-8\"><\/div><\/div><\/div><\/div>\n\t<div  class=\"wpb_single_image wpb_content_element vc_align_center  vc_custom_1666463393144\">\n\t\t\n\t\t<figure class=\"wpb_wrapper vc_figure\">\n\t\t\t<div class=\"vc_single_image-wrapper   vc_box_border_grey\"><img loading=\"lazy\" decoding=\"async\" width=\"239\" height=\"158\" src=\"https:\/\/urbanyouthgardensplatform.eu\/wp-content\/uploads\/2022\/10\/16.jpg\" class=\"vc_single_image-img attachment-medium\" alt=\"Orto Giardino of the Istituto Alberghiero di Assisi\" title=\"Orto Giardino dell\u2019Istituto Alberghiero di Assisi\" srcset=\"https:\/\/urbanyouthgardensplatform.eu\/wp-content\/uploads\/2022\/10\/16.jpg 239w, https:\/\/urbanyouthgardensplatform.eu\/wp-content\/uploads\/2022\/10\/16-18x12.jpg 18w, https:\/\/urbanyouthgardensplatform.eu\/wp-content\/uploads\/2022\/10\/16-120x79.jpg 120w\" sizes=\"auto, (max-width: 239px) 100vw, 239px\" \/><\/div>\n\t\t<\/figure>\n\t<\/div>\n<\/div><\/div><\/div><div class=\"nt_clearfix\"><\/div><div class=\"agro-section-wrapper\"><div class=\"nt-column col-sm-12\"><div class=\"nt-shortcode-wrapper\">\n\t<div class=\"wpb_text_column wpb_content_element  vc_custom_1666463381124\" >\n\t\t<div class=\"wpb_wrapper\">\n\t\t\t<p><b>Descrizione dell\u2019organizzazione: <\/b><span style=\"font-weight: 400;\">L'Istituto Alberghiero di Assisi (Umbria, Italia) \u00e8 una realt\u00e0 formativa presente sul territorio dal 1970. La scuola \u00e8 da sempre impegnata a formare i propri studenti verso le molteplici professioni dell'accoglienza turistica, della ricettivit\u00e0, della ristorazione e dei servizi commerciali. La scuola, profondamente radicata nel territorio, \u00e8 orgogliosa del contributo che ha dato allo sviluppo del turismo in Umbria.<\/span><\/p>\n<p><b>Descrizione di come l\u2019organizzazione agisce in merito al giardinaggio urbano: <\/b><span style=\"font-weight: 400;\">L'Orto Giardino dell'Istituto Alberghiero di Assisi si trova in un cortile interno alla sede centrale della scuola. Questo spazio di 250 metri quadrati, di propriet\u00e0 della Provincia di Perugia, \u00e8 stato trascurato nella manutenzione nel corso degli anni, il che ha contribuito alla crescita spontanea di numerose erbacce ma anche di erbe autoctone come malva, finocchio selvatico, ranuncolo selvatico e piante di sambuco. Dal 2015, l'installazione di un orto ha contribuito a dare a questo spazio una nuova funzione, quella di ospitare ordinatamente specie vegetali adatte al consumo alimentare e allo studio delle variet\u00e0 botaniche.\u00a0<\/span><\/p>\n<p><span style=\"font-weight: 400;\">Il progetto \u00e8 stato articolato fin dall'inizio con un'organizzazione funzionale ed estetica che ricorda gli antichi giardini monastici di stile medievale e rinascimentale. L'utilizzo di questo spazio \u00e8 prevalentemente legato alle attivit\u00e0 didattiche interne alla scuola e anche alle numerose attivit\u00e0 di educazione alimentare promosse dall'Istituto sul territorio e rivolte alla comunit\u00e0 scolastica ma non solo.\u00a0<\/span><\/p>\n<p><span style=\"font-weight: 400;\">La gestione e la responsabilit\u00e0 della manutenzione dell'orto \u00e8 affidata alla comunit\u00e0 scolastica nel suo complesso, ma l'organizzazione degli spazi, la loro cura e manutenzione durante l'anno scolastico \u00e8 progettata soprattutto con il supporto degli insegnanti in collaborazione con gli alunni. L'irrigazione, invece, \u00e8 affidata a un efficiente impianto a goccia automatizzato. Durante il periodo di attivit\u00e0 dei laboratori di cucina e di sala, la raccolta degli ortaggi e delle erbe aromatiche \u00e8 affidata agli stessi alunni e agli insegnanti. Durante il periodo estivo, invece, un gruppo di insegnanti si alterna per garantire la manutenzione. Nel periodo estivo, inoltre, viene organizzato un piccolo mercato di verdure all'interno della scuola, rivolto al personale scolastico, al fine di raccogliere fondi per la manutenzione dello spazio.<\/span><\/p>\n<p><b><img loading=\"lazy\" decoding=\"async\" class=\"alignleft wp-image-1211 size-medium\" src=\"https:\/\/urbanyouthgardensplatform.eu\/wp-content\/uploads\/2022\/10\/17-300x300.jpg\" alt=\"Orto Giardino of the Istituto Alberghiero di Assisi\" width=\"300\" height=\"300\" srcset=\"https:\/\/urbanyouthgardensplatform.eu\/wp-content\/uploads\/2022\/10\/17-300x300.jpg 300w, https:\/\/urbanyouthgardensplatform.eu\/wp-content\/uploads\/2022\/10\/17-150x150.jpg 150w, https:\/\/urbanyouthgardensplatform.eu\/wp-content\/uploads\/2022\/10\/17-12x12.jpg 12w, https:\/\/urbanyouthgardensplatform.eu\/wp-content\/uploads\/2022\/10\/17-120x120.jpg 120w, https:\/\/urbanyouthgardensplatform.eu\/wp-content\/uploads\/2022\/10\/17-240x240.jpg 240w, https:\/\/urbanyouthgardensplatform.eu\/wp-content\/uploads\/2022\/10\/17-360x360.jpg 360w, https:\/\/urbanyouthgardensplatform.eu\/wp-content\/uploads\/2022\/10\/17-480x480.jpg 480w, https:\/\/urbanyouthgardensplatform.eu\/wp-content\/uploads\/2022\/10\/17.jpg 553w\" sizes=\"auto, (max-width: 300px) 100vw, 300px\" \/>Indirizzo dell\u2019organizzazione: <\/b><span style=\"font-weight: 400;\">Via Eremo delle Carceri, 19, 06081 Assisi PG, Italy<\/span><\/p>\n<p><b>Contatto telefonico dell\u2019organizzazione: <span style=\"font-weight: 400;\">+39 075813054<\/span><\/b><\/p>\n<p><b>Email dell\u2019organizzazione: <a href=\"mailto:PGRH02000B@istruzione.it\"><span style=\"font-weight: 400;\">PGRH02000B@istruzione.it<\/span><\/a><\/b><\/p>\n<p><b>Sito web dell\u2019organizzazione: <\/b><a href=\"http:\/\/www.alberghieroassisi.eu\/\">http:\/\/www.alberghieroassisi.eu\/<\/a><\/p>\n<p><strong>Facebook: <\/strong>N\/A<\/p>\n<p><strong>Instagram:\u00a0<\/strong>N\/A<\/p>\n\n\t\t<\/div>\n\t<\/div>\n<\/div><\/div><\/div><div class=\"nt_clearfix\"><\/div><div class=\"agro-section-wrapper ptb-140 section section--dark-bg vc_custom_1549793979536 nt_section_15417640 nt-has-responsive-data\" data-res-css=\"@media (max-width: 992px) {.nt_section_15417640{ padding-bottom: 84px !important; }} @media (max-width: 768px) {.nt_section_15417640{ padding-bottom: 54px !important; }}\"><div class=\"container container-stretch\"><div class=\"row\"><div class=\"section-heading--white nt-column col-sm-12\"><div class=\"nt-shortcode-wrapper\"><div class=\"section-heading section-heading--center item_6a01cacc488b9\" data-res-css=\"     \" data-aos=\"fade\"><h2 class=\"__title\">GET <span>IN TOUCH<\/span><\/h2><\/div>\n<div class=\"wpcf7 no-js\" id=\"wpcf7-f12-o1\" lang=\"en-US\" dir=\"ltr\" data-wpcf7-id=\"12\">\n<div class=\"screen-reader-response\"><p role=\"status\" aria-live=\"polite\" aria-atomic=\"true\"><\/p> <ul><\/ul><\/div>\n<form action=\"\/it\/wp-json\/wp\/v2\/pages\/1054#wpcf7-f12-o1\" method=\"post\" class=\"wpcf7-form init\" aria-label=\"Contact form\" novalidate=\"novalidate\" data-status=\"init\" data-trp-original-action=\"\/it\/wp-json\/wp\/v2\/pages\/1054#wpcf7-f12-o1\">\n<fieldset class=\"hidden-fields-container\"><input type=\"hidden\" name=\"_wpcf7\" value=\"12\" \/><input type=\"hidden\" name=\"_wpcf7_version\" value=\"6.1.5\" \/><input type=\"hidden\" name=\"_wpcf7_locale\" value=\"en_US\" \/><input type=\"hidden\" name=\"_wpcf7_unit_tag\" value=\"wpcf7-f12-o1\" \/><input type=\"hidden\" name=\"_wpcf7_container_post\" value=\"0\" \/><input type=\"hidden\" name=\"_wpcf7_posted_data_hash\" value=\"\" \/><input type=\"hidden\" name=\"_wpcf7_recaptcha_response\" value=\"\" \/>\n<\/fieldset>\n<div class=\"contact-form js-contact-form\" data-aos=\"fade\">\n\t<div class=\"row\">\n\t\t<div class=\"col-12 col-md-6\">\n\t\t\t<div class=\"input-wrp\">\n\t\t\t\t<p><span class=\"wpcf7-form-control-wrap\" data-name=\"text-787\"><input size=\"40\" maxlength=\"400\" class=\"wpcf7-form-control wpcf7-text wpcf7-validates-as-required textfield\" aria-required=\"true\" aria-invalid=\"false\" placeholder=\"Your Name\" value=\"\" type=\"text\" name=\"text-787\" \/><\/span>\n\t\t\t\t<\/p>\n\t\t\t<\/div>\n\t\t<\/div>\n\t\t<div class=\"col-12 col-md-6\">\n\t\t\t<div class=\"input-wrp\">\n\t\t\t\t<p><span class=\"wpcf7-form-control-wrap\" data-name=\"text-788\"><input size=\"40\" maxlength=\"400\" class=\"wpcf7-form-control wpcf7-text wpcf7-validates-as-required textfield\" aria-required=\"true\" aria-invalid=\"false\" placeholder=\"Your E-mail\" value=\"\" type=\"text\" name=\"text-788\" \/><\/span>\n\t\t\t\t<\/p>\n\t\t\t<\/div>\n\t\t<\/div>\n\t<\/div>\n\t<div class=\"input-wrp\">\n\t\t<p><span class=\"wpcf7-form-control-wrap\" data-name=\"textarea-212\"><textarea cols=\"10\" rows=\"2\" maxlength=\"2000\" class=\"wpcf7-form-control wpcf7-textarea wpcf7-validates-as-required textfield\" aria-required=\"true\" aria-invalid=\"false\" placeholder=\"Your Message\" name=\"textarea-212\"><\/textarea><\/span>\n\t\t<\/p>\n\t<\/div>\n\t<div class=\"input-wrp\">\n\t\t<p><span class=\"wpcf7-form-control-wrap\" data-name=\"acceptance-855\"><span class=\"wpcf7-form-control wpcf7-acceptance\"><span class=\"wpcf7-list-item\"><label><input type=\"checkbox\" name=\"acceptance-855\" value=\"1\" aria-invalid=\"false\" \/><span class=\"wpcf7-list-item-label\">Accept our <a href=\"\/it\/privacy-policy\/\">Privacy Policy<\/a><\/span><\/label><\/span><\/span><\/span>\n\t\t<\/p>\n\t<\/div>\n\t<p><input class=\"wpcf7-form-control wpcf7-submit has-spinner custom-btn custom-btn--medium custom-btn--style-3 wide\" type=\"submit\" value=\"Send\" \/>\n\t<\/p>\n<\/div><div class=\"wpcf7-response-output\" aria-hidden=\"true\"><\/div>\n<input type=\"hidden\" name=\"trp-form-language\" value=\"it\"\/><\/form>\n<\/div>\n<\/div><\/div><\/div><\/div><\/div><div class=\"nt_clearfix\"><\/div>","protected":false},"excerpt":{"rendered":"Organization Orto Giardino of the Istituto Alberghiero di Assisi ITALY Description of this organization: The Istituto Alberghiero di Assisi (Umbria, Italy) has been an educational reality in the area since 1970. The school has always been committed to training its students towards the many professions of tourist hospitality, accommodation, restaurant and commercial services. The school,...","protected":false},"author":1,"featured_media":0,"parent":0,"menu_order":0,"comment_status":"closed","ping_status":"closed","template":"custom-page.php","meta":{"_monsterinsights_skip_tracking":false,"_monsterinsights_sitenote_active":false,"_monsterinsights_sitenote_note":"","_monsterinsights_sitenote_category":0,"footnotes":""},"class_list":["post-1054","page","type-page","status-publish","hentry"," nt-post-class"],"_links":{"self":[{"href":"https:\/\/urbanyouthgardensplatform.eu\/it\/wp-json\/wp\/v2\/pages\/1054","targetHints":{"allow":["GET"]}}],"collection":[{"href":"https:\/\/urbanyouthgardensplatform.eu\/it\/wp-json\/wp\/v2\/pages"}],"about":[{"href":"https:\/\/urbanyouthgardensplatform.eu\/it\/wp-json\/wp\/v2\/types\/page"}],"author":[{"embeddable":true,"href":"https:\/\/urbanyouthgardensplatform.eu\/it\/wp-json\/wp\/v2\/users\/1"}],"replies":[{"embeddable":true,"href":"https:\/\/urbanyouthgardensplatform.eu\/it\/wp-json\/wp\/v2\/comments?post=1054"}],"version-history":[{"count":4,"href":"https:\/\/urbanyouthgardensplatform.eu\/it\/wp-json\/wp\/v2\/pages\/1054\/revisions"}],"predecessor-version":[{"id":1345,"href":"https:\/\/urbanyouthgardensplatform.eu\/it\/wp-json\/wp\/v2\/pages\/1054\/revisions\/1345"}],"wp:attachment":[{"href":"https:\/\/urbanyouthgardensplatform.eu\/it\/wp-json\/wp\/v2\/media?parent=1054"}],"curies":[{"name":"wp","href":"https:\/\/api.w.org\/{rel}","templated":true}]}}