{"id":1057,"date":"2022-10-18T21:15:13","date_gmt":"2022-10-18T21:15:13","guid":{"rendered":"https:\/\/urbanyouthgardensplatform.eu\/?page_id=1057"},"modified":"2023-05-16T18:02:54","modified_gmt":"2023-05-16T18:02:54","slug":"ortidipinti-italy","status":"publish","type":"page","link":"https:\/\/urbanyouthgardensplatform.eu\/it\/ortidipinti-italy\/","title":{"rendered":"Orti Dipinti &#8211; Community Garden &#8211; Italy"},"content":{"rendered":"<div class=\"agro-section-wrapper\"><div class=\"nt-column\"><div class=\"nt-shortcode-wrapper\"><div id=\"hero\" class=\"nt-shortcode-hero jarallax section_6a01cad313ab2 vc_custom_1665941475774\" data-speed=\"0.7\" data-img-position=\"50% 80%\" data-res-css=\"          \"><div class=\"container\"><div class=\"row\"><div class=\"col-12 col-lg-7\"><h1 class=\"__title\"><span>Organization<\/span> <\/h1><\/div><\/div><\/div><\/div><\/div><\/div><\/div><div class=\"nt_clearfix\"><\/div><div class=\"agro-section-wrapper\"><div class=\"nt-column\"><div class=\"nt-shortcode-wrapper\"><div class=\"section section--no-pb about--1 md-hide-bg item_6a01cad313c44 vc_custom_1666128124237\" data-res-css=\"              \"><div class=\"container\"><div class=\"section-heading\"><h2 class=\"__title\">Orti Dipinti - Community Garden ITALY <span><\/span><\/h2><\/div><div class=\"row\"><div class=\"col-12 col-lg-6 col-xl-8\"><\/div><\/div><\/div><\/div>\n\t<div  class=\"wpb_single_image wpb_content_element vc_align_center  vc_custom_1666463445807\">\n\t\t\n\t\t<figure class=\"wpb_wrapper vc_figure\">\n\t\t\t<div class=\"vc_single_image-wrapper   vc_box_border_grey\"><img loading=\"lazy\" decoding=\"async\" width=\"226\" height=\"225\" src=\"https:\/\/urbanyouthgardensplatform.eu\/wp-content\/uploads\/2022\/10\/20.jpg\" class=\"vc_single_image-img attachment-medium\" alt=\"Orti Dipinti - Community Garden\" title=\"Orti Dipinti \u2013 Orto Comunitario\" srcset=\"https:\/\/urbanyouthgardensplatform.eu\/wp-content\/uploads\/2022\/10\/20.jpg 226w, https:\/\/urbanyouthgardensplatform.eu\/wp-content\/uploads\/2022\/10\/20-150x150.jpg 150w, https:\/\/urbanyouthgardensplatform.eu\/wp-content\/uploads\/2022\/10\/20-12x12.jpg 12w, https:\/\/urbanyouthgardensplatform.eu\/wp-content\/uploads\/2022\/10\/20-120x120.jpg 120w\" sizes=\"auto, (max-width: 226px) 100vw, 226px\" \/><\/div>\n\t\t<\/figure>\n\t<\/div>\n<\/div><\/div><\/div><div class=\"nt_clearfix\"><\/div><div class=\"agro-section-wrapper\"><div class=\"nt-column col-sm-12\"><div class=\"nt-shortcode-wrapper\">\n\t<div class=\"wpb_text_column wpb_content_element  vc_custom_1666463476644\" >\n\t\t<div class=\"wpb_wrapper\">\n\t\t\t<p><b>Descrizione dell\u2019organizzazione: <\/b><span style=\"font-weight: 400;\">L'Orto comunitario \u00e8 un luogo di apprendimento e di insegnamento di scelte alimentari sane, di ricerca e di educazione, di professionalit\u00e0 e di cultura, dove ci si concentra sulle persone e dove si scopre insieme il giardinaggio urbano biologico attraverso la sua applicazione nella vita quotidiana. L'orto sorge su una pista di atletica in disuso. Lo spazio, di propriet\u00e0 comunale, era in realt\u00e0 affidato a un istituto (Barberi) che ancora oggi offre attivit\u00e0 ricreative a bambini con difficolt\u00e0. \u00c8 nata una sinergia tra l'istituto, l'associazione promotrice del progetto e, naturalmente, le istituzioni, per trasformare e riqualificare quest'area urbana semi-abbandonata.<\/span><b>\u00a0<\/b><\/p>\n<p><b>Descrizione di come l\u2019organizzazione agisce in merito al giardinaggio urbano: <\/b><span style=\"font-weight: 400;\">Il sito dell'orto \u00e8 un'area pavimentata, sulla quale sono stati posizionati letti rialzati appoggiati su pallet. Questa soluzione facilita la movimentazione dei contenitori con un trans pellet. Si \u00e8 voluto scegliere materie prime e tecnologie di eccellenza: ortaggi e terreni biologici, tecniche di permacultura, subirrigazione con ampolle, associazioni di ortaggi. L'obiettivo \u00e8 creare una vera e propria \"fattoria urbana\", dove informare ed educare le persone che vogliono avvicinarsi ai temi dell'ambiente e della sostenibilit\u00e0 in generale. Oltre alle colture, c'\u00e8 l'intenzione di allevare alcuni animali come pesci, conigli e galline. C'\u00e8 anche interesse per la raccolta e il riutilizzo dell'acqua piovana, per l'utilizzo di pannelli fotovoltaici per ricaricare i cellulari e per l'organizzazione di eventi divulgativi. Tra le persone che lavorano nell'orto ci sono persone con disabilit\u00e0, in particolare i bambini ospitati dall'Istituto Barberi, ma anche cittadini comuni, stranieri, famiglie, gruppi scolastici e persone con minori opportunit\u00e0.<\/span><\/p>\n<p><span style=\"font-weight: 400;\">L'orto \u00e8 un orto comunitario, cio\u00e8 un orto sociale condiviso. Ci\u00f2 implica che nessuna persona \u00e8 responsabile di un singolo contenitore, ma piuttosto dell'insieme di tutti i contenitori. La ricompensa per chi lavora all'orto \u00e8 la raccolta degli ortaggi, con l'unica regola del buon senso e della condivisione paritaria. La gestione \u00e8 quindi suddivisa democraticamente tra i volontari, secondo un calendario stilato in base alle disponibilit\u00e0.<\/span><\/p>\n<p><b><img loading=\"lazy\" decoding=\"async\" class=\"alignleft wp-image-1215 size-medium\" src=\"https:\/\/urbanyouthgardensplatform.eu\/wp-content\/uploads\/2022\/10\/21-300x225.jpg\" alt=\"Orti Dipinti - Community Garden\" width=\"300\" height=\"225\" srcset=\"https:\/\/urbanyouthgardensplatform.eu\/wp-content\/uploads\/2022\/10\/21-300x225.jpg 300w, https:\/\/urbanyouthgardensplatform.eu\/wp-content\/uploads\/2022\/10\/21-16x12.jpg 16w, https:\/\/urbanyouthgardensplatform.eu\/wp-content\/uploads\/2022\/10\/21-120x90.jpg 120w, https:\/\/urbanyouthgardensplatform.eu\/wp-content\/uploads\/2022\/10\/21-240x180.jpg 240w, https:\/\/urbanyouthgardensplatform.eu\/wp-content\/uploads\/2022\/10\/21-360x270.jpg 360w, https:\/\/urbanyouthgardensplatform.eu\/wp-content\/uploads\/2022\/10\/21-480x360.jpg 480w, https:\/\/urbanyouthgardensplatform.eu\/wp-content\/uploads\/2022\/10\/21.jpg 717w\" sizes=\"auto, (max-width: 300px) 100vw, 300px\" \/>Indirizzo dell\u2019organizzazione: <span style=\"font-weight: 400;\">Borgo Pinti, 76, 50121 Firenze<\/span> <\/b>FI<\/p>\n<p><b>Contatto telefonico dell\u2019organizzazione: <\/b><span style=\"font-weight: 400;\">N\/A<\/span><\/p>\n<p><b>Email dell\u2019organizzazione: <\/b><a href=\"mailto:info@ortidipinti.it\"><span style=\"font-weight: 400;\">info@ortidipinti.it<\/span><\/a><\/p>\n<p><b>Sito web dell\u2019organizzazione:\u00a0<\/b> <a href=\"http:\/\/www.ortidipinti.it\/it\/\">http:\/\/www.ortidipinti.it\/it\/<\/a><\/p>\n<p><strong>Facebook: <\/strong><a href=\"https:\/\/www.facebook.com\/CommunityGardens\">https:\/\/www.facebook.com\/CommunityGardens<\/a><\/p>\n<p><strong>Instagram: <\/strong><a href=\"https:\/\/www.instagram.com\/ortidipinti\/\">https:\/\/www.instagram.com\/ortidipinti\/<\/a><\/p>\n\n\t\t<\/div>\n\t<\/div>\n<\/div><\/div><\/div><div class=\"nt_clearfix\"><\/div><div class=\"agro-section-wrapper ptb-140 section section--dark-bg vc_custom_1549793979536 nt_section_15412388 nt-has-responsive-data\" data-res-css=\"@media (max-width: 992px) {.nt_section_15412388{ padding-bottom: 84px !important; }} @media (max-width: 768px) {.nt_section_15412388{ padding-bottom: 54px !important; }}\"><div class=\"container container-stretch\"><div class=\"row\"><div class=\"section-heading--white nt-column col-sm-12\"><div class=\"nt-shortcode-wrapper\"><div class=\"section-heading section-heading--center item_6a01cad3142ba\" data-res-css=\"     \" data-aos=\"fade\"><h2 class=\"__title\">GET <span>IN TOUCH<\/span><\/h2><\/div>\n<div class=\"wpcf7 no-js\" id=\"wpcf7-f12-o1\" lang=\"en-US\" dir=\"ltr\" data-wpcf7-id=\"12\">\n<div class=\"screen-reader-response\"><p role=\"status\" aria-live=\"polite\" aria-atomic=\"true\"><\/p> <ul><\/ul><\/div>\n<form action=\"\/it\/wp-json\/wp\/v2\/pages\/1057#wpcf7-f12-o1\" method=\"post\" class=\"wpcf7-form init\" aria-label=\"Contact form\" novalidate=\"novalidate\" data-status=\"init\" data-trp-original-action=\"\/it\/wp-json\/wp\/v2\/pages\/1057#wpcf7-f12-o1\">\n<fieldset class=\"hidden-fields-container\"><input type=\"hidden\" name=\"_wpcf7\" value=\"12\" \/><input type=\"hidden\" name=\"_wpcf7_version\" value=\"6.1.5\" \/><input type=\"hidden\" name=\"_wpcf7_locale\" value=\"en_US\" \/><input type=\"hidden\" name=\"_wpcf7_unit_tag\" value=\"wpcf7-f12-o1\" \/><input type=\"hidden\" name=\"_wpcf7_container_post\" value=\"0\" \/><input type=\"hidden\" name=\"_wpcf7_posted_data_hash\" value=\"\" \/><input type=\"hidden\" name=\"_wpcf7_recaptcha_response\" value=\"\" \/>\n<\/fieldset>\n<div class=\"contact-form js-contact-form\" data-aos=\"fade\">\n\t<div class=\"row\">\n\t\t<div class=\"col-12 col-md-6\">\n\t\t\t<div class=\"input-wrp\">\n\t\t\t\t<p><span class=\"wpcf7-form-control-wrap\" data-name=\"text-787\"><input size=\"40\" maxlength=\"400\" class=\"wpcf7-form-control wpcf7-text wpcf7-validates-as-required textfield\" aria-required=\"true\" aria-invalid=\"false\" placeholder=\"Your Name\" value=\"\" type=\"text\" name=\"text-787\" \/><\/span>\n\t\t\t\t<\/p>\n\t\t\t<\/div>\n\t\t<\/div>\n\t\t<div class=\"col-12 col-md-6\">\n\t\t\t<div class=\"input-wrp\">\n\t\t\t\t<p><span class=\"wpcf7-form-control-wrap\" data-name=\"text-788\"><input size=\"40\" maxlength=\"400\" class=\"wpcf7-form-control wpcf7-text wpcf7-validates-as-required textfield\" aria-required=\"true\" aria-invalid=\"false\" placeholder=\"Your E-mail\" value=\"\" type=\"text\" name=\"text-788\" \/><\/span>\n\t\t\t\t<\/p>\n\t\t\t<\/div>\n\t\t<\/div>\n\t<\/div>\n\t<div class=\"input-wrp\">\n\t\t<p><span class=\"wpcf7-form-control-wrap\" data-name=\"textarea-212\"><textarea cols=\"10\" rows=\"2\" maxlength=\"2000\" class=\"wpcf7-form-control wpcf7-textarea wpcf7-validates-as-required textfield\" aria-required=\"true\" aria-invalid=\"false\" placeholder=\"Your Message\" name=\"textarea-212\"><\/textarea><\/span>\n\t\t<\/p>\n\t<\/div>\n\t<div class=\"input-wrp\">\n\t\t<p><span class=\"wpcf7-form-control-wrap\" data-name=\"acceptance-855\"><span class=\"wpcf7-form-control wpcf7-acceptance\"><span class=\"wpcf7-list-item\"><label><input type=\"checkbox\" name=\"acceptance-855\" value=\"1\" aria-invalid=\"false\" \/><span class=\"wpcf7-list-item-label\">Accept our <a href=\"\/it\/privacy-policy\/\">Privacy Policy<\/a><\/span><\/label><\/span><\/span><\/span>\n\t\t<\/p>\n\t<\/div>\n\t<p><input class=\"wpcf7-form-control wpcf7-submit has-spinner custom-btn custom-btn--medium custom-btn--style-3 wide\" type=\"submit\" value=\"Send\" \/>\n\t<\/p>\n<\/div><div class=\"wpcf7-response-output\" aria-hidden=\"true\"><\/div>\n<input type=\"hidden\" name=\"trp-form-language\" value=\"it\"\/><\/form>\n<\/div>\n<\/div><\/div><\/div><\/div><\/div><div class=\"nt_clearfix\"><\/div>","protected":false},"excerpt":{"rendered":"Organization Orti Dipinti - Community Garden ITALY Description of this organization: The Community Garden is a place of learning and teaching about healthy food choices, research and education, professionalism and culture: where we focus on people and where we discover organic urban gardening together through its application in everyday life. The garden stands on a...","protected":false},"author":1,"featured_media":0,"parent":0,"menu_order":0,"comment_status":"closed","ping_status":"closed","template":"custom-page.php","meta":{"_monsterinsights_skip_tracking":false,"_monsterinsights_sitenote_active":false,"_monsterinsights_sitenote_note":"","_monsterinsights_sitenote_category":0,"footnotes":""},"class_list":["post-1057","page","type-page","status-publish","hentry"," nt-post-class"],"_links":{"self":[{"href":"https:\/\/urbanyouthgardensplatform.eu\/it\/wp-json\/wp\/v2\/pages\/1057","targetHints":{"allow":["GET"]}}],"collection":[{"href":"https:\/\/urbanyouthgardensplatform.eu\/it\/wp-json\/wp\/v2\/pages"}],"about":[{"href":"https:\/\/urbanyouthgardensplatform.eu\/it\/wp-json\/wp\/v2\/types\/page"}],"author":[{"embeddable":true,"href":"https:\/\/urbanyouthgardensplatform.eu\/it\/wp-json\/wp\/v2\/users\/1"}],"replies":[{"embeddable":true,"href":"https:\/\/urbanyouthgardensplatform.eu\/it\/wp-json\/wp\/v2\/comments?post=1057"}],"version-history":[{"count":4,"href":"https:\/\/urbanyouthgardensplatform.eu\/it\/wp-json\/wp\/v2\/pages\/1057\/revisions"}],"predecessor-version":[{"id":1344,"href":"https:\/\/urbanyouthgardensplatform.eu\/it\/wp-json\/wp\/v2\/pages\/1057\/revisions\/1344"}],"wp:attachment":[{"href":"https:\/\/urbanyouthgardensplatform.eu\/it\/wp-json\/wp\/v2\/media?parent=1057"}],"curies":[{"name":"wp","href":"https:\/\/api.w.org\/{rel}","templated":true}]}}