{"id":1081,"date":"2022-10-20T20:30:46","date_gmt":"2022-10-20T20:30:46","guid":{"rendered":"https:\/\/urbanyouthgardensplatform.eu\/?page_id=1081"},"modified":"2023-05-16T18:01:55","modified_gmt":"2023-05-16T18:01:55","slug":"resourceproject-greece","status":"publish","type":"page","link":"https:\/\/urbanyouthgardensplatform.eu\/it\/resourceproject-greece\/","title":{"rendered":"KIPOS3: The City as a Resource Project &#8211; Greece"},"content":{"rendered":"<div class=\"agro-section-wrapper\"><div class=\"nt-column\"><div class=\"nt-shortcode-wrapper\"><div id=\"hero\" class=\"nt-shortcode-hero jarallax section_6a01c9ccef641 vc_custom_1665941475774\" data-speed=\"0.7\" data-img-position=\"50% 80%\" data-res-css=\"          \"><div class=\"container\"><div class=\"row\"><div class=\"col-12 col-lg-7\"><h1 class=\"__title\"><span>Organization<\/span> <\/h1><\/div><\/div><\/div><\/div><\/div><\/div><\/div><div class=\"nt_clearfix\"><\/div><div class=\"agro-section-wrapper\"><div class=\"nt-column\"><div class=\"nt-shortcode-wrapper\"><div class=\"section section--no-pb about--1 md-hide-bg item_6a01c9ccef7c6 vc_custom_1666299677381\" data-res-css=\"              \"><div class=\"container\"><div class=\"section-heading\"><h2 class=\"__title\">Progetto KIPOS3: The City as a Resource <span><\/span><\/h2><\/div><div class=\"row\"><div class=\"col-12 col-lg-6 col-xl-8\"><\/div><\/div><\/div><\/div><\/div><\/div><\/div><div class=\"nt_clearfix\"><\/div><div class=\"agro-section-wrapper\"><div class=\"nt-column col-sm-12\"><div class=\"nt-shortcode-wrapper\">\n\t<div class=\"wpb_text_column wpb_content_element  vc_custom_1666517697105\" >\n\t\t<div class=\"wpb_wrapper\">\n\t\t\t<p><b>Descrizione dell\u2019organizzazione: <\/b><span style=\"font-weight: 400;\">Il progetto Kipos3 \u00e8 una proposta per creare una rete di giardini di quartiere gestiti dai residenti nella citt\u00e0 di Salonicco. Con lo slogan \"Noi siamo il paesaggio del nostro quartiere\", il progetto Kipos3 mira a sviluppare e rafforzare una comunit\u00e0 di pratica in occasione della co-creazione e della cura di un giardino di quartiere. Il giardino, in ogni spazio residuo o vuoto della citt\u00e0, diventa un archetipo della natura disegnata dall'uomo, un luogo sperimentale per discutere le nostre responsabilit\u00e0 e i nostri diritti nella citt\u00e0, per implementare l'idea del cittadino attivo, combinando allo stesso tempo aspetti sociali, culturali ed ecologici della vita urbana.<\/span><\/p>\n<p><b>Descrizione di come l\u2019organizzazione agisce in merito al giardinaggio urbano: <\/b><span style=\"font-weight: 400;\">Il primo giardino \u00e8 attivo nel Parco Doxa del quarto distretto comunale di Salonicco. L'idea \u00e8 nata nel 2014 con la creazione del primo giardino di quartiere accanto al vigneto e al frutteto comunale, che opera tuttora sotto la responsabilit\u00e0 dei residenti.<\/span><\/p>\n<p><span style=\"font-weight: 400;\">L'iniziativa ha preso forma con il sostegno del programma Angelopoulos CGIU Fellowships e si sta evolvendo ponendo l'accento sullo sviluppo della comunit\u00e0 e sulla registrazione delle competenze che ne derivano, attraverso START - Create Cultural Change, un programma della Fondazione Robert Bosch realizzato in collaborazione con l'Istituto tedesco Goethe Institut Thessaloniki e l'Associazione federale delle organizzazioni socioculturali della Germania.<\/span><\/p>\n<p><b><img loading=\"lazy\" decoding=\"async\" class=\"alignleft wp-image-1194\" src=\"https:\/\/urbanyouthgardensplatform.eu\/wp-content\/uploads\/2022\/10\/32.jpg\" alt=\"KIPOS3: The City as a Resource Project\" width=\"363\" height=\"242\" srcset=\"https:\/\/urbanyouthgardensplatform.eu\/wp-content\/uploads\/2022\/10\/32.jpg 582w, https:\/\/urbanyouthgardensplatform.eu\/wp-content\/uploads\/2022\/10\/32-300x200.jpg 300w, https:\/\/urbanyouthgardensplatform.eu\/wp-content\/uploads\/2022\/10\/32-18x12.jpg 18w, https:\/\/urbanyouthgardensplatform.eu\/wp-content\/uploads\/2022\/10\/32-120x80.jpg 120w, https:\/\/urbanyouthgardensplatform.eu\/wp-content\/uploads\/2022\/10\/32-240x160.jpg 240w, https:\/\/urbanyouthgardensplatform.eu\/wp-content\/uploads\/2022\/10\/32-360x240.jpg 360w, https:\/\/urbanyouthgardensplatform.eu\/wp-content\/uploads\/2022\/10\/32-480x320.jpg 480w\" sizes=\"auto, (max-width: 363px) 100vw, 363px\" \/>Indirizzo dell\u2019organizzazione: <\/b><span style=\"font-weight: 400;\">Park of Glory in the 4th Dim. Community of the Municipality of Thessaloniki<\/span><\/p>\n<p><b>Contatto telefonico dell\u2019organizzazione: <span style=\"font-weight: 400;\">N\/A<\/span><\/b><\/p>\n<p><b>Email dell\u2019organizzazione: <a href=\"mailto:elegvr@gmail.com\"><span style=\"font-weight: 400;\">elegvr@gmail.com<\/span><\/a><span style=\"font-weight: 400;\"> \/\u00a0<\/span><a href=\"mailto:ritoumaria@gmail.com\"><span style=\"font-weight: 400;\">ritoumaria@gmail.com<\/span><\/a><\/b><\/p>\n<p><b>Sito web dell\u2019organizzazione: <\/b>N\/A<\/p>\n<p><strong>Facebook: <\/strong><a href=\"https:\/\/www.facebook.com\/cityasaresource\/\">https:\/\/www.facebook.com\/cityasaresource\/<\/a><\/p>\n<p><strong>Instagram: <\/strong>N\/A<\/p>\n\n\t\t<\/div>\n\t<\/div>\n<\/div><\/div><\/div><div class=\"nt_clearfix\"><\/div><div class=\"agro-section-wrapper ptb-140 section section--dark-bg vc_custom_1549793979536 nt_section_1541130 nt-has-responsive-data\" data-res-css=\"@media (max-width: 992px) {.nt_section_1541130{ padding-bottom: 84px !important; }} @media (max-width: 768px) {.nt_section_1541130{ padding-bottom: 54px !important; }}\"><div class=\"container container-stretch\"><div class=\"row\"><div class=\"section-heading--white nt-column col-sm-12\"><div class=\"nt-shortcode-wrapper\"><div class=\"section-heading section-heading--center item_6a01c9ccefbf7\" data-res-css=\"     \" data-aos=\"fade\"><h2 class=\"__title\">GET <span>IN TOUCH<\/span><\/h2><\/div>\n<div class=\"wpcf7 no-js\" id=\"wpcf7-f12-o1\" lang=\"en-US\" dir=\"ltr\" data-wpcf7-id=\"12\">\n<div class=\"screen-reader-response\"><p role=\"status\" aria-live=\"polite\" aria-atomic=\"true\"><\/p> <ul><\/ul><\/div>\n<form action=\"\/it\/wp-json\/wp\/v2\/pages\/1081#wpcf7-f12-o1\" method=\"post\" class=\"wpcf7-form init\" aria-label=\"Contact form\" novalidate=\"novalidate\" data-status=\"init\" data-trp-original-action=\"\/it\/wp-json\/wp\/v2\/pages\/1081#wpcf7-f12-o1\">\n<fieldset class=\"hidden-fields-container\"><input type=\"hidden\" name=\"_wpcf7\" value=\"12\" \/><input type=\"hidden\" name=\"_wpcf7_version\" value=\"6.1.5\" \/><input type=\"hidden\" name=\"_wpcf7_locale\" value=\"en_US\" \/><input type=\"hidden\" name=\"_wpcf7_unit_tag\" value=\"wpcf7-f12-o1\" \/><input type=\"hidden\" name=\"_wpcf7_container_post\" value=\"0\" \/><input type=\"hidden\" name=\"_wpcf7_posted_data_hash\" value=\"\" \/><input type=\"hidden\" name=\"_wpcf7_recaptcha_response\" value=\"\" \/>\n<\/fieldset>\n<div class=\"contact-form js-contact-form\" data-aos=\"fade\">\n\t<div class=\"row\">\n\t\t<div class=\"col-12 col-md-6\">\n\t\t\t<div class=\"input-wrp\">\n\t\t\t\t<p><span class=\"wpcf7-form-control-wrap\" data-name=\"text-787\"><input size=\"40\" maxlength=\"400\" class=\"wpcf7-form-control wpcf7-text wpcf7-validates-as-required textfield\" aria-required=\"true\" aria-invalid=\"false\" placeholder=\"Your Name\" value=\"\" type=\"text\" name=\"text-787\" \/><\/span>\n\t\t\t\t<\/p>\n\t\t\t<\/div>\n\t\t<\/div>\n\t\t<div class=\"col-12 col-md-6\">\n\t\t\t<div class=\"input-wrp\">\n\t\t\t\t<p><span class=\"wpcf7-form-control-wrap\" data-name=\"text-788\"><input size=\"40\" maxlength=\"400\" class=\"wpcf7-form-control wpcf7-text wpcf7-validates-as-required textfield\" aria-required=\"true\" aria-invalid=\"false\" placeholder=\"Your E-mail\" value=\"\" type=\"text\" name=\"text-788\" \/><\/span>\n\t\t\t\t<\/p>\n\t\t\t<\/div>\n\t\t<\/div>\n\t<\/div>\n\t<div class=\"input-wrp\">\n\t\t<p><span class=\"wpcf7-form-control-wrap\" data-name=\"textarea-212\"><textarea cols=\"10\" rows=\"2\" maxlength=\"2000\" class=\"wpcf7-form-control wpcf7-textarea wpcf7-validates-as-required textfield\" aria-required=\"true\" aria-invalid=\"false\" placeholder=\"Your Message\" name=\"textarea-212\"><\/textarea><\/span>\n\t\t<\/p>\n\t<\/div>\n\t<div class=\"input-wrp\">\n\t\t<p><span class=\"wpcf7-form-control-wrap\" data-name=\"acceptance-855\"><span class=\"wpcf7-form-control wpcf7-acceptance\"><span class=\"wpcf7-list-item\"><label><input type=\"checkbox\" name=\"acceptance-855\" value=\"1\" aria-invalid=\"false\" \/><span class=\"wpcf7-list-item-label\">Accept our <a href=\"\/it\/privacy-policy\/\">Privacy Policy<\/a><\/span><\/label><\/span><\/span><\/span>\n\t\t<\/p>\n\t<\/div>\n\t<p><input class=\"wpcf7-form-control wpcf7-submit has-spinner custom-btn custom-btn--medium custom-btn--style-3 wide\" type=\"submit\" value=\"Send\" \/>\n\t<\/p>\n<\/div><div class=\"wpcf7-response-output\" aria-hidden=\"true\"><\/div>\n<input type=\"hidden\" name=\"trp-form-language\" value=\"it\"\/><\/form>\n<\/div>\n<\/div><\/div><\/div><\/div><\/div><div class=\"nt_clearfix\"><\/div>","protected":false},"excerpt":{"rendered":"Organization KIPOS3: The City as a Resource Project Greece Description of this organization: The Kipos3 project is a proposal to create a network of neighbourhood gardens managed by residents in the city of Thessaloniki. with the slogan \"we are the landscape of our neighborhood\", the Kipos3 project aims to develop and strengthen a community of...","protected":false},"author":1,"featured_media":0,"parent":0,"menu_order":0,"comment_status":"closed","ping_status":"closed","template":"custom-page.php","meta":{"_monsterinsights_skip_tracking":false,"_monsterinsights_sitenote_active":false,"_monsterinsights_sitenote_note":"","_monsterinsights_sitenote_category":0,"footnotes":""},"class_list":["post-1081","page","type-page","status-publish","hentry"," nt-post-class"],"_links":{"self":[{"href":"https:\/\/urbanyouthgardensplatform.eu\/it\/wp-json\/wp\/v2\/pages\/1081","targetHints":{"allow":["GET"]}}],"collection":[{"href":"https:\/\/urbanyouthgardensplatform.eu\/it\/wp-json\/wp\/v2\/pages"}],"about":[{"href":"https:\/\/urbanyouthgardensplatform.eu\/it\/wp-json\/wp\/v2\/types\/page"}],"author":[{"embeddable":true,"href":"https:\/\/urbanyouthgardensplatform.eu\/it\/wp-json\/wp\/v2\/users\/1"}],"replies":[{"embeddable":true,"href":"https:\/\/urbanyouthgardensplatform.eu\/it\/wp-json\/wp\/v2\/comments?post=1081"}],"version-history":[{"count":4,"href":"https:\/\/urbanyouthgardensplatform.eu\/it\/wp-json\/wp\/v2\/pages\/1081\/revisions"}],"predecessor-version":[{"id":1339,"href":"https:\/\/urbanyouthgardensplatform.eu\/it\/wp-json\/wp\/v2\/pages\/1081\/revisions\/1339"}],"wp:attachment":[{"href":"https:\/\/urbanyouthgardensplatform.eu\/it\/wp-json\/wp\/v2\/media?parent=1081"}],"curies":[{"name":"wp","href":"https:\/\/api.w.org\/{rel}","templated":true}]}}