{"id":954,"date":"2022-09-27T20:52:47","date_gmt":"2022-09-27T20:52:47","guid":{"rendered":"https:\/\/urbanyouthgardensplatform.eu\/?page_id=954"},"modified":"2022-10-22T16:24:54","modified_gmt":"2022-10-22T16:24:54","slug":"partner-malta","status":"publish","type":"page","link":"https:\/\/urbanyouthgardensplatform.eu\/it\/partner-malta\/","title":{"rendered":"Prisms Malta"},"content":{"rendered":"<div class=\"agro-section-wrapper\"><div class=\"nt-column\"><div class=\"nt-shortcode-wrapper\"><div id=\"hero\" class=\"nt-shortcode-hero jarallax section_6a01c9cdb3fde vc_custom_1664401701268\" data-speed=\"0.7\" data-img-position=\"50% 80%\" data-res-css=\"          \"><div class=\"container\"><div class=\"row\"><div class=\"col-12 col-lg-7\"><h1 class=\"__title\"><span>Partner<\/span> Prisms Malta<\/h1><\/div><\/div><\/div><\/div><\/div><\/div><\/div><div class=\"nt_clearfix\"><\/div><div class=\"agro-section-wrapper\"><div class=\"nt-column\"><div class=\"nt-shortcode-wrapper\"><div class=\"section section--no-pb about--1 md-hide-bg item_6a01c9cdb418a vc_custom_1664402560459\" data-res-css=\"              \"><div class=\"container\"><div class=\"section-heading\"><h2 class=\"__title\">Partner <span>Information<\/span><\/h2><\/div><div class=\"row\"><div class=\"col-12 col-lg-6 col-xl-8\"><\/div><\/div><\/div><\/div><\/div><\/div><\/div><div class=\"nt_clearfix\"><\/div><div class=\"agro-section-wrapper\"><div class=\"nt-column col-sm-12\"><div class=\"nt-shortcode-wrapper\">\n\t<div class=\"wpb_text_column wpb_content_element  vc_custom_1666448325194\" >\n\t\t<div class=\"wpb_wrapper\">\n\t\t\t<p>Prisms \u00e8 un gruppo di esperti operatori giovanili che nel 2008 si \u00e8 riunito con l'obiettivo di creare una ONG che rispondesse alle esigenze dei giovani e di coloro che lavorano con i giovani. Prisms mira a fornire alle persone le competenze, gli strumenti, le informazioni e i valori necessari per la crescita personale e per essere parte attiva della societ\u00e0. Prisms risponde alle necessit\u00e0 delle persone con cui lavora attraverso metodi innovativi di educazione non formale, in modo da soddisfare le loro esigenze in modo olistico.\nPrisms si concentra su coaching e mentoring, strumenti online, benessere mentale, inclusione e disabilit\u00e0 attraverso i seguenti obiettivi:<\/p>\n<h4>Giovani<\/h4>\n<p><strong>Contesto:<\/strong> Prisms si sforza di entrare in contatto con i giovani nel loro ambiente. I nostri operatori raggiungono i giovani per capire la loro situazione di vita, il punto in cui si trovano nella loro vita e le loro principali relazioni con gli altri,<br \/>\n<strong>Analisi dei bisogni:<\/strong> Alla base di tutte le nostre attivit\u00e0 c'\u00e8 un approccio centrato sulla persona che ci permette di connetterci con uno scopo. Prisms ascolta i giovani e le loro esperienze di vita e, insieme al giovane, identifica i bisogni da affrontare,<br \/>\n<strong>Empower:<\/strong> Prisms crede che ogni persona abbia un potenziale e, attraverso una relazione positiva con il giovane, lo sfida a fissare obiettivi raggiungibili per la sua crescita.<img loading=\"lazy\" decoding=\"async\" class=\"aligncenter size-full wp-image-1165\" src=\"https:\/\/urbanyouthgardensplatform.eu\/wp-content\/uploads\/2022\/10\/7.jpg\" alt=\"\" width=\"960\" height=\"432\" srcset=\"https:\/\/urbanyouthgardensplatform.eu\/wp-content\/uploads\/2022\/10\/7.jpg 960w, https:\/\/urbanyouthgardensplatform.eu\/wp-content\/uploads\/2022\/10\/7-300x135.jpg 300w, https:\/\/urbanyouthgardensplatform.eu\/wp-content\/uploads\/2022\/10\/7-768x346.jpg 768w, https:\/\/urbanyouthgardensplatform.eu\/wp-content\/uploads\/2022\/10\/7-18x8.jpg 18w, https:\/\/urbanyouthgardensplatform.eu\/wp-content\/uploads\/2022\/10\/7-120x54.jpg 120w, https:\/\/urbanyouthgardensplatform.eu\/wp-content\/uploads\/2022\/10\/7-240x108.jpg 240w, https:\/\/urbanyouthgardensplatform.eu\/wp-content\/uploads\/2022\/10\/7-360x162.jpg 360w, https:\/\/urbanyouthgardensplatform.eu\/wp-content\/uploads\/2022\/10\/7-480x216.jpg 480w, https:\/\/urbanyouthgardensplatform.eu\/wp-content\/uploads\/2022\/10\/7-820x369.jpg 820w\" sizes=\"auto, (max-width: 960px) 100vw, 960px\" \/><\/p>\n<h4>Giovani lavoratori<\/h4>\n<p>- Prisms si concentra sullo sviluppo personale e professionale degli operatori giovanili. Riteniamo che il benessere generale degli operatori giovanili sia fondamentale, in quanto essi fungono da modello per i giovani. Sviluppare le proprie capacit\u00e0 intra e interpersonali consente agli operatori giovanili di impegnarsi meglio con i giovani con cui lavorano. Prisms fornisce strumenti agli operatori giovanili per essere pi\u00f9 auto-riflessivi e identificare le aree di crescita,<br \/>\n- In relazione a quanto sopra, a livello professionale, Prisms offre strumenti e metodi innovativi su come gli operatori giovanili possono raggiungere, connettersi, coinvolgere e responsabilizzare i giovani.<\/p>\n<h4>Gruppi target<\/h4>\n<p>Prisms ha due gruppi target principali;<\/p>\n<p>- giovani di et\u00e0 compresa tra i 13 e i 35 anni<br \/>\n- Operatori giovanili, animatori e altri professionisti che lavorano con i giovani. Non c'\u00e8 una fascia d'et\u00e0 particolare per questo gruppo target.<img loading=\"lazy\" decoding=\"async\" class=\"aligncenter size-full wp-image-1166\" src=\"https:\/\/urbanyouthgardensplatform.eu\/wp-content\/uploads\/2022\/10\/1.jpg\" alt=\"\" width=\"800\" height=\"365\" srcset=\"https:\/\/urbanyouthgardensplatform.eu\/wp-content\/uploads\/2022\/10\/1.jpg 800w, https:\/\/urbanyouthgardensplatform.eu\/wp-content\/uploads\/2022\/10\/1-300x137.jpg 300w, https:\/\/urbanyouthgardensplatform.eu\/wp-content\/uploads\/2022\/10\/1-768x350.jpg 768w, https:\/\/urbanyouthgardensplatform.eu\/wp-content\/uploads\/2022\/10\/1-18x8.jpg 18w, https:\/\/urbanyouthgardensplatform.eu\/wp-content\/uploads\/2022\/10\/1-120x55.jpg 120w, https:\/\/urbanyouthgardensplatform.eu\/wp-content\/uploads\/2022\/10\/1-240x110.jpg 240w, https:\/\/urbanyouthgardensplatform.eu\/wp-content\/uploads\/2022\/10\/1-360x164.jpg 360w, https:\/\/urbanyouthgardensplatform.eu\/wp-content\/uploads\/2022\/10\/1-480x219.jpg 480w\" sizes=\"auto, (max-width: 800px) 100vw, 800px\" \/><\/p>\n<h4><img loading=\"lazy\" decoding=\"async\" class=\"wp-image-1168 alignleft\" src=\"https:\/\/urbanyouthgardensplatform.eu\/wp-content\/uploads\/2022\/10\/12.jpg\" alt=\"\" width=\"724\" height=\"543\" srcset=\"https:\/\/urbanyouthgardensplatform.eu\/wp-content\/uploads\/2022\/10\/12.jpg 960w, https:\/\/urbanyouthgardensplatform.eu\/wp-content\/uploads\/2022\/10\/12-300x225.jpg 300w, https:\/\/urbanyouthgardensplatform.eu\/wp-content\/uploads\/2022\/10\/12-768x576.jpg 768w, https:\/\/urbanyouthgardensplatform.eu\/wp-content\/uploads\/2022\/10\/12-16x12.jpg 16w, https:\/\/urbanyouthgardensplatform.eu\/wp-content\/uploads\/2022\/10\/12-120x90.jpg 120w, https:\/\/urbanyouthgardensplatform.eu\/wp-content\/uploads\/2022\/10\/12-240x180.jpg 240w, https:\/\/urbanyouthgardensplatform.eu\/wp-content\/uploads\/2022\/10\/12-360x270.jpg 360w, https:\/\/urbanyouthgardensplatform.eu\/wp-content\/uploads\/2022\/10\/12-480x360.jpg 480w, https:\/\/urbanyouthgardensplatform.eu\/wp-content\/uploads\/2022\/10\/12-820x615.jpg 820w\" sizes=\"auto, (max-width: 724px) 100vw, 724px\" \/><img loading=\"lazy\" decoding=\"async\" class=\"wp-image-1167 alignleft\" src=\"https:\/\/urbanyouthgardensplatform.eu\/wp-content\/uploads\/2022\/10\/24.jpg\" alt=\"\" width=\"723\" height=\"543\" srcset=\"https:\/\/urbanyouthgardensplatform.eu\/wp-content\/uploads\/2022\/10\/24.jpg 960w, https:\/\/urbanyouthgardensplatform.eu\/wp-content\/uploads\/2022\/10\/24-300x225.jpg 300w, https:\/\/urbanyouthgardensplatform.eu\/wp-content\/uploads\/2022\/10\/24-768x576.jpg 768w, https:\/\/urbanyouthgardensplatform.eu\/wp-content\/uploads\/2022\/10\/24-16x12.jpg 16w, https:\/\/urbanyouthgardensplatform.eu\/wp-content\/uploads\/2022\/10\/24-120x90.jpg 120w, https:\/\/urbanyouthgardensplatform.eu\/wp-content\/uploads\/2022\/10\/24-240x180.jpg 240w, https:\/\/urbanyouthgardensplatform.eu\/wp-content\/uploads\/2022\/10\/24-360x270.jpg 360w, https:\/\/urbanyouthgardensplatform.eu\/wp-content\/uploads\/2022\/10\/24-480x360.jpg 480w, https:\/\/urbanyouthgardensplatform.eu\/wp-content\/uploads\/2022\/10\/24-820x615.jpg 820w\" sizes=\"auto, (max-width: 723px) 100vw, 723px\" \/><\/h4>\n<h4><\/h4>\n<h4><\/h4>\n<h4><\/h4>\n<h4><\/h4>\n<h4><\/h4>\n<h4><\/h4>\n<h4><\/h4>\n<h4><\/h4>\n<h4><\/h4>\n<h4><\/h4>\n<h4><\/h4>\n<h4><\/h4>\n<h4><\/h4>\n<h4>Portata geografica e attivit\u00e0 principali<\/h4>\n<p>Le nostre attivit\u00e0 si svolgono sia a livello nazionale che europeo. Lavoriamo sia con i giovani che con gli operatori giovanili, sia locali che stranieri. \nOrganizziamo workshop, seminari e corsi di formazione. Nel corso degli anni, Prisms ha sviluppato la sua esperienza nel lavoro giovanile online e negli strumenti online che offrono agli operatori giovanili l'opportunit\u00e0 di impegnarsi con i giovani sia online che offline. Inoltre, stiamo attualmente fornendo formazione agli educatori di Malta nell'ambito delle sessioni della Community of Professional Educators (CoPE). La formazione riguarda la gestione della rabbia, l'integrazione delle caratteristiche online in un ambiente online e la comunicazione interculturale.<\/p>\n<p>Il successo dell'implementazione delle nostre iniziative \u00e8 attribuibile anche al fatto che Prisms ha sempre cercato di creare collaborazioni significative e abbiamo cos\u00ec creato partenariati nazionali con la Direzione dei Servizi Educativi, il San Gorg Preca College e la Migrants Learners Unit con il Ministero dell'Istruzione e dell'Occupazione, l'Istituto per gli Studi sul Turismo, il Malta College for Arts, Science and Technology (MCAST), la Platform for Human Rights Organisations in Malta (PHROM), la St. Patrick's School, la Fondazione Karl Vella, la Commissione per i diritti delle persone con disabilit\u00e0, Agenzija Sapport, Agenzija Zghazagh e Fondazzjoni Sebh. A livello europeo, Prisms fa parte di reti internazionali come Mais Cidadinia, PRISMA European Network, Anna Lindh Foundation e International Experiential Learning Network. Questo garantisce che le nostre iniziative siano di buona qualit\u00e0 e che offrano spazio agli operatori giovanili e ai giovani per costruire la propria capacit\u00e0 e quella della loro organizzazione, offrendo anche pratiche di lavoro giovanile di buona qualit\u00e0. Questi partenariati offrono la possibilit\u00e0 di scambiare le migliori pratiche.<\/p>\n<p>Fin dalla sua fondazione, Prisms ha realizzato progetti e organizzato corsi di formazione a livello nazionale ed europeo. Investiamo molto tempo e sforzi per promuovere il lavoro giovanile e l'educazione non formale in modo innovativo. La nostra organizzazione crede infatti che dovremmo essere dove sono i giovani e non dovremmo basare le nostre attivit\u00e0 sulla convinzione che i giovani vengano da noi, ma piuttosto dovremmo andare noi da loro.<\/p>\n<p>Per questo motivo tutte le nostre attivit\u00e0 e i nostri progetti si basano su un'analisi approfondita dei bisogni e sono costruiti da, con e per i giovani.  Altrettanto importante \u00e8 il fatto che crediamo che gli operatori giovanili e coloro che lavorano con i giovani debbano fare uso di pratiche di lavoro giovanile online per essere pi\u00f9 vicini ai giovani e per impegnarsi meglio con loro. In effetti, siamo impegnati in una serie di progetti che forniscono un lavoro giovanile di maggiore qualit\u00e0 attraverso servizi online.<\/p>\n\n\t\t<\/div>\n\t<\/div>\n<\/div><\/div><\/div><div class=\"nt_clearfix\"><\/div><div class=\"agro-section-wrapper ptb-140 section section--dark-bg vc_custom_1549793979536 nt_section_15416910 nt-has-responsive-data\" data-res-css=\"@media (max-width: 992px) {.nt_section_15416910{ padding-bottom: 84px !important; }} @media (max-width: 768px) {.nt_section_15416910{ padding-bottom: 54px !important; }}\"><div class=\"container container-stretch\"><div class=\"row\"><div class=\"section-heading--white nt-column col-sm-12\"><div class=\"nt-shortcode-wrapper\"><div class=\"section-heading section-heading--center item_6a01c9cdb4616\" data-res-css=\"     \" data-aos=\"fade\"><h2 class=\"__title\">GET <span>IN TOUCH<\/span><\/h2><\/div>\n<div class=\"wpcf7 no-js\" id=\"wpcf7-f12-o1\" lang=\"en-US\" dir=\"ltr\" data-wpcf7-id=\"12\">\n<div class=\"screen-reader-response\"><p role=\"status\" aria-live=\"polite\" aria-atomic=\"true\"><\/p> <ul><\/ul><\/div>\n<form action=\"\/it\/wp-json\/wp\/v2\/pages\/954#wpcf7-f12-o1\" method=\"post\" class=\"wpcf7-form init\" aria-label=\"Contact form\" novalidate=\"novalidate\" data-status=\"init\" data-trp-original-action=\"\/it\/wp-json\/wp\/v2\/pages\/954#wpcf7-f12-o1\">\n<fieldset class=\"hidden-fields-container\"><input type=\"hidden\" name=\"_wpcf7\" value=\"12\" \/><input type=\"hidden\" name=\"_wpcf7_version\" value=\"6.1.5\" \/><input type=\"hidden\" name=\"_wpcf7_locale\" value=\"en_US\" \/><input type=\"hidden\" name=\"_wpcf7_unit_tag\" value=\"wpcf7-f12-o1\" \/><input type=\"hidden\" name=\"_wpcf7_container_post\" value=\"0\" \/><input type=\"hidden\" name=\"_wpcf7_posted_data_hash\" value=\"\" \/><input type=\"hidden\" name=\"_wpcf7_recaptcha_response\" value=\"\" \/>\n<\/fieldset>\n<div class=\"contact-form js-contact-form\" data-aos=\"fade\">\n\t<div class=\"row\">\n\t\t<div class=\"col-12 col-md-6\">\n\t\t\t<div class=\"input-wrp\">\n\t\t\t\t<p><span class=\"wpcf7-form-control-wrap\" data-name=\"text-787\"><input size=\"40\" maxlength=\"400\" class=\"wpcf7-form-control wpcf7-text wpcf7-validates-as-required textfield\" aria-required=\"true\" aria-invalid=\"false\" placeholder=\"Your Name\" value=\"\" type=\"text\" name=\"text-787\" \/><\/span>\n\t\t\t\t<\/p>\n\t\t\t<\/div>\n\t\t<\/div>\n\t\t<div class=\"col-12 col-md-6\">\n\t\t\t<div class=\"input-wrp\">\n\t\t\t\t<p><span class=\"wpcf7-form-control-wrap\" data-name=\"text-788\"><input size=\"40\" maxlength=\"400\" class=\"wpcf7-form-control wpcf7-text wpcf7-validates-as-required textfield\" aria-required=\"true\" aria-invalid=\"false\" placeholder=\"Your E-mail\" value=\"\" type=\"text\" name=\"text-788\" \/><\/span>\n\t\t\t\t<\/p>\n\t\t\t<\/div>\n\t\t<\/div>\n\t<\/div>\n\t<div class=\"input-wrp\">\n\t\t<p><span class=\"wpcf7-form-control-wrap\" data-name=\"textarea-212\"><textarea cols=\"10\" rows=\"2\" maxlength=\"2000\" class=\"wpcf7-form-control wpcf7-textarea wpcf7-validates-as-required textfield\" aria-required=\"true\" aria-invalid=\"false\" placeholder=\"Your Message\" name=\"textarea-212\"><\/textarea><\/span>\n\t\t<\/p>\n\t<\/div>\n\t<div class=\"input-wrp\">\n\t\t<p><span class=\"wpcf7-form-control-wrap\" data-name=\"acceptance-855\"><span class=\"wpcf7-form-control wpcf7-acceptance\"><span class=\"wpcf7-list-item\"><label><input type=\"checkbox\" name=\"acceptance-855\" value=\"1\" aria-invalid=\"false\" \/><span class=\"wpcf7-list-item-label\">Accept our <a href=\"\/it\/privacy-policy\/\">Privacy Policy<\/a><\/span><\/label><\/span><\/span><\/span>\n\t\t<\/p>\n\t<\/div>\n\t<p><input class=\"wpcf7-form-control wpcf7-submit has-spinner custom-btn custom-btn--medium custom-btn--style-3 wide\" type=\"submit\" value=\"Send\" \/>\n\t<\/p>\n<\/div><div class=\"wpcf7-response-output\" aria-hidden=\"true\"><\/div>\n<input type=\"hidden\" name=\"trp-form-language\" value=\"it\"\/><\/form>\n<\/div>\n<\/div><\/div><\/div><\/div><\/div><div class=\"nt_clearfix\"><\/div>","protected":false},"excerpt":{"rendered":"Partner Prisms MaltaPartner Information Prisms is a group of experienced youth workers that in 2008 came together with the aim of creating an NGO that caters for the requirements of young people and those working with young people. Prisms aims to empower people with the skills, tools, information and values necessary for personal growth and...","protected":false},"author":1,"featured_media":0,"parent":0,"menu_order":0,"comment_status":"closed","ping_status":"closed","template":"custom-page.php","meta":{"_monsterinsights_skip_tracking":false,"_monsterinsights_sitenote_active":false,"_monsterinsights_sitenote_note":"","_monsterinsights_sitenote_category":0,"footnotes":""},"class_list":["post-954","page","type-page","status-publish","hentry"," nt-post-class"],"_links":{"self":[{"href":"https:\/\/urbanyouthgardensplatform.eu\/it\/wp-json\/wp\/v2\/pages\/954","targetHints":{"allow":["GET"]}}],"collection":[{"href":"https:\/\/urbanyouthgardensplatform.eu\/it\/wp-json\/wp\/v2\/pages"}],"about":[{"href":"https:\/\/urbanyouthgardensplatform.eu\/it\/wp-json\/wp\/v2\/types\/page"}],"author":[{"embeddable":true,"href":"https:\/\/urbanyouthgardensplatform.eu\/it\/wp-json\/wp\/v2\/users\/1"}],"replies":[{"embeddable":true,"href":"https:\/\/urbanyouthgardensplatform.eu\/it\/wp-json\/wp\/v2\/comments?post=954"}],"version-history":[{"count":15,"href":"https:\/\/urbanyouthgardensplatform.eu\/it\/wp-json\/wp\/v2\/pages\/954\/revisions"}],"predecessor-version":[{"id":1176,"href":"https:\/\/urbanyouthgardensplatform.eu\/it\/wp-json\/wp\/v2\/pages\/954\/revisions\/1176"}],"wp:attachment":[{"href":"https:\/\/urbanyouthgardensplatform.eu\/it\/wp-json\/wp\/v2\/media?parent=954"}],"curies":[{"name":"wp","href":"https:\/\/api.w.org\/{rel}","templated":true}]}}