{"id":996,"date":"2022-09-30T16:33:03","date_gmt":"2022-09-30T16:33:03","guid":{"rendered":"https:\/\/urbanyouthgardensplatform.eu\/?page_id=996"},"modified":"2023-05-16T18:01:28","modified_gmt":"2023-05-16T18:01:28","slug":"friendsoftheearth-malta","status":"publish","type":"page","link":"https:\/\/urbanyouthgardensplatform.eu\/it\/friendsoftheearth-malta\/","title":{"rendered":"Friends of the Earth &#8211; Malta"},"content":{"rendered":"<div class=\"agro-section-wrapper\"><div class=\"nt-column\"><div class=\"nt-shortcode-wrapper\"><div id=\"hero\" class=\"nt-shortcode-hero jarallax section_6a01cabd70270 vc_custom_1665941475774\" data-speed=\"0.7\" data-img-position=\"50% 80%\" data-res-css=\"          \"><div class=\"container\"><div class=\"row\"><div class=\"col-12 col-lg-7\"><h1 class=\"__title\"><span>Organization<\/span> <\/h1><\/div><\/div><\/div><\/div><\/div><\/div><\/div><div class=\"nt_clearfix\"><\/div><div class=\"agro-section-wrapper\"><div class=\"nt-column\"><div class=\"nt-shortcode-wrapper\"><div class=\"section section--no-pb about--1 md-hide-bg item_6a01cabd703d4 vc_custom_1665941396341\" data-res-css=\"              \"><div class=\"container\"><div class=\"section-heading\"><h2 class=\"__title\">Friends of the Earth Malta <span><\/span><\/h2><\/div><div class=\"row\"><div class=\"col-12 col-lg-6 col-xl-8\"><\/div><\/div><\/div><\/div>\n\t<div  class=\"wpb_single_image wpb_content_element vc_align_center  vc_custom_1666516276754\">\n\t\t\n\t\t<figure class=\"wpb_wrapper vc_figure\">\n\t\t\t<div class=\"vc_single_image-wrapper   vc_box_border_grey\"><img loading=\"lazy\" decoding=\"async\" width=\"297\" height=\"119\" src=\"https:\/\/urbanyouthgardensplatform.eu\/wp-content\/uploads\/2022\/10\/LogoFriendsofTheEarth.png\" class=\"vc_single_image-img attachment-medium\" alt=\"Friends of the Earth Malta\" title=\"Friends of the Earth Malta\" srcset=\"https:\/\/urbanyouthgardensplatform.eu\/wp-content\/uploads\/2022\/10\/LogoFriendsofTheEarth.png 297w, https:\/\/urbanyouthgardensplatform.eu\/wp-content\/uploads\/2022\/10\/LogoFriendsofTheEarth-120x48.png 120w, https:\/\/urbanyouthgardensplatform.eu\/wp-content\/uploads\/2022\/10\/LogoFriendsofTheEarth-240x96.png 240w\" sizes=\"auto, (max-width: 297px) 100vw, 297px\" \/><\/div>\n\t\t<\/figure>\n\t<\/div>\n<\/div><\/div><\/div><div class=\"nt_clearfix\"><\/div><div class=\"agro-section-wrapper\"><div class=\"nt-column col-sm-12\"><div class=\"nt-shortcode-wrapper\">\n\t<div class=\"wpb_text_column wpb_content_element  vc_custom_1666516394816\" >\n\t\t<div class=\"wpb_wrapper\">\n\t\t\t<p><b>Description of this organization: \u201c<\/b><span style=\"font-weight: 400;\">\"Friends of the Earth Malta\" \u00e8 attiva nel settore ambientale a Malta dal 1985. \u00c8 un'organizzazione indipendente e distinta da qualsiasi partito politico. Inoltre, non \u00e8 direttamente affiliata a nessun altro gruppo ambientalista di Malta, ma collabora con diverse ONG sociali e ambientali su questioni di interesse comune. Il loro obiettivo principale \u00e8 l'ambiente e lavorano per salvaguardare quello delle isole maltesi. Lavorano con i residenti di Malta per mostrare loro come diventare pi\u00f9 rispettosi dell'ambiente e pi\u00f9 sostenibili nella loro vita quotidiana.\u00a0<\/span><\/p>\n<p><b>Descrizione di come l\u2019organizzazione agisce in merito al giardinaggio urbano: <\/b><span style=\"font-weight: 400;\">L'orto comunitario di Friends of the Earth Malta si svolge presso la loro sede a La Valletta. Sono riusciti a creare un giardino urbano nel loro cortile principale. Questo progetto \u00e8 iniziato nel 2019 ed \u00e8 riuscito a trasformare quello che una volta era un arido cortile di cemento in un bel giardino urbano.\u00a0<\/span><\/p>\n<p><span style=\"font-weight: 400;\">Oggi, grazie a questo progetto, persone di tutti i ceti sociali e di tutte le et\u00e0 si incontrano regolarmente 3 volte a settimana per prendersi cura del giardino, interagendo insieme. Il giardino offre uno spazio in cui queste persone possono incontrarsi e socializzare insieme, mentre imparano alcuni nuovi consigli su come coltivare in modo urbano a casa propria.\u00a0<\/span><\/p>\n<p><span style=\"font-weight: 400;\">I prodotti coltivati vengono poi donati a enti di beneficenza locali dell'isola.<\/span><\/p>\n<p><b><img loading=\"lazy\" decoding=\"async\" class=\"alignleft wp-image-1226 size-full\" src=\"https:\/\/urbanyouthgardensplatform.eu\/wp-content\/uploads\/2022\/10\/2.jpg\" alt=\"Friends of the Earth Malta\" width=\"194\" height=\"259\" srcset=\"https:\/\/urbanyouthgardensplatform.eu\/wp-content\/uploads\/2022\/10\/2.jpg 194w, https:\/\/urbanyouthgardensplatform.eu\/wp-content\/uploads\/2022\/10\/2-9x12.jpg 9w, https:\/\/urbanyouthgardensplatform.eu\/wp-content\/uploads\/2022\/10\/2-90x120.jpg 90w, https:\/\/urbanyouthgardensplatform.eu\/wp-content\/uploads\/2022\/10\/2-180x240.jpg 180w\" sizes=\"auto, (max-width: 194px) 100vw, 194px\" \/>Indirizzo dell\u2019organizzazione: <\/b><span style=\"font-weight: 400;\">PO Box 1013, South Street, Valletta VLT 1000. Malta<\/span><\/p>\n<p><b>Contatto telefonico dell\u2019organizzazione: <\/b><span style=\"font-weight: 400;\">+356 7996 1460<\/span><\/p>\n<p><b>Email dell\u2019organizzazione: <\/b><a href=\"mailto:info@foemalta.org\"><span style=\"font-weight: 400;\">info@foemalta.org<\/span><\/a><\/p>\n<p><b>Sito web dell\u2019organizzazione: <\/b><a href=\"https:\/\/foemalta.org\/\"><span style=\"font-weight: 400;\">https:\/\/foemalta.org\/<\/span><\/a><\/p>\n<p><strong>Facebook: <\/strong><a href=\"https:\/\/www.facebook.com\/foemalta\">https:\/\/www.facebook.com\/foemalta<\/a><\/p>\n<p><strong>Instagram: <\/strong><a href=\"https:\/\/www.instagram.com\/foe_malta\">https:\/\/www.instagram.com\/foe_malta<\/a><\/p>\n\n\t\t<\/div>\n\t<\/div>\n<\/div><\/div><\/div><div class=\"nt_clearfix\"><\/div><div class=\"agro-section-wrapper ptb-140 section section--dark-bg vc_custom_1549793979536 nt_section_15417090 nt-has-responsive-data\" data-res-css=\"@media (max-width: 992px) {.nt_section_15417090{ padding-bottom: 84px !important; }} @media (max-width: 768px) {.nt_section_15417090{ padding-bottom: 54px !important; }}\"><div class=\"container container-stretch\"><div class=\"row\"><div class=\"section-heading--white nt-column col-sm-12\"><div class=\"nt-shortcode-wrapper\"><div class=\"section-heading section-heading--center item_6a01cabd70a06\" data-res-css=\"     \" data-aos=\"fade\"><h2 class=\"__title\">GET <span>IN TOUCH<\/span><\/h2><\/div>\n<div class=\"wpcf7 no-js\" id=\"wpcf7-f12-o1\" lang=\"en-US\" dir=\"ltr\" data-wpcf7-id=\"12\">\n<div class=\"screen-reader-response\"><p role=\"status\" aria-live=\"polite\" aria-atomic=\"true\"><\/p> <ul><\/ul><\/div>\n<form action=\"\/it\/wp-json\/wp\/v2\/pages\/996#wpcf7-f12-o1\" method=\"post\" class=\"wpcf7-form init\" aria-label=\"Contact form\" novalidate=\"novalidate\" data-status=\"init\" data-trp-original-action=\"\/it\/wp-json\/wp\/v2\/pages\/996#wpcf7-f12-o1\">\n<fieldset class=\"hidden-fields-container\"><input type=\"hidden\" name=\"_wpcf7\" value=\"12\" \/><input type=\"hidden\" name=\"_wpcf7_version\" value=\"6.1.5\" \/><input type=\"hidden\" name=\"_wpcf7_locale\" value=\"en_US\" \/><input type=\"hidden\" name=\"_wpcf7_unit_tag\" value=\"wpcf7-f12-o1\" \/><input type=\"hidden\" name=\"_wpcf7_container_post\" value=\"0\" \/><input type=\"hidden\" name=\"_wpcf7_posted_data_hash\" value=\"\" \/><input type=\"hidden\" name=\"_wpcf7_recaptcha_response\" value=\"\" \/>\n<\/fieldset>\n<div class=\"contact-form js-contact-form\" data-aos=\"fade\">\n\t<div class=\"row\">\n\t\t<div class=\"col-12 col-md-6\">\n\t\t\t<div class=\"input-wrp\">\n\t\t\t\t<p><span class=\"wpcf7-form-control-wrap\" data-name=\"text-787\"><input size=\"40\" maxlength=\"400\" class=\"wpcf7-form-control wpcf7-text wpcf7-validates-as-required textfield\" aria-required=\"true\" aria-invalid=\"false\" placeholder=\"Your Name\" value=\"\" type=\"text\" name=\"text-787\" \/><\/span>\n\t\t\t\t<\/p>\n\t\t\t<\/div>\n\t\t<\/div>\n\t\t<div class=\"col-12 col-md-6\">\n\t\t\t<div class=\"input-wrp\">\n\t\t\t\t<p><span class=\"wpcf7-form-control-wrap\" data-name=\"text-788\"><input size=\"40\" maxlength=\"400\" class=\"wpcf7-form-control wpcf7-text wpcf7-validates-as-required textfield\" aria-required=\"true\" aria-invalid=\"false\" placeholder=\"Your E-mail\" value=\"\" type=\"text\" name=\"text-788\" \/><\/span>\n\t\t\t\t<\/p>\n\t\t\t<\/div>\n\t\t<\/div>\n\t<\/div>\n\t<div class=\"input-wrp\">\n\t\t<p><span class=\"wpcf7-form-control-wrap\" data-name=\"textarea-212\"><textarea cols=\"10\" rows=\"2\" maxlength=\"2000\" class=\"wpcf7-form-control wpcf7-textarea wpcf7-validates-as-required textfield\" aria-required=\"true\" aria-invalid=\"false\" placeholder=\"Your Message\" name=\"textarea-212\"><\/textarea><\/span>\n\t\t<\/p>\n\t<\/div>\n\t<div class=\"input-wrp\">\n\t\t<p><span class=\"wpcf7-form-control-wrap\" data-name=\"acceptance-855\"><span class=\"wpcf7-form-control wpcf7-acceptance\"><span class=\"wpcf7-list-item\"><label><input type=\"checkbox\" name=\"acceptance-855\" value=\"1\" aria-invalid=\"false\" \/><span class=\"wpcf7-list-item-label\">Accept our <a href=\"\/it\/privacy-policy\/\">Privacy Policy<\/a><\/span><\/label><\/span><\/span><\/span>\n\t\t<\/p>\n\t<\/div>\n\t<p><input class=\"wpcf7-form-control wpcf7-submit has-spinner custom-btn custom-btn--medium custom-btn--style-3 wide\" type=\"submit\" value=\"Send\" \/>\n\t<\/p>\n<\/div><div class=\"wpcf7-response-output\" aria-hidden=\"true\"><\/div>\n<input type=\"hidden\" name=\"trp-form-language\" value=\"it\"\/><\/form>\n<\/div>\n<\/div><\/div><\/div><\/div><\/div><div class=\"nt_clearfix\"><\/div>","protected":false},"excerpt":{"rendered":"Organization Friends of the Earth Malta Description of this organization: \u201cFriends of the Earth Malta\u201d has been active in the environmental field in Malta since 1985. It is an independent organization that is distinct from any political party. They are also not directly affiliated with any other environmental group in Malta but work with several...","protected":false},"author":1,"featured_media":0,"parent":0,"menu_order":0,"comment_status":"closed","ping_status":"closed","template":"custom-page.php","meta":{"_monsterinsights_skip_tracking":false,"_monsterinsights_sitenote_active":false,"_monsterinsights_sitenote_note":"","_monsterinsights_sitenote_category":0,"footnotes":""},"class_list":["post-996","page","type-page","status-publish","hentry"," nt-post-class"],"_links":{"self":[{"href":"https:\/\/urbanyouthgardensplatform.eu\/it\/wp-json\/wp\/v2\/pages\/996","targetHints":{"allow":["GET"]}}],"collection":[{"href":"https:\/\/urbanyouthgardensplatform.eu\/it\/wp-json\/wp\/v2\/pages"}],"about":[{"href":"https:\/\/urbanyouthgardensplatform.eu\/it\/wp-json\/wp\/v2\/types\/page"}],"author":[{"embeddable":true,"href":"https:\/\/urbanyouthgardensplatform.eu\/it\/wp-json\/wp\/v2\/users\/1"}],"replies":[{"embeddable":true,"href":"https:\/\/urbanyouthgardensplatform.eu\/it\/wp-json\/wp\/v2\/comments?post=996"}],"version-history":[{"count":10,"href":"https:\/\/urbanyouthgardensplatform.eu\/it\/wp-json\/wp\/v2\/pages\/996\/revisions"}],"predecessor-version":[{"id":1337,"href":"https:\/\/urbanyouthgardensplatform.eu\/it\/wp-json\/wp\/v2\/pages\/996\/revisions\/1337"}],"wp:attachment":[{"href":"https:\/\/urbanyouthgardensplatform.eu\/it\/wp-json\/wp\/v2\/media?parent=996"}],"curies":[{"name":"wp","href":"https:\/\/api.w.org\/{rel}","templated":true}]}}