{"id":1012,"date":"2022-10-16T17:27:13","date_gmt":"2022-10-16T17:27:13","guid":{"rendered":"https:\/\/urbanyouthgardensplatform.eu\/?page_id=1012"},"modified":"2022-10-22T16:24:17","modified_gmt":"2022-10-22T16:24:17","slug":"about-us","status":"publish","type":"page","link":"https:\/\/urbanyouthgardensplatform.eu\/mt\/about-us\/","title":{"rendered":"Dwar il-Progett"},"content":{"rendered":"<div class=\"agro-section-wrapper\"><div class=\"nt-column\"><div class=\"nt-shortcode-wrapper\"><div id=\"hero\" class=\"nt-shortcode-hero jarallax section_6a02022d8cf1e vc_custom_1664555721810\" data-speed=\"0.7\" data-img-position=\"50% 80%\" data-res-css=\"          \"><div class=\"container\"><div class=\"row\"><div class=\"col-12 col-lg-7\"><h1 class=\"__title\"><span>Dwar<\/span> Il-Pro\u0121ett<\/h1><\/div><\/div><\/div><\/div><\/div><\/div><\/div><div class=\"nt_clearfix\"><\/div><div class=\"agro-section-wrapper\"><div class=\"nt-column\"><div class=\"nt-shortcode-wrapper\"><div class=\"section section--no-pb about--1 md-hide-bg item_6a02022d8d0b2 vc_custom_1664555740752\" data-res-css=\"              \"><div class=\"container\"><div class=\"section-heading\"><h2 class=\"__title\">Min <span>Ahna<\/span><\/h2><\/div><div class=\"row\"><div class=\"col-12 col-lg-6 col-xl-8\"><\/div><\/div><\/div><\/div><\/div><\/div><\/div><div class=\"nt_clearfix\"><\/div><div class=\"agro-section-wrapper\"><div class=\"nt-column col-sm-12\"><div class=\"nt-shortcode-wrapper\">\n\t<div class=\"wpb_text_column wpb_content_element  vc_custom_1664556051501\" >\n\t\t<div class=\"wpb_wrapper\">\n\t\t\t<p>\u0126afna \u017cg\u0127a\u017cag\u0127 illum i\u0127ossu li huma &#039;l bog\u0127od min-natura min\u0127abba l-istil ta&#039; \u0127ajja mg\u0127a\u0121\u0121la\nta\u010b-\u010bentri urbani, fejn \u0127afna drabi jonqoshom bi\u017c\u017cejjed punti \u0127odor. Id-distanza min-natura,\nspe\u010bjalment waqt il-kwarantina tal-COVID-19, wassal biex in-nies ibatu minn diversi\nproblemi fi\u017ci\u010bi u mentali, li minnhom jistg\u0127u possibilment jirkupraw biss billi jer\u0121g\u0127u\njing\u0127aqdu man-natura (Baral, 2020).<\/p>\n<p>B\u0127ala ri\u017cultat, i\u017c-\u017cg\u0127a\u017cag\u0127 jidhru li \u017cviluppaw bi\u017c\u017cejjed is-sens ta &#039;kultura ambjentali, li\njinkludi l-akkwist ta&#039; attitudni kuxjenzju\u017ca lejn in-natura, il-mentalit\u00e0 li jirrealizzaw u\njapprezzaw l-artistrija u r-rikkezza tal-ambjent, il-kapa\u010bit\u00e0 li jorganizzaw azzjonijiet\nambjentalment kompetenti, li jadottaw stil ta &#039;\u0127ajja attiv, u jesprimu intolleranza g\u0127al\nmanifestazzjonijiet li ja\u0121ixxu kontra n-natura (Ernazarov, 2019).<\/p>\n<p>Il-\u0127tie\u0121a li \u017c-\u017cg\u0127a\u017cag\u0127 jer\u0121g\u0127u jg\u0127aqqdu man-natura hija kritika. \u0126afna drabi, l-g\u0127aqdiet ta\u017c-\n\u017cg\u0127a\u017cag\u0127 jorganizzaw sessjonijiet ta\u2019 trekking u sessjonijiet o\u0127ra fil-bera\u0127 fejn i\u017c-\u017cg\u0127a\u017cag\u0127\njibqghu mistag\u0127\u0121bin bil-pajsa\u0121\u0121, min\u0127abba n-nuqqas ta\u2019 konnessjoni man-natura. Inhass l\nB\u2019hekk \u017c-\u017cg\u0127a\u017cag\u0127 jigu aktar konxji ta\u2019 dak li hemm b\u017conn biex jitkabbar l-ikel u behkk jigu\naktar konxji tal-process kollu u dan jnaqqas l-hela tal ikel.<\/p>\n<p>Illum il-\u0121urnata, il-bliet mhux qed jipprovdu bi\u017c\u017cejjed spazji \u0127odor g\u0127a\u010b-\u010bittadini, filwaqt li\ndawk di\u0121\u00e0 stabbiliti mhumiex u\u017cati bil-potenzjal s\u0127i\u0127 tag\u0127hom u mhumiex mi\u017cmuma kif\nsuppost. Rapport wera li l-ispazji \u0127odor urbani huma meqjusa b\u0127ala kontributuri ta\u2019 kwalit\u00e0\ntal-\u0127ajja mtejba ta\u010b-\u010bittadini (Valutazzjoni tal-Ekosistema tal-Millenju, 2005). Kieku \u017c-\n\u017cg\u0127a\u017cag\u0127 kellhom i\u010b-\u010bans jinvolvu ru\u0127hom b'mod attiv f'dawn l-ispazji \u0127odor urbani, il-\nbenefi\u010b\u010bji g\u0127alihom u g\u0127all-belt ikunu ta' sinifikat kbir. It-twaqqif ta\u2019 spazji ta\u2019 \u0121bir komuni\ng\u0127a\u017c-\u017cg\u0127a\u017cag\u0127 jg\u0127inhom ukoll ji\u017cviluppaw rabtiet so\u010bjali ma\u2019 xulxin.\n\nMin dawn l bzjonnijiet, twieldet l-idea ta\u2019 \u0120onna ta\u017c-\u017bg\u0127a\u017cag\u0127 Urbani, li g\u0127andhom l-g\u0127an li\njer\u0121g\u0127u jg\u0127aqqdu li\u017c-\u017cg\u0127a\u017cag\u0127 man-natura filwaqt li fl-istess \u0127in ji\u0121u rinnovati l-ispazji\n\u0127odor tal-bliet billi jg\u0127allmu li\u017c-\u017cg\u0127a\u017cag\u0127 kif jutilizzaw l-ispazji pubbli\u010bi u jibdluhom f\u2019\n\u0121onna urbani.<\/p>\n<p>L-g\u0127anijiet tal-pro\u0121ett huma dawn li \u0121ejjin:<\/p>\n<p>- Biex ji\u017cdied is-sens ta\u2019 \u010bittadinanza responsabbli u attiva fi\u017c-\u017cg\u0127a\u017cag\u0127 u jigi enfasizzat l-\nimportanza ta\u2019 spazji \u0127odor urbani g\u0127all- kreazzjoni ta gonna runabi<br \/>\n- Biex tg\u0127in li\u017c-\u017cg\u0127a\u017cag\u0127 jikkunsidraw il-prevenzjoni tal-\u0127ela tal-ikel u jikkultivaw mentalit\u00e0\nekolo\u0121ika.<br \/>\n- Li tipprovdi esperjenza prattika li\u017c-\u017cg\u0127a\u017cag\u0127 u lill-\u0127addiema ta\u017c-\u017cg\u0127a\u017cag\u0127 li se jibbenefikaw\nmhux biss minnhom, i\u017cda wkoll l-organizzazzjoni tag\u0127hom billi ji\u017cviluppaw pro\u0121etti agrikoli\nflimkien mag\u0127hom.<br \/>\n- Li jin\u0127olqu spazji komuni fl-infrastrutturi urbani fejn i\u010b-\u010bittadini jistg\u0127u jirrilassaw u jgawdu\nn-natura.<br \/>\n- Li jin\u0127olqu spazji pubbli\u010bi muni\u010bipali li jiffjorixxu bi spazji \u0127odor li se jin\u017cammu spiss mill-\nkomunit\u00e0 nnifisha.<\/p>\n<p>Nittamaw li ssibu l-materjal fuq din il-websajt utli, u li tag\u0127mel u\u017cu minnu mal-istudenti jew\ni\u017c-\u017cg\u0127a\u017cag\u0127 li ta\u0127dem mag\u0127hom. Jekk tiltaqa&#039; ma&#039; xi diffikultajiet, \u0127ossok liberu li\ntikkuntattjana.<\/p>\n<p><strong>Erasmus+<\/p>\n<p><\/strong>Erasmus+ g\u0127andu l-g\u0127an li jsa\u0127\u0127a\u0127 il-\u0127iliet u l-impjegabbilt\u00e0, u jimmodernizza l-\nEdukazzjoni, it-Ta\u0127ri\u0121 u x-xog\u0127ol ta\u017c-\u017bg\u0127a\u017cag\u0127.<\/p>\n<p>L-edukazzjoni, it-ta\u0127ri\u0121 u t-tag\u0127lim mhux formali ta\u017c-\u017cg\u0127a\u017cag\u0127 huma essenzjali g\u0127all-\u0127olqien\ntal-impjiegi u t-titjib tal-kompetittivit\u00e0 tal-Ewropa.\n\nMatul l-a\u0127\u0127ar seba\u2019 snin, Erasmus+ ipprovda \u20ac14.7 biljun biex isa\u0127\u0127a\u0127 l-edukazzjoni, it-\nta\u0127ri\u0121, i\u017c-\u017cg\u0127a\u017cag\u0127 u l-isport fl-Ewropa, li ppermetta li aktar minn 4 miljun \u017cag\u0127\u017cug\u0127 jiksbu\nesperjenza u \u0127iliet billi jistudjaw, jit\u0127arr\u0121u jew jag\u0127mlu\n\nvolontarjat barra minn pajji\u017chom. Il-programm appo\u0121\u0121a wkoll aktar minn 125,000\nistituzzjoni u organizzazzjoni biex ja\u0127dmu ma\u2019 s\u0127abhom f\u2019pajji\u017ci o\u0127ra biex jinnovaw u\njimmodernizzaw il-prattika tat-tag\u0127lim u x-xog\u0127ol ta\u017c-\u017cg\u0127a\u017cag\u0127. Flimkien g\u0127enu biex\nji\u017cguraw li dawn i\u017c-\u017cg\u0127a\u017cag\u0127 u l-adulti jiksbu l-\u0127iliet li je\u0127tie\u0121u biex jirnexxu fid-dinja tal-\nlum.<\/p>\n<p>L-g\u0127anijiet \u0121enerali ta\u2019 Erasmus+ jikkontribwixxu g\u0127all-kisba ta\u2019:<\/p>\n<p>- L-objettivi tal-Istrate\u0121ija Ewropa 2020, inklu\u017ca l-mira ewlenija tal-edukazzjoni;<br \/>\n- L-g\u0127anijiet tal-qafas strate\u0121iku g\u0127all-kooperazzjoni Ewropea fl-edukazzjoni u t-ta\u0127ri\u0121 (ET\n2020), inklu\u017ci l-punti ta\u2019 referenza korrispondenti;<br \/>\n- L-i\u017cvilupp sostenibbli tal-Pajji\u017ci Msie\u0127ba fil-qasam tal-edukazzjoni g\u0127olja;<br \/>\n- L-g\u0127anijiet \u0121enerali tal-qafas im\u0121edded g\u0127all-kooperazzjoni Ewropea fil-qasam ta\u017c-\n\u017cg\u0127a\u017cag\u0127 (2010-2018);<br \/>\n- L-g\u0127an li ti\u0121i \u017cviluppata d-dimensjoni Ewropea fl-isport, b'mod partikolari l-isport popolari,\nf'konformit\u00e0 mal-pjan ta' \u0127idma tal-UE g\u0127all-isport;<br \/>\n- Il-promozzjoni tal-valuri Ewropej skond l-Artikolu 2 tat-Trattat dwar l-Unjoni\nEwropea.<\/p>\n<p><strong>Dan il-pro\u0121ett kien iffinanzjat mi\u010b-\u010biklu Erasmus+ 2021-2027.<\/strong><\/p>\n\n\t\t<\/div>\n\t<\/div>\n<\/div><\/div><\/div><div class=\"nt_clearfix\"><\/div><div class=\"agro-section-wrapper ptb-140 section section--dark-bg vc_custom_1549793979536 nt_section_15412848 nt-has-responsive-data\" data-res-css=\"@media (max-width: 992px) {.nt_section_15412848{ padding-bottom: 84px !important; }} @media (max-width: 768px) {.nt_section_15412848{ padding-bottom: 54px !important; }}\"><div class=\"container container-stretch\"><div class=\"row\"><div class=\"section-heading--white nt-column col-sm-12\"><div class=\"nt-shortcode-wrapper\"><div class=\"section-heading section-heading--center item_6a02022d8d500\" data-res-css=\"     \" data-aos=\"fade\"><h2 class=\"__title\">GET <span>IN TOUCH<\/span><\/h2><\/div>\n<div class=\"wpcf7 no-js\" id=\"wpcf7-f12-o1\" lang=\"en-US\" dir=\"ltr\" data-wpcf7-id=\"12\">\n<div class=\"screen-reader-response\"><p role=\"status\" aria-live=\"polite\" aria-atomic=\"true\"><\/p> <ul><\/ul><\/div>\n<form action=\"\/mt\/wp-json\/wp\/v2\/pages\/1012#wpcf7-f12-o1\" method=\"post\" class=\"wpcf7-form init\" aria-label=\"Contact form\" novalidate=\"novalidate\" data-status=\"init\" data-trp-original-action=\"\/mt\/wp-json\/wp\/v2\/pages\/1012#wpcf7-f12-o1\">\n<fieldset class=\"hidden-fields-container\"><input type=\"hidden\" name=\"_wpcf7\" value=\"12\" \/><input type=\"hidden\" name=\"_wpcf7_version\" value=\"6.1.5\" \/><input type=\"hidden\" name=\"_wpcf7_locale\" value=\"en_US\" \/><input type=\"hidden\" name=\"_wpcf7_unit_tag\" value=\"wpcf7-f12-o1\" \/><input type=\"hidden\" name=\"_wpcf7_container_post\" value=\"0\" \/><input type=\"hidden\" name=\"_wpcf7_posted_data_hash\" value=\"\" \/><input type=\"hidden\" name=\"_wpcf7_recaptcha_response\" value=\"\" \/>\n<\/fieldset>\n<div class=\"contact-form js-contact-form\" data-aos=\"fade\">\n\t<div class=\"row\">\n\t\t<div class=\"col-12 col-md-6\">\n\t\t\t<div class=\"input-wrp\">\n\t\t\t\t<p><span class=\"wpcf7-form-control-wrap\" data-name=\"text-787\"><input size=\"40\" maxlength=\"400\" class=\"wpcf7-form-control wpcf7-text wpcf7-validates-as-required textfield\" aria-required=\"true\" aria-invalid=\"false\" placeholder=\"Your Name\" value=\"\" type=\"text\" name=\"text-787\" \/><\/span>\n\t\t\t\t<\/p>\n\t\t\t<\/div>\n\t\t<\/div>\n\t\t<div class=\"col-12 col-md-6\">\n\t\t\t<div class=\"input-wrp\">\n\t\t\t\t<p><span class=\"wpcf7-form-control-wrap\" data-name=\"text-788\"><input size=\"40\" maxlength=\"400\" class=\"wpcf7-form-control wpcf7-text wpcf7-validates-as-required textfield\" aria-required=\"true\" aria-invalid=\"false\" placeholder=\"Your E-mail\" value=\"\" type=\"text\" name=\"text-788\" \/><\/span>\n\t\t\t\t<\/p>\n\t\t\t<\/div>\n\t\t<\/div>\n\t<\/div>\n\t<div class=\"input-wrp\">\n\t\t<p><span class=\"wpcf7-form-control-wrap\" data-name=\"textarea-212\"><textarea cols=\"10\" rows=\"2\" maxlength=\"2000\" class=\"wpcf7-form-control wpcf7-textarea wpcf7-validates-as-required textfield\" aria-required=\"true\" aria-invalid=\"false\" placeholder=\"Your Message\" name=\"textarea-212\"><\/textarea><\/span>\n\t\t<\/p>\n\t<\/div>\n\t<div class=\"input-wrp\">\n\t\t<p><span class=\"wpcf7-form-control-wrap\" data-name=\"acceptance-855\"><span class=\"wpcf7-form-control wpcf7-acceptance\"><span class=\"wpcf7-list-item\"><label><input type=\"checkbox\" name=\"acceptance-855\" value=\"1\" aria-invalid=\"false\" \/><span class=\"wpcf7-list-item-label\">Accept our <a href=\"\/mt\/privacy-policy\/\">Privacy Policy<\/a><\/span><\/label><\/span><\/span><\/span>\n\t\t<\/p>\n\t<\/div>\n\t<p><input class=\"wpcf7-form-control wpcf7-submit has-spinner custom-btn custom-btn--medium custom-btn--style-3 wide\" type=\"submit\" value=\"Send\" \/>\n\t<\/p>\n<\/div><div class=\"wpcf7-response-output\" aria-hidden=\"true\"><\/div>\n<input type=\"hidden\" name=\"trp-form-language\" value=\"mt\"\/><\/form>\n<\/div>\n<\/div><\/div><\/div><\/div><\/div><div class=\"nt_clearfix\"><\/div>","protected":false},"excerpt":{"rendered":"ABOUT THE PROJECTAbout Us Many young people today feel that are distant from nature due to the rushing lifestyle ofurban centres, where sufficient green spots often lack. Distancing from nature, especially during the COVID 19 quarantine, has caused people to suffer from various physical and mental problems, from which they might possibly recover only through...","protected":false},"author":1,"featured_media":0,"parent":0,"menu_order":0,"comment_status":"closed","ping_status":"closed","template":"custom-page.php","meta":{"_monsterinsights_skip_tracking":false,"_monsterinsights_sitenote_active":false,"_monsterinsights_sitenote_note":"","_monsterinsights_sitenote_category":0,"footnotes":""},"class_list":["post-1012","page","type-page","status-publish","hentry"," nt-post-class"],"_links":{"self":[{"href":"https:\/\/urbanyouthgardensplatform.eu\/mt\/wp-json\/wp\/v2\/pages\/1012","targetHints":{"allow":["GET"]}}],"collection":[{"href":"https:\/\/urbanyouthgardensplatform.eu\/mt\/wp-json\/wp\/v2\/pages"}],"about":[{"href":"https:\/\/urbanyouthgardensplatform.eu\/mt\/wp-json\/wp\/v2\/types\/page"}],"author":[{"embeddable":true,"href":"https:\/\/urbanyouthgardensplatform.eu\/mt\/wp-json\/wp\/v2\/users\/1"}],"replies":[{"embeddable":true,"href":"https:\/\/urbanyouthgardensplatform.eu\/mt\/wp-json\/wp\/v2\/comments?post=1012"}],"version-history":[{"count":2,"href":"https:\/\/urbanyouthgardensplatform.eu\/mt\/wp-json\/wp\/v2\/pages\/1012\/revisions"}],"predecessor-version":[{"id":1173,"href":"https:\/\/urbanyouthgardensplatform.eu\/mt\/wp-json\/wp\/v2\/pages\/1012\/revisions\/1173"}],"wp:attachment":[{"href":"https:\/\/urbanyouthgardensplatform.eu\/mt\/wp-json\/wp\/v2\/media?parent=1012"}],"curies":[{"name":"wp","href":"https:\/\/api.w.org\/{rel}","templated":true}]}}