{"id":1021,"date":"2022-10-17T19:31:23","date_gmt":"2022-10-17T19:31:23","guid":{"rendered":"https:\/\/urbanyouthgardensplatform.eu\/?page_id=1021"},"modified":"2023-05-16T18:03:55","modified_gmt":"2023-05-16T18:03:55","slug":"zebbugcouncil-malta","status":"publish","type":"page","link":"https:\/\/urbanyouthgardensplatform.eu\/mt\/zebbugcouncil-malta\/","title":{"rendered":"Zebbug Local Council &#8211; Malta"},"content":{"rendered":"<div class=\"agro-section-wrapper\"><div class=\"nt-column\"><div class=\"nt-shortcode-wrapper\"><div id=\"hero\" class=\"nt-shortcode-hero jarallax section_6a01ca14131bf vc_custom_1665941475774\" data-speed=\"0.7\" data-img-position=\"50% 80%\" data-res-css=\"          \"><div class=\"container\"><div class=\"row\"><div class=\"col-12 col-lg-7\"><h1 class=\"__title\"><span>Organization<\/span> <\/h1><\/div><\/div><\/div><\/div><\/div><\/div><\/div><div class=\"nt_clearfix\"><\/div><div class=\"agro-section-wrapper\"><div class=\"nt-column\"><div class=\"nt-shortcode-wrapper\"><div class=\"section section--no-pb about--1 md-hide-bg item_6a01ca1413352 vc_custom_1666035194577\" data-res-css=\"              \"><div class=\"container\"><div class=\"section-heading\"><h2 class=\"__title\">Zebbug Local Council Malta <span><\/span><\/h2><\/div><div class=\"row\"><div class=\"col-12 col-lg-6 col-xl-8\"><\/div><\/div><\/div><\/div>\n\t<div  class=\"wpb_single_image wpb_content_element vc_align_center  vc_custom_1666516500392\">\n\t\t\n\t\t<figure class=\"wpb_wrapper vc_figure\">\n\t\t\t<div class=\"vc_single_image-wrapper   vc_box_border_grey\"><img loading=\"lazy\" decoding=\"async\" width=\"178\" height=\"284\" src=\"https:\/\/urbanyouthgardensplatform.eu\/wp-content\/uploads\/2022\/10\/3.png\" class=\"vc_single_image-img attachment-medium\" alt=\"Zebbug Local Council Malta\" title=\"Zebbug Local Council Malta\" srcset=\"https:\/\/urbanyouthgardensplatform.eu\/wp-content\/uploads\/2022\/10\/3.png 178w, https:\/\/urbanyouthgardensplatform.eu\/wp-content\/uploads\/2022\/10\/3-8x12.png 8w, https:\/\/urbanyouthgardensplatform.eu\/wp-content\/uploads\/2022\/10\/3-75x120.png 75w, https:\/\/urbanyouthgardensplatform.eu\/wp-content\/uploads\/2022\/10\/3-150x240.png 150w\" sizes=\"auto, (max-width: 178px) 100vw, 178px\" \/><\/div>\n\t\t<\/figure>\n\t<\/div>\n<\/div><\/div><\/div><div class=\"nt_clearfix\"><\/div><div class=\"agro-section-wrapper\"><div class=\"nt-column col-sm-12\"><div class=\"nt-shortcode-wrapper\">\n\t<div class=\"wpb_text_column wpb_content_element  vc_custom_1666516490468\" >\n\t\t<div class=\"wpb_wrapper\">\n\t\t\t<p class=\"translation-block\">Deskrizzjoni ta\u2019 din l-organizzazzjoni: Il-kunsill lokali ta\u017c-\u017bebbu\u0121 huwa l-kunsill li ji\u017cgura li jiskopri l-b\u017connijiet tal-belt ta\u017c-\u017bebbu\u0121 u n-nies tag\u0127ha. Jag\u0127mel \u010bert li jindirizza l-b\u017connijiet kollha li jinqalg\u0127u sabiex il-belt tin\u017camm fi stat tajjeb.\nIl-Belt ta\u2019 \u0126a\u017c-\u017bebbu\u0121 hija mag\u0127rufa wkoll bit-titlu tag\u0127ha Citt\u00e0 Rohan, hija belt fir-Re\u0121jun tan-Nofsinhar ta\u2019 Malta. Hija u wa\u0127da mill-eqdem bliet fil-pajji\u017c. Il-popolazzjoni tag\u0127ha f\u2019\u0120unju 2021 kienet ta\u2019 11,074. Hija wa\u0127 mill-aktar bliet b'popolazzjoni densa fuq il-g\u017cira.<\/p>\n<p><b>Deskrizzjoni ta 'dak li jag\u0127mlu fir-rigward tal-\u0121ardina\u0121\u0121 urban: <\/b><span style=\"font-weight: 400;\">Peress li din il-belt hija wa\u0127da mill-aktar popolati, il-kunsill lokali dde\u010bieda li jo\u0127loq \u0121nien komunitarju g\u0127an-nies tal-lokal li jixtiequ jag\u0127mlu volontarjat u jitg\u0127allmu xi \u0127iliet tal-\u0121ardina\u0121\u0121 waqt li jiltaqg\u0127u ma\u2019 nies o\u0127ra. Din l-avventura bdiet fl-2017 bi grupp ta\u2019 madwar 5 \u017cg\u0127a\u017cag\u0127 li attendew g\u0127all-ewwel laqg\u0127a.<\/span><\/p>\n<p class=\"translation-block\">Illum, il-grupp huwa mag\u0127mul minn madwar 40 persuna u jiltaqg\u0127u regolarment kultant kuljum spe\u010bjalment fix-xhur tas-sajf. Li g\u0127amlu hu li rnexxielhom jibdlu \u0121nien antik abbandunat fil-belt f\u2019post fejn kul\u0127add jista\u2019 ji\u0121i u jgawdi n-natura ming\u0127ajr periklu. Il-grupp qed ikabbar ukoll u jbig\u0127 l-u\u010bu\u0127 tar-raba\u2019 lill-vi\u017citaturi li ji\u0121u fil-\u0121nien.<\/p>\n<p><b><img loading=\"lazy\" decoding=\"async\" class=\"alignleft wp-image-1200 size-medium\" src=\"https:\/\/urbanyouthgardensplatform.eu\/wp-content\/uploads\/2022\/10\/4-300x270.jpg\" alt=\"Zebbug Local Council Malta\" width=\"300\" height=\"270\" srcset=\"https:\/\/urbanyouthgardensplatform.eu\/wp-content\/uploads\/2022\/10\/4-300x270.jpg 300w, https:\/\/urbanyouthgardensplatform.eu\/wp-content\/uploads\/2022\/10\/4-13x12.jpg 13w, https:\/\/urbanyouthgardensplatform.eu\/wp-content\/uploads\/2022\/10\/4-120x108.jpg 120w, https:\/\/urbanyouthgardensplatform.eu\/wp-content\/uploads\/2022\/10\/4-240x216.jpg 240w, https:\/\/urbanyouthgardensplatform.eu\/wp-content\/uploads\/2022\/10\/4-360x324.jpg 360w, https:\/\/urbanyouthgardensplatform.eu\/wp-content\/uploads\/2022\/10\/4-480x432.jpg 480w, https:\/\/urbanyouthgardensplatform.eu\/wp-content\/uploads\/2022\/10\/4.jpg 570w\" sizes=\"auto, (max-width: 300px) 100vw, 300px\" \/>Indirizz tal-organizzazzjoni: <\/b><span style=\"font-weight: 400;\">129 Triq L-Isqof Caruana, \u0126a\u017c-\u017bebbu\u0121<\/span><\/p>\n<p><b>Telefon tal-Organizzazzjoni: <\/b><span style=\"font-weight: 400;\">+356 2146 8181<\/span><\/p>\n<p><b>Imejl tal-organizzazzjoni: <\/b><a href=\"mailto:zebbug.malta.lc@gov.mt\"><span style=\"font-weight: 400;\">zebbug.malta.lc@gov.mt<\/span><\/a><\/p>\n<p><b>Websajt tal-organizzazzjoni: <\/b><span style=\"font-weight: 400;\">N\/A<\/span><\/p>\n<p><strong>Facebook: <\/strong><a href=\"https:\/\/www.facebook.com\/KLZebbug\">https:\/\/www.facebook.com\/KLZebbug<\/a><\/p>\n<p><strong>Instagram:\u00a0<\/strong>N\/A<\/p>\n\n\t\t<\/div>\n\t<\/div>\n<\/div><\/div><\/div><div class=\"nt_clearfix\"><\/div><div class=\"agro-section-wrapper ptb-140 section section--dark-bg vc_custom_1549793979536 nt_section_15413200 nt-has-responsive-data\" data-res-css=\"@media (max-width: 992px) {.nt_section_15413200{ padding-bottom: 84px !important; }} @media (max-width: 768px) {.nt_section_15413200{ padding-bottom: 54px !important; }}\"><div class=\"container container-stretch\"><div class=\"row\"><div class=\"section-heading--white nt-column col-sm-12\"><div class=\"nt-shortcode-wrapper\"><div class=\"section-heading section-heading--center item_6a01ca1413b74\" data-res-css=\"     \" data-aos=\"fade\"><h2 class=\"__title\">GET <span>IN TOUCH<\/span><\/h2><\/div>\n<div class=\"wpcf7 no-js\" id=\"wpcf7-f12-o1\" lang=\"en-US\" dir=\"ltr\" data-wpcf7-id=\"12\">\n<div class=\"screen-reader-response\"><p role=\"status\" aria-live=\"polite\" aria-atomic=\"true\"><\/p> <ul><\/ul><\/div>\n<form action=\"\/mt\/wp-json\/wp\/v2\/pages\/1021#wpcf7-f12-o1\" method=\"post\" class=\"wpcf7-form init\" aria-label=\"Contact form\" novalidate=\"novalidate\" data-status=\"init\" data-trp-original-action=\"\/mt\/wp-json\/wp\/v2\/pages\/1021#wpcf7-f12-o1\">\n<fieldset class=\"hidden-fields-container\"><input type=\"hidden\" name=\"_wpcf7\" value=\"12\" \/><input type=\"hidden\" name=\"_wpcf7_version\" value=\"6.1.5\" \/><input type=\"hidden\" name=\"_wpcf7_locale\" value=\"en_US\" \/><input type=\"hidden\" name=\"_wpcf7_unit_tag\" value=\"wpcf7-f12-o1\" \/><input type=\"hidden\" name=\"_wpcf7_container_post\" value=\"0\" \/><input type=\"hidden\" name=\"_wpcf7_posted_data_hash\" value=\"\" \/><input type=\"hidden\" name=\"_wpcf7_recaptcha_response\" value=\"\" \/>\n<\/fieldset>\n<div class=\"contact-form js-contact-form\" data-aos=\"fade\">\n\t<div class=\"row\">\n\t\t<div class=\"col-12 col-md-6\">\n\t\t\t<div class=\"input-wrp\">\n\t\t\t\t<p><span class=\"wpcf7-form-control-wrap\" data-name=\"text-787\"><input size=\"40\" maxlength=\"400\" class=\"wpcf7-form-control wpcf7-text wpcf7-validates-as-required textfield\" aria-required=\"true\" aria-invalid=\"false\" placeholder=\"Your Name\" value=\"\" type=\"text\" name=\"text-787\" \/><\/span>\n\t\t\t\t<\/p>\n\t\t\t<\/div>\n\t\t<\/div>\n\t\t<div class=\"col-12 col-md-6\">\n\t\t\t<div class=\"input-wrp\">\n\t\t\t\t<p><span class=\"wpcf7-form-control-wrap\" data-name=\"text-788\"><input size=\"40\" maxlength=\"400\" class=\"wpcf7-form-control wpcf7-text wpcf7-validates-as-required textfield\" aria-required=\"true\" aria-invalid=\"false\" placeholder=\"Your E-mail\" value=\"\" type=\"text\" name=\"text-788\" \/><\/span>\n\t\t\t\t<\/p>\n\t\t\t<\/div>\n\t\t<\/div>\n\t<\/div>\n\t<div class=\"input-wrp\">\n\t\t<p><span class=\"wpcf7-form-control-wrap\" data-name=\"textarea-212\"><textarea cols=\"10\" rows=\"2\" maxlength=\"2000\" class=\"wpcf7-form-control wpcf7-textarea wpcf7-validates-as-required textfield\" aria-required=\"true\" aria-invalid=\"false\" placeholder=\"Your Message\" name=\"textarea-212\"><\/textarea><\/span>\n\t\t<\/p>\n\t<\/div>\n\t<div class=\"input-wrp\">\n\t\t<p><span class=\"wpcf7-form-control-wrap\" data-name=\"acceptance-855\"><span class=\"wpcf7-form-control wpcf7-acceptance\"><span class=\"wpcf7-list-item\"><label><input type=\"checkbox\" name=\"acceptance-855\" value=\"1\" aria-invalid=\"false\" \/><span class=\"wpcf7-list-item-label\">Accept our <a href=\"\/mt\/privacy-policy\/\">Privacy Policy<\/a><\/span><\/label><\/span><\/span><\/span>\n\t\t<\/p>\n\t<\/div>\n\t<p><input class=\"wpcf7-form-control wpcf7-submit has-spinner custom-btn custom-btn--medium custom-btn--style-3 wide\" type=\"submit\" value=\"Send\" \/>\n\t<\/p>\n<\/div><div class=\"wpcf7-response-output\" aria-hidden=\"true\"><\/div>\n<input type=\"hidden\" name=\"trp-form-language\" value=\"mt\"\/><\/form>\n<\/div>\n<\/div><\/div><\/div><\/div><\/div><div class=\"nt_clearfix\"><\/div>","protected":false},"excerpt":{"rendered":"Organization Zebbug Local Council Malta Description of this organization: The Zebbug local council is the council that make sure to detect the needs of the town of Zebbug and its people. It makes sure that it addresses all needs that arise so that the city is kept in a good state. \u017bebbu\u0121, also known by...","protected":false},"author":1,"featured_media":0,"parent":0,"menu_order":0,"comment_status":"closed","ping_status":"closed","template":"custom-page.php","meta":{"_monsterinsights_skip_tracking":false,"_monsterinsights_sitenote_active":false,"_monsterinsights_sitenote_note":"","_monsterinsights_sitenote_category":0,"footnotes":""},"class_list":["post-1021","page","type-page","status-publish","hentry"," nt-post-class"],"_links":{"self":[{"href":"https:\/\/urbanyouthgardensplatform.eu\/mt\/wp-json\/wp\/v2\/pages\/1021","targetHints":{"allow":["GET"]}}],"collection":[{"href":"https:\/\/urbanyouthgardensplatform.eu\/mt\/wp-json\/wp\/v2\/pages"}],"about":[{"href":"https:\/\/urbanyouthgardensplatform.eu\/mt\/wp-json\/wp\/v2\/types\/page"}],"author":[{"embeddable":true,"href":"https:\/\/urbanyouthgardensplatform.eu\/mt\/wp-json\/wp\/v2\/users\/1"}],"replies":[{"embeddable":true,"href":"https:\/\/urbanyouthgardensplatform.eu\/mt\/wp-json\/wp\/v2\/comments?post=1021"}],"version-history":[{"count":4,"href":"https:\/\/urbanyouthgardensplatform.eu\/mt\/wp-json\/wp\/v2\/pages\/1021\/revisions"}],"predecessor-version":[{"id":1346,"href":"https:\/\/urbanyouthgardensplatform.eu\/mt\/wp-json\/wp\/v2\/pages\/1021\/revisions\/1346"}],"wp:attachment":[{"href":"https:\/\/urbanyouthgardensplatform.eu\/mt\/wp-json\/wp\/v2\/media?parent=1021"}],"curies":[{"name":"wp","href":"https:\/\/api.w.org\/{rel}","templated":true}]}}