{"id":1025,"date":"2022-10-17T19:52:37","date_gmt":"2022-10-17T19:52:37","guid":{"rendered":"https:\/\/urbanyouthgardensplatform.eu\/?page_id=1025"},"modified":"2023-05-16T18:04:45","modified_gmt":"2023-05-16T18:04:45","slug":"villabologna-malta","status":"publish","type":"page","link":"https:\/\/urbanyouthgardensplatform.eu\/mt\/villabologna-malta\/","title":{"rendered":"Villa Bologna &#8211; Malta"},"content":{"rendered":"<div class=\"agro-section-wrapper\"><div class=\"nt-column\"><div class=\"nt-shortcode-wrapper\"><div id=\"hero\" class=\"nt-shortcode-hero jarallax section_6a01cace4d67b vc_custom_1665941475774\" data-speed=\"0.7\" data-img-position=\"50% 80%\" data-res-css=\"          \"><div class=\"container\"><div class=\"row\"><div class=\"col-12 col-lg-7\"><h1 class=\"__title\"><span>Organization<\/span> <\/h1><\/div><\/div><\/div><\/div><\/div><\/div><\/div><div class=\"nt_clearfix\"><\/div><div class=\"agro-section-wrapper\"><div class=\"nt-column\"><div class=\"nt-shortcode-wrapper\"><div class=\"section section--no-pb about--1 md-hide-bg item_6a01cace4d7f1 vc_custom_1666036477760\" data-res-css=\"              \"><div class=\"container\"><div class=\"section-heading\"><h2 class=\"__title\">Villa Bologna Malta <span><\/span><\/h2><\/div><div class=\"row\"><div class=\"col-12 col-lg-6 col-xl-8\"><\/div><\/div><\/div><\/div>\n\t<div  class=\"wpb_single_image wpb_content_element vc_align_center  vc_custom_1666516536994\">\n\t\t\n\t\t<figure class=\"wpb_wrapper vc_figure\">\n\t\t\t<div class=\"vc_single_image-wrapper   vc_box_border_grey\"><img loading=\"lazy\" decoding=\"async\" width=\"300\" height=\"251\" src=\"https:\/\/urbanyouthgardensplatform.eu\/wp-content\/uploads\/2022\/10\/5-300x251.jpg\" class=\"vc_single_image-img attachment-medium\" alt=\"Villa Bologna\" title=\"Villa Bologna\" srcset=\"https:\/\/urbanyouthgardensplatform.eu\/wp-content\/uploads\/2022\/10\/5-300x251.jpg 300w, https:\/\/urbanyouthgardensplatform.eu\/wp-content\/uploads\/2022\/10\/5-14x12.jpg 14w, https:\/\/urbanyouthgardensplatform.eu\/wp-content\/uploads\/2022\/10\/5-120x100.jpg 120w, https:\/\/urbanyouthgardensplatform.eu\/wp-content\/uploads\/2022\/10\/5-240x201.jpg 240w, https:\/\/urbanyouthgardensplatform.eu\/wp-content\/uploads\/2022\/10\/5-360x301.jpg 360w, https:\/\/urbanyouthgardensplatform.eu\/wp-content\/uploads\/2022\/10\/5.jpg 474w\" sizes=\"auto, (max-width: 300px) 100vw, 300px\" \/><\/div>\n\t\t<\/figure>\n\t<\/div>\n<\/div><\/div><\/div><div class=\"nt_clearfix\"><\/div><div class=\"agro-section-wrapper\"><div class=\"nt-column col-sm-12\"><div class=\"nt-shortcode-wrapper\">\n\t<div class=\"wpb_text_column wpb_content_element  vc_custom_1666516636459\" >\n\t\t<div class=\"wpb_wrapper\">\n\t\t\t<p class=\"translation-block\">Deskrizzjoni ta\u2019 din l-organizzazzjoni: Villa Bologna hija dar patrimonjali Maltija, fir-ra\u0127al ta\u2019 \u0126\u2019Attard fid-distrett \u010bentrali ta\u2019 Malta. Mibnija fi stil Barokk opulent, Villa Bologna \u0121iet imsej\u0127a \u201cl-isba\u0127 dar tal-kampanja tas-seklu 18 li nbniet g\u0127al familja Maltija\u201d u \u201cta\u2019 kobor simili g\u0127all-isba\u0127 palazzi tal-g\u017cira\u201d.\nVilla Bologna hija interessanti g\u0127all-istorja tag\u0127ha daqskemm hija notevoli g\u0127all-arkitettura u l-\u0121onna tag\u0127ha li, wara l-\u0120onna \u0121irien ta\u2019 San Anton, huma l-akbar \u0121onna stori\u010bi f\u2019Malta. Darba kienet is-sede tal-Konti della Catena, Villa Bologna issa hija mi\u017cmuma mill-pro-neputi tas-6 konti Gerald Strickland, l-1 Baruni Strickland.<\/p>\n<p class=\"translation-block\">Mibnija fi \u017cmien il-\u0127akma tal-Ordni ta\u2019 San \u0120wann ta\u2019 \u0120erusalemm u mwessa\u2019 matul il-perjodu kolonjali Brittaniku, Villa Bologna kienet \u010bentrali fl-istorja artistika, kulturali, so\u010bjali u politika ta\u2019 Malta. Huwa bini skedat tal-Grad 1 u huwa monument nazzjonali.\n\nVilla Bologna hija d-dar privata tal-familja de Trafford. Imqieg\u0127da fi 8 tomniet ta\u2019 \u0121onna mill-isba\u0127, Villa Bologna tinsab f\u2019\u0126\u2019Attard, bejn il-Palazz Presidenzjali ta\u2019 San Anton u l-Ambaxxata Amerikana.<\/p>\n<p class=\"translation-block\">Deskrizzjoni ta 'dak li jag\u0127mlu fir-rigward tal-\u0121ardina\u0121\u0121 urban: Il-villa tinkludi madwar 8 tomniet ta' art li \u0127afna minnhom huma \u0121onna. Fl-2015 is-sidien ssie\u0127bu ma\u2019 \u017cew\u0121 bdiewa nisa lokali u bdew ja\u0127dmu fil-\u0121onna u jbig\u0127u l-prodotti li rnexxielhom ikabbru.\nMa\u017c-\u017cmien, dawn i\u017c-\u017cew\u0121 bdiewa flimkien mas-sidien, idde\u010bidew li jift\u0127u l-\u0121onna g\u0127an-nies li issa g\u0127andhom l-opportunit\u00e0 li jkollhom bi\u010b\u010ba art \u017cg\u0127ira biex ja\u0127dmu ta\u0127t il-gwida ta\u017c-\u017cew\u0121 bdiewa.<\/p>\n<p><b><img loading=\"lazy\" decoding=\"async\" class=\"alignleft wp-image-1229\" src=\"https:\/\/urbanyouthgardensplatform.eu\/wp-content\/uploads\/2022\/10\/6.jpg\" alt=\"Villa Bologna\" width=\"358\" height=\"249\" srcset=\"https:\/\/urbanyouthgardensplatform.eu\/wp-content\/uploads\/2022\/10\/6.jpg 269w, https:\/\/urbanyouthgardensplatform.eu\/wp-content\/uploads\/2022\/10\/6-18x12.jpg 18w, https:\/\/urbanyouthgardensplatform.eu\/wp-content\/uploads\/2022\/10\/6-120x83.jpg 120w, https:\/\/urbanyouthgardensplatform.eu\/wp-content\/uploads\/2022\/10\/6-240x167.jpg 240w\" sizes=\"auto, (max-width: 358px) 100vw, 358px\" \/>Indirizz tal-organizzazzjoni: <\/b><span style=\"font-weight: 400;\">Villa Bologna, St Anthony St, Attard<\/span><\/p>\n<p><b>Telefon tal-Organizzazzjoni: <\/b><span style=\"font-weight: 400;\">+356 99537925<\/span><\/p>\n<p><b>Imejl tal-organizzazzjoni: <\/b><a href=\"mailto:info@villabologna.com\"><span style=\"font-weight: 400;\">info@villabologna.com<\/span><\/a><\/p>\n<p><b>Websajt tal-organizzazzjoni: <\/b><a href=\"https:\/\/villabologna.com\">https:\/\/villabologna.com<\/a><\/p>\n<p><strong>Facebook: <\/strong><a href=\"https:\/\/www.facebook.com\/VillaBologna\/\">https:\/\/www.facebook.com\/VillaBologna\/<\/a><\/p>\n<p><strong>Instagram: <\/strong><a href=\"https:\/\/www.instagram.com\/villabologna\/\">https:\/\/www.instagram.com\/villabologna\/<\/a><\/p>\n\n\t\t<\/div>\n\t<\/div>\n<\/div><\/div><\/div><div class=\"nt_clearfix\"><\/div><div class=\"agro-section-wrapper ptb-140 section section--dark-bg vc_custom_1549793979536 nt_section_15412044 nt-has-responsive-data\" data-res-css=\"@media (max-width: 992px) {.nt_section_15412044{ padding-bottom: 84px !important; }} @media (max-width: 768px) {.nt_section_15412044{ padding-bottom: 54px !important; }}\"><div class=\"container container-stretch\"><div class=\"row\"><div class=\"section-heading--white nt-column col-sm-12\"><div class=\"nt-shortcode-wrapper\"><div class=\"section-heading section-heading--center item_6a01cace4dfbb\" data-res-css=\"     \" data-aos=\"fade\"><h2 class=\"__title\">GET <span>IN TOUCH<\/span><\/h2><\/div>\n<div class=\"wpcf7 no-js\" id=\"wpcf7-f12-o1\" lang=\"en-US\" dir=\"ltr\" data-wpcf7-id=\"12\">\n<div class=\"screen-reader-response\"><p role=\"status\" aria-live=\"polite\" aria-atomic=\"true\"><\/p> <ul><\/ul><\/div>\n<form action=\"\/mt\/wp-json\/wp\/v2\/pages\/1025#wpcf7-f12-o1\" method=\"post\" class=\"wpcf7-form init\" aria-label=\"Contact form\" novalidate=\"novalidate\" data-status=\"init\" data-trp-original-action=\"\/mt\/wp-json\/wp\/v2\/pages\/1025#wpcf7-f12-o1\">\n<fieldset class=\"hidden-fields-container\"><input type=\"hidden\" name=\"_wpcf7\" value=\"12\" \/><input type=\"hidden\" name=\"_wpcf7_version\" value=\"6.1.5\" \/><input type=\"hidden\" name=\"_wpcf7_locale\" value=\"en_US\" \/><input type=\"hidden\" name=\"_wpcf7_unit_tag\" value=\"wpcf7-f12-o1\" \/><input type=\"hidden\" name=\"_wpcf7_container_post\" value=\"0\" \/><input type=\"hidden\" name=\"_wpcf7_posted_data_hash\" value=\"\" \/><input type=\"hidden\" name=\"_wpcf7_recaptcha_response\" value=\"\" \/>\n<\/fieldset>\n<div class=\"contact-form js-contact-form\" data-aos=\"fade\">\n\t<div class=\"row\">\n\t\t<div class=\"col-12 col-md-6\">\n\t\t\t<div class=\"input-wrp\">\n\t\t\t\t<p><span class=\"wpcf7-form-control-wrap\" data-name=\"text-787\"><input size=\"40\" maxlength=\"400\" class=\"wpcf7-form-control wpcf7-text wpcf7-validates-as-required textfield\" aria-required=\"true\" aria-invalid=\"false\" placeholder=\"Your Name\" value=\"\" type=\"text\" name=\"text-787\" \/><\/span>\n\t\t\t\t<\/p>\n\t\t\t<\/div>\n\t\t<\/div>\n\t\t<div class=\"col-12 col-md-6\">\n\t\t\t<div class=\"input-wrp\">\n\t\t\t\t<p><span class=\"wpcf7-form-control-wrap\" data-name=\"text-788\"><input size=\"40\" maxlength=\"400\" class=\"wpcf7-form-control wpcf7-text wpcf7-validates-as-required textfield\" aria-required=\"true\" aria-invalid=\"false\" placeholder=\"Your E-mail\" value=\"\" type=\"text\" name=\"text-788\" \/><\/span>\n\t\t\t\t<\/p>\n\t\t\t<\/div>\n\t\t<\/div>\n\t<\/div>\n\t<div class=\"input-wrp\">\n\t\t<p><span class=\"wpcf7-form-control-wrap\" data-name=\"textarea-212\"><textarea cols=\"10\" rows=\"2\" maxlength=\"2000\" class=\"wpcf7-form-control wpcf7-textarea wpcf7-validates-as-required textfield\" aria-required=\"true\" aria-invalid=\"false\" placeholder=\"Your Message\" name=\"textarea-212\"><\/textarea><\/span>\n\t\t<\/p>\n\t<\/div>\n\t<div class=\"input-wrp\">\n\t\t<p><span class=\"wpcf7-form-control-wrap\" data-name=\"acceptance-855\"><span class=\"wpcf7-form-control wpcf7-acceptance\"><span class=\"wpcf7-list-item\"><label><input type=\"checkbox\" name=\"acceptance-855\" value=\"1\" aria-invalid=\"false\" \/><span class=\"wpcf7-list-item-label\">Accept our <a href=\"\/mt\/privacy-policy\/\">Privacy Policy<\/a><\/span><\/label><\/span><\/span><\/span>\n\t\t<\/p>\n\t<\/div>\n\t<p><input class=\"wpcf7-form-control wpcf7-submit has-spinner custom-btn custom-btn--medium custom-btn--style-3 wide\" type=\"submit\" value=\"Send\" \/>\n\t<\/p>\n<\/div><div class=\"wpcf7-response-output\" aria-hidden=\"true\"><\/div>\n<input type=\"hidden\" name=\"trp-form-language\" value=\"mt\"\/><\/form>\n<\/div>\n<\/div><\/div><\/div><\/div><\/div><div class=\"nt_clearfix\"><\/div>","protected":false},"excerpt":{"rendered":"Organization Villa Bologna Malta Description of this organization: Villa Bologna is a Maltese stately home, in the village of Attard in the central district of Malta. Built in opulent Baroque style, Villa Bologna has been called \"the most beautiful 18th century country house to be built for a Maltese family\" and \"of similar grandeur to...","protected":false},"author":1,"featured_media":0,"parent":0,"menu_order":0,"comment_status":"closed","ping_status":"closed","template":"custom-page.php","meta":{"_monsterinsights_skip_tracking":false,"_monsterinsights_sitenote_active":false,"_monsterinsights_sitenote_note":"","_monsterinsights_sitenote_category":0,"footnotes":""},"class_list":["post-1025","page","type-page","status-publish","hentry"," nt-post-class"],"_links":{"self":[{"href":"https:\/\/urbanyouthgardensplatform.eu\/mt\/wp-json\/wp\/v2\/pages\/1025","targetHints":{"allow":["GET"]}}],"collection":[{"href":"https:\/\/urbanyouthgardensplatform.eu\/mt\/wp-json\/wp\/v2\/pages"}],"about":[{"href":"https:\/\/urbanyouthgardensplatform.eu\/mt\/wp-json\/wp\/v2\/types\/page"}],"author":[{"embeddable":true,"href":"https:\/\/urbanyouthgardensplatform.eu\/mt\/wp-json\/wp\/v2\/users\/1"}],"replies":[{"embeddable":true,"href":"https:\/\/urbanyouthgardensplatform.eu\/mt\/wp-json\/wp\/v2\/comments?post=1025"}],"version-history":[{"count":4,"href":"https:\/\/urbanyouthgardensplatform.eu\/mt\/wp-json\/wp\/v2\/pages\/1025\/revisions"}],"predecessor-version":[{"id":1351,"href":"https:\/\/urbanyouthgardensplatform.eu\/mt\/wp-json\/wp\/v2\/pages\/1025\/revisions\/1351"}],"wp:attachment":[{"href":"https:\/\/urbanyouthgardensplatform.eu\/mt\/wp-json\/wp\/v2\/media?parent=1025"}],"curies":[{"name":"wp","href":"https:\/\/api.w.org\/{rel}","templated":true}]}}