{"id":1030,"date":"2022-10-17T20:22:18","date_gmt":"2022-10-17T20:22:18","guid":{"rendered":"https:\/\/urbanyouthgardensplatform.eu\/?page_id=1030"},"modified":"2023-05-16T18:02:08","modified_gmt":"2023-05-16T18:02:08","slug":"kitchengarden-malta","status":"publish","type":"page","link":"https:\/\/urbanyouthgardensplatform.eu\/mt\/kitchengarden-malta\/","title":{"rendered":"Kitchen Garden &#8211; Malta"},"content":{"rendered":"<div class=\"agro-section-wrapper\"><div class=\"nt-column\"><div class=\"nt-shortcode-wrapper\"><div id=\"hero\" class=\"nt-shortcode-hero jarallax section_6a01cbd82d6b0 vc_custom_1665941475774\" data-speed=\"0.7\" data-img-position=\"50% 80%\" data-res-css=\"          \"><div class=\"container\"><div class=\"row\"><div class=\"col-12 col-lg-7\"><h1 class=\"__title\"><span>Organization<\/span> <\/h1><\/div><\/div><\/div><\/div><\/div><\/div><\/div><div class=\"nt_clearfix\"><\/div><div class=\"agro-section-wrapper\"><div class=\"nt-column\"><div class=\"nt-shortcode-wrapper\"><div class=\"section section--no-pb about--1 md-hide-bg item_6a01cbd82d828 vc_custom_1666038451296\" data-res-css=\"              \"><div class=\"container\"><div class=\"section-heading\"><h2 class=\"__title\">Kitchen Garden Malta <span><\/span><\/h2><\/div><div class=\"row\"><div class=\"col-12 col-lg-6 col-xl-8\"><\/div><\/div><\/div><\/div>\n\t<div  class=\"wpb_single_image wpb_content_element vc_align_center  vc_custom_1666516937298\">\n\t\t\n\t\t<figure class=\"wpb_wrapper vc_figure\">\n\t\t\t<div class=\"vc_single_image-wrapper   vc_box_border_grey\"><img loading=\"lazy\" decoding=\"async\" width=\"300\" height=\"300\" src=\"https:\/\/urbanyouthgardensplatform.eu\/wp-content\/uploads\/2022\/10\/9-300x300.png\" class=\"vc_single_image-img attachment-medium\" alt=\"Kitchen Garden\" title=\"Kitchen Garden\" srcset=\"https:\/\/urbanyouthgardensplatform.eu\/wp-content\/uploads\/2022\/10\/9-300x300.png 300w, https:\/\/urbanyouthgardensplatform.eu\/wp-content\/uploads\/2022\/10\/9-150x150.png 150w, https:\/\/urbanyouthgardensplatform.eu\/wp-content\/uploads\/2022\/10\/9-12x12.png 12w, https:\/\/urbanyouthgardensplatform.eu\/wp-content\/uploads\/2022\/10\/9-120x120.png 120w, https:\/\/urbanyouthgardensplatform.eu\/wp-content\/uploads\/2022\/10\/9-240x240.png 240w, https:\/\/urbanyouthgardensplatform.eu\/wp-content\/uploads\/2022\/10\/9-360x360.png 360w, https:\/\/urbanyouthgardensplatform.eu\/wp-content\/uploads\/2022\/10\/9-480x480.png 480w, https:\/\/urbanyouthgardensplatform.eu\/wp-content\/uploads\/2022\/10\/9.png 600w\" sizes=\"auto, (max-width: 300px) 100vw, 300px\" \/><\/div>\n\t\t<\/figure>\n\t<\/div>\n<\/div><\/div><\/div><div class=\"nt_clearfix\"><\/div><div class=\"agro-section-wrapper\"><div class=\"nt-column col-sm-12\"><div class=\"nt-shortcode-wrapper\">\n\t<div class=\"wpb_text_column wpb_content_element  vc_custom_1666516965829\" >\n\t\t<div class=\"wpb_wrapper\">\n\t\t\t<p><b>Deskrizzjoni ta\u2019 din l-organizzazzjoni: <\/b><span style=\"font-weight: 400;\">Il-kun\u010bett ta\u2019 Kitchen Garden jie\u0127u \u0127sieb il-Community Chest Fund Foundation, li hija organizzazzjoni Maltija li tg\u0127in fit-twettieq ta\u2019 attivitajiet ta\u2019 \u0121bir ta\u2019 fondi biex jin\u0121abru flus li mbag\u0127ad jitqassmu fost nies fil-b\u017conn.<\/span><\/p>\n<p class=\"translation-block\">Deskrizzjoni ta\u2019 x\u2019jag\u0127mlu fir-rigward tal-\u0121ardina\u0121\u0121 urban: Il-kun\u010bett tal-\u0121nien tal-k\u010bina huwa tip ta' intrapri\u017ca so\u010bjali li minnha l-organizzazzjoni ti\u0121bor il-flus. Huma jkabbru xi w\u0127ud mill-u\u010bu\u0127 tar-raba\u2019 tag\u0127hom stess fil-bini tag\u0127hom f\u2019nofs belt urbana u jag\u0127mlu u\u017cu minnu biex jo\u0127or\u0121u b\u2019ikel li jbig\u0127u u jag\u0127mlu u\u017cu mill-flus li jaqilg\u0127u g\u0127all-benefi\u010b\u010bju tan-nies li ja\u0127dmu mag\u0127hom.\nFl-istess post jiltaqg\u0127u regolarment grupp ta\u2019 \u017cg\u0127a\u017cag\u0127. Huma jie\u0127du \u0127siebhom l-organizzazzjoni Karl Vella Foundation. Huma \u017cg\u0127a\u017cag\u0127 li g\u0127andhom membri tal-familja li jittrattaw il-kan\u010ber. L-organizzazzjoni torganizza attivitajiet ta\u2019 kull \u0121img\u0127a g\u0127alihom u w\u0127ud mill-attivitajiet, jinkludu \u017c-\u017camma ta\u2019 dan il-\u0121nien urban.<\/p>\n<p><b><img loading=\"lazy\" decoding=\"async\" class=\"alignleft wp-image-1204 size-full\" src=\"https:\/\/urbanyouthgardensplatform.eu\/wp-content\/uploads\/2022\/10\/10.jpg\" alt=\"Kitchen Garden\" width=\"683\" height=\"455\" srcset=\"https:\/\/urbanyouthgardensplatform.eu\/wp-content\/uploads\/2022\/10\/10.jpg 683w, https:\/\/urbanyouthgardensplatform.eu\/wp-content\/uploads\/2022\/10\/10-300x200.jpg 300w, https:\/\/urbanyouthgardensplatform.eu\/wp-content\/uploads\/2022\/10\/10-18x12.jpg 18w, https:\/\/urbanyouthgardensplatform.eu\/wp-content\/uploads\/2022\/10\/10-120x80.jpg 120w, https:\/\/urbanyouthgardensplatform.eu\/wp-content\/uploads\/2022\/10\/10-240x160.jpg 240w, https:\/\/urbanyouthgardensplatform.eu\/wp-content\/uploads\/2022\/10\/10-360x240.jpg 360w, https:\/\/urbanyouthgardensplatform.eu\/wp-content\/uploads\/2022\/10\/10-480x320.jpg 480w\" sizes=\"auto, (max-width: 683px) 100vw, 683px\" \/>Indirizz tal-organizzazzjoni: <span style=\"font-weight: 400;\">Kitchen Garden St Anthony St, Attard, Malta<\/span><\/b><\/p>\n<p><b>Telefon tal-Organizzazzjoni: <span style=\"font-weight: 400;\">+356 <\/span><span style=\"font-weight: 400;\">21226226<\/span><\/b><\/p>\n<p><b>Imejl tal-organizzazzjoni: <a href=\"mailto:mark.d.cauchi@gov.mt\"><span style=\"font-weight: 400;\">mark.d.cauchi@gov.mt<\/span><\/a><\/b><\/p>\n<p><b>Websajt tal-organizzazzjoni: <\/b>N\/A<\/p>\n<p><strong>Facebook: <\/strong><a href=\"https:\/\/www.facebook.com\/presidentkitchengarden\">https:\/\/www.facebook.com\/presidentkitchengarden<\/a><\/p>\n<p><strong>Instagram: <\/strong>N\/A<\/p>\n\n\t\t<\/div>\n\t<\/div>\n<\/div><\/div><\/div><div class=\"nt_clearfix\"><\/div><div class=\"agro-section-wrapper ptb-140 section section--dark-bg vc_custom_1549793979536 nt_section_15418971 nt-has-responsive-data\" data-res-css=\"@media (max-width: 992px) {.nt_section_15418971{ padding-bottom: 84px !important; }} @media (max-width: 768px) {.nt_section_15418971{ padding-bottom: 54px !important; }}\"><div class=\"container container-stretch\"><div class=\"row\"><div class=\"section-heading--white nt-column col-sm-12\"><div class=\"nt-shortcode-wrapper\"><div class=\"section-heading section-heading--center item_6a01cbd82deeb\" data-res-css=\"     \" data-aos=\"fade\"><h2 class=\"__title\">GET <span>IN TOUCH<\/span><\/h2><\/div>\n<div class=\"wpcf7 no-js\" id=\"wpcf7-f12-o1\" lang=\"en-US\" dir=\"ltr\" data-wpcf7-id=\"12\">\n<div class=\"screen-reader-response\"><p role=\"status\" aria-live=\"polite\" aria-atomic=\"true\"><\/p> <ul><\/ul><\/div>\n<form action=\"\/mt\/wp-json\/wp\/v2\/pages\/1030#wpcf7-f12-o1\" method=\"post\" class=\"wpcf7-form init\" aria-label=\"Contact form\" novalidate=\"novalidate\" data-status=\"init\" data-trp-original-action=\"\/mt\/wp-json\/wp\/v2\/pages\/1030#wpcf7-f12-o1\">\n<fieldset class=\"hidden-fields-container\"><input type=\"hidden\" name=\"_wpcf7\" value=\"12\" \/><input type=\"hidden\" name=\"_wpcf7_version\" value=\"6.1.5\" \/><input type=\"hidden\" name=\"_wpcf7_locale\" value=\"en_US\" \/><input type=\"hidden\" name=\"_wpcf7_unit_tag\" value=\"wpcf7-f12-o1\" \/><input type=\"hidden\" name=\"_wpcf7_container_post\" value=\"0\" \/><input type=\"hidden\" name=\"_wpcf7_posted_data_hash\" value=\"\" \/><input type=\"hidden\" name=\"_wpcf7_recaptcha_response\" value=\"\" \/>\n<\/fieldset>\n<div class=\"contact-form js-contact-form\" data-aos=\"fade\">\n\t<div class=\"row\">\n\t\t<div class=\"col-12 col-md-6\">\n\t\t\t<div class=\"input-wrp\">\n\t\t\t\t<p><span class=\"wpcf7-form-control-wrap\" data-name=\"text-787\"><input size=\"40\" maxlength=\"400\" class=\"wpcf7-form-control wpcf7-text wpcf7-validates-as-required textfield\" aria-required=\"true\" aria-invalid=\"false\" placeholder=\"Your Name\" value=\"\" type=\"text\" name=\"text-787\" \/><\/span>\n\t\t\t\t<\/p>\n\t\t\t<\/div>\n\t\t<\/div>\n\t\t<div class=\"col-12 col-md-6\">\n\t\t\t<div class=\"input-wrp\">\n\t\t\t\t<p><span class=\"wpcf7-form-control-wrap\" data-name=\"text-788\"><input size=\"40\" maxlength=\"400\" class=\"wpcf7-form-control wpcf7-text wpcf7-validates-as-required textfield\" aria-required=\"true\" aria-invalid=\"false\" placeholder=\"Your E-mail\" value=\"\" type=\"text\" name=\"text-788\" \/><\/span>\n\t\t\t\t<\/p>\n\t\t\t<\/div>\n\t\t<\/div>\n\t<\/div>\n\t<div class=\"input-wrp\">\n\t\t<p><span class=\"wpcf7-form-control-wrap\" data-name=\"textarea-212\"><textarea cols=\"10\" rows=\"2\" maxlength=\"2000\" class=\"wpcf7-form-control wpcf7-textarea wpcf7-validates-as-required textfield\" aria-required=\"true\" aria-invalid=\"false\" placeholder=\"Your Message\" name=\"textarea-212\"><\/textarea><\/span>\n\t\t<\/p>\n\t<\/div>\n\t<div class=\"input-wrp\">\n\t\t<p><span class=\"wpcf7-form-control-wrap\" data-name=\"acceptance-855\"><span class=\"wpcf7-form-control wpcf7-acceptance\"><span class=\"wpcf7-list-item\"><label><input type=\"checkbox\" name=\"acceptance-855\" value=\"1\" aria-invalid=\"false\" \/><span class=\"wpcf7-list-item-label\">Accept our <a href=\"\/mt\/privacy-policy\/\">Privacy Policy<\/a><\/span><\/label><\/span><\/span><\/span>\n\t\t<\/p>\n\t<\/div>\n\t<p><input class=\"wpcf7-form-control wpcf7-submit has-spinner custom-btn custom-btn--medium custom-btn--style-3 wide\" type=\"submit\" value=\"Send\" \/>\n\t<\/p>\n<\/div><div class=\"wpcf7-response-output\" aria-hidden=\"true\"><\/div>\n<input type=\"hidden\" name=\"trp-form-language\" value=\"mt\"\/><\/form>\n<\/div>\n<\/div><\/div><\/div><\/div><\/div><div class=\"nt_clearfix\"><\/div>","protected":false},"excerpt":{"rendered":"Organization Kitchen Garden Malta Description of this organization: The Kitchen Garden concept is taken care of by the community chest Fund Foundation, which is a Maltese organization that helps in the making of fundraising events to collect money that are then distributed amongst people in need. Description of what they do in regards to urban...","protected":false},"author":1,"featured_media":0,"parent":0,"menu_order":0,"comment_status":"closed","ping_status":"closed","template":"custom-page.php","meta":{"_monsterinsights_skip_tracking":false,"_monsterinsights_sitenote_active":false,"_monsterinsights_sitenote_note":"","_monsterinsights_sitenote_category":0,"footnotes":""},"class_list":["post-1030","page","type-page","status-publish","hentry"," nt-post-class"],"_links":{"self":[{"href":"https:\/\/urbanyouthgardensplatform.eu\/mt\/wp-json\/wp\/v2\/pages\/1030","targetHints":{"allow":["GET"]}}],"collection":[{"href":"https:\/\/urbanyouthgardensplatform.eu\/mt\/wp-json\/wp\/v2\/pages"}],"about":[{"href":"https:\/\/urbanyouthgardensplatform.eu\/mt\/wp-json\/wp\/v2\/types\/page"}],"author":[{"embeddable":true,"href":"https:\/\/urbanyouthgardensplatform.eu\/mt\/wp-json\/wp\/v2\/users\/1"}],"replies":[{"embeddable":true,"href":"https:\/\/urbanyouthgardensplatform.eu\/mt\/wp-json\/wp\/v2\/comments?post=1030"}],"version-history":[{"count":4,"href":"https:\/\/urbanyouthgardensplatform.eu\/mt\/wp-json\/wp\/v2\/pages\/1030\/revisions"}],"predecessor-version":[{"id":1340,"href":"https:\/\/urbanyouthgardensplatform.eu\/mt\/wp-json\/wp\/v2\/pages\/1030\/revisions\/1340"}],"wp:attachment":[{"href":"https:\/\/urbanyouthgardensplatform.eu\/mt\/wp-json\/wp\/v2\/media?parent=1030"}],"curies":[{"name":"wp","href":"https:\/\/api.w.org\/{rel}","templated":true}]}}