{"id":1032,"date":"2022-10-17T20:23:17","date_gmt":"2022-10-17T20:23:17","guid":{"rendered":"https:\/\/urbanyouthgardensplatform.eu\/?page_id=1032"},"modified":"2023-05-16T18:04:17","modified_gmt":"2023-05-16T18:04:17","slug":"universityofmalta-malta","status":"publish","type":"page","link":"https:\/\/urbanyouthgardensplatform.eu\/mt\/universityofmalta-malta\/","title":{"rendered":"University Of Malta &#8211; Malta"},"content":{"rendered":"<div class=\"agro-section-wrapper\"><div class=\"nt-column\"><div class=\"nt-shortcode-wrapper\"><div id=\"hero\" class=\"nt-shortcode-hero jarallax section_6a01cac75611f vc_custom_1665941475774\" data-speed=\"0.7\" data-img-position=\"50% 80%\" data-res-css=\"          \"><div class=\"container\"><div class=\"row\"><div class=\"col-12 col-lg-7\"><h1 class=\"__title\"><span>Organization<\/span> <\/h1><\/div><\/div><\/div><\/div><\/div><\/div><\/div><div class=\"nt_clearfix\"><\/div><div class=\"agro-section-wrapper\"><div class=\"nt-column\"><div class=\"nt-shortcode-wrapper\"><div class=\"section section--no-pb about--1 md-hide-bg item_6a01cac75629e vc_custom_1666038303606\" data-res-css=\"              \"><div class=\"container\"><div class=\"section-heading\"><h2 class=\"__title\">University of Malta <span><\/span><\/h2><\/div><div class=\"row\"><div class=\"col-12 col-lg-6 col-xl-8\"><\/div><\/div><\/div><\/div>\n\t<div  class=\"wpb_single_image wpb_content_element vc_align_center  vc_custom_1666517009068\">\n\t\t\n\t\t<figure class=\"wpb_wrapper vc_figure\">\n\t\t\t<div class=\"vc_single_image-wrapper   vc_box_border_grey\"><img loading=\"lazy\" decoding=\"async\" width=\"200\" height=\"200\" src=\"https:\/\/urbanyouthgardensplatform.eu\/wp-content\/uploads\/2022\/10\/11.png\" class=\"vc_single_image-img attachment-medium\" alt=\"University of Malta\" title=\"University of Malta\" srcset=\"https:\/\/urbanyouthgardensplatform.eu\/wp-content\/uploads\/2022\/10\/11.png 200w, https:\/\/urbanyouthgardensplatform.eu\/wp-content\/uploads\/2022\/10\/11-150x150.png 150w, https:\/\/urbanyouthgardensplatform.eu\/wp-content\/uploads\/2022\/10\/11-12x12.png 12w, https:\/\/urbanyouthgardensplatform.eu\/wp-content\/uploads\/2022\/10\/11-120x120.png 120w\" sizes=\"auto, (max-width: 200px) 100vw, 200px\" \/><\/div>\n\t\t<\/figure>\n\t<\/div>\n<\/div><\/div><\/div><div class=\"nt_clearfix\"><\/div><div class=\"agro-section-wrapper\"><div class=\"nt-column col-sm-12\"><div class=\"nt-shortcode-wrapper\">\n\t<div class=\"wpb_text_column wpb_content_element  vc_custom_1666517135275\" >\n\t\t<div class=\"wpb_wrapper\">\n\t\t\t<p><b>Deskrizzjoni ta\u2019 din l-organizzazzjoni: <\/b><span style=\"font-weight: 400;\">L-Universit\u00e0 ta\u2019 Malta hija l-og\u0127la istituzzjoni ta\u2019 tag\u0127lim f\u2019Malta. Hija ffinanzjata pubblikament u hija miftu\u0127a g\u0127al dawk kollha li g\u0127andhom il-kwalifiki me\u0127tie\u0121a. Matul dawn l-a\u0127\u0127ar snin, l-Universit\u00e0 rrevediet l-istrutturi tag\u0127ha sabiex tkun konformi mal-pro\u010bess ta\u2019 Bolonja u \u017c-\u017bona Ewropea tal-Edukazzjoni G\u0127olja. Konxja mir-rwol pubbliku tag\u0127ha, l-Universit\u00e0 tistinka biex to\u0127loq korsijiet li huma rilevanti u f'waqthom b'rispons g\u0127all-\u0127ti\u0121ijiet tal-pajji\u017c. Il-korpi governattivi supremi tal-Universit\u00e0 huma l-Kunsill u s-Senat.<\/span><\/p>\n<p><span style=\"font-weight: 400;\">Hemm madwar 12,000 student inklu\u017c aktar minn 1,100 student internazzjonali minn pajji\u017ci differenti, li jsegwu korsijiet full-time ta' lawrja u diploma, \u0127afna minnhom jimxu fuq is-sistema modulari jew ta' kreditu. L-Universit\u00e0 tospita regolarment numru kbir ta\u2019 studenti Erasmus u studenti o\u0127ra ta\u2019 skambju. Kors ba\u017ciku tal-Istudji tal-Fondazzjoni jippermetti lill-istudenti internazzjonali tal-iskola sekondarja li jkunu temmew l-edukazzjoni sekondarja jew g\u0127olja tag\u0127hom barra minn xtutna i\u017cda li m'g\u0127andhomx ir-rekwi\u017citi me\u0127tie\u0121a g\u0127ad-d\u0127ul, jikkwalifikaw g\u0127ad-d\u0127ul f'kors ta' lawrja undergraduate fl-Universit\u00e0 ta' Malta.<\/span><\/p>\n<p><span style=\"font-weight: 400;\">L-Universit\u00e0 hija mmirata lejn il-\u0127ti\u0121ijiet infrastrutturali u industrijali tal-pajji\u017c sabiex tipprovdi g\u0127arfien espert f'oqsma kru\u010bjali. Kwa\u017ci 3,000 student jiggradwaw f\u2019diversi dixxiplini kull sena. Il-korsijiet tal-lawrja fl-Universit\u00e0 huma mfassla biex jipprodu\u010bu professjonisti bi kwalifiki g\u0127olja, b'esperjenza ta 'ri\u010berka, li se jkollhom rwoli ewlenin fl-industrija, il-kummer\u010b u l-affarijiet pubbli\u010bi b'mod \u0121enerali. Hemm 2,800 student ie\u0127or pre-terzjarju fil-Junior College li huwa mmexxi wkoll mill-Universit\u00e0.<\/span><\/p>\n<p><b>Deskrizzjoni ta 'dak li jag\u0127mlu fir-rigward tal-\u0121ardina\u0121\u0121 urban: <\/b><span style=\"font-weight: 400;\">L-Universit\u00e0 ta\u2019 Malta kienet minn ta\u2019 quddiem fejn tid\u0127ol innovazzjoni u bidla spe\u010bjalment innovazzjoni u bidla li hija relatata mal-ambjent u l-iffrankar tal-ambjent ta\u2019 madwarna. Tim ta\u2019 letturi mis-settur tal-agrikoltura fl-Universit\u00e0 ta\u2019 Malta, ing\u0127aqdu lura fl-2014 u bdew jag\u0127mlu u\u017cu mis-soqfa tal-fakult\u00e0 tag\u0127hom biex ji\u0121\u0121eneraw ikel li setg\u0127u jieklu waqt il-paw\u017ci tal-ikel. Matul is-snin \u0121abru \u0127afna informazzjoni u g\u0127arfien u esperjenza u f\u2019dan il-qasam u issa apparti li jkabbru l-\u0121nien urban tag\u0127hom, qed jipprovdu wkoll ta\u0127ri\u0121 lil nies li huma interessati jitg\u0127allmu aktar kif ikabbru l-u\u010bu\u0127 tar-raba\u2019 tag\u0127hom stess f\u2019darhom.<\/span><\/p>\n<p><b><img loading=\"lazy\" decoding=\"async\" class=\"alignleft wp-image-1206\" src=\"https:\/\/urbanyouthgardensplatform.eu\/wp-content\/uploads\/2022\/10\/12-1.jpg\" alt=\"University of Malta\" width=\"361\" height=\"252\" srcset=\"https:\/\/urbanyouthgardensplatform.eu\/wp-content\/uploads\/2022\/10\/12-1.jpg 299w, https:\/\/urbanyouthgardensplatform.eu\/wp-content\/uploads\/2022\/10\/12-1-18x12.jpg 18w, https:\/\/urbanyouthgardensplatform.eu\/wp-content\/uploads\/2022\/10\/12-1-120x84.jpg 120w, https:\/\/urbanyouthgardensplatform.eu\/wp-content\/uploads\/2022\/10\/12-1-240x168.jpg 240w\" sizes=\"auto, (max-width: 361px) 100vw, 361px\" \/>Indirizz tal-organizzazzjoni: <\/b><span style=\"font-weight: 400;\">L-Universit\u00e0 ta&#8217; Malta Msida, MSD 2080, Malta<\/span><\/p>\n<p><b>Telefon tal-Organizzazzjoni: <span style=\"font-weight: 400;\">+356 23402340<\/span><\/b><\/p>\n<p><b>Imejl tal-organizzazzjoni: <a href=\"mailto:info@um.edu.mt\"><span style=\"font-weight: 400;\">info@um.edu.mt<\/span><\/a><\/b><\/p>\n<p><b>Websajt tal-organizzazzjoni: <\/b><a href=\"https:\/\/www.um.edu.mt\/newspoint\/news\/2017\/03\/greenroofsattheuniversityofmalta\">https:\/\/www.um.edu.mt\/newspoint\/news\/2017\/03\/greenroofsattheuniversityofmalta<\/a><\/p>\n<p><strong>Facebook:<\/strong> <a href=\"https:\/\/www.facebook.com\/universityofmalta\">https:\/\/www.facebook.com\/universityofmalta<\/a><\/p>\n<p><strong>Instagram: <\/strong><a href=\"https:\/\/www.instagram.com\/ummalta\">https:\/\/www.instagram.com\/ummalta<\/a><\/p>\n\n\t\t<\/div>\n\t<\/div>\n<\/div><\/div><\/div><div class=\"nt_clearfix\"><\/div><div class=\"agro-section-wrapper ptb-140 section section--dark-bg vc_custom_1549793979536 nt_section_15418945 nt-has-responsive-data\" data-res-css=\"@media (max-width: 992px) {.nt_section_15418945{ padding-bottom: 84px !important; }} @media (max-width: 768px) {.nt_section_15418945{ padding-bottom: 54px !important; }}\"><div class=\"container container-stretch\"><div class=\"row\"><div class=\"section-heading--white nt-column col-sm-12\"><div class=\"nt-shortcode-wrapper\"><div class=\"section-heading section-heading--center item_6a01cac75699f\" data-res-css=\"     \" data-aos=\"fade\"><h2 class=\"__title\">GET <span>IN TOUCH<\/span><\/h2><\/div>\n<div class=\"wpcf7 no-js\" id=\"wpcf7-f12-o1\" lang=\"en-US\" dir=\"ltr\" data-wpcf7-id=\"12\">\n<div class=\"screen-reader-response\"><p role=\"status\" aria-live=\"polite\" aria-atomic=\"true\"><\/p> <ul><\/ul><\/div>\n<form action=\"\/mt\/wp-json\/wp\/v2\/pages\/1032#wpcf7-f12-o1\" method=\"post\" class=\"wpcf7-form init\" aria-label=\"Contact form\" novalidate=\"novalidate\" data-status=\"init\" data-trp-original-action=\"\/mt\/wp-json\/wp\/v2\/pages\/1032#wpcf7-f12-o1\">\n<fieldset class=\"hidden-fields-container\"><input type=\"hidden\" name=\"_wpcf7\" value=\"12\" \/><input type=\"hidden\" name=\"_wpcf7_version\" value=\"6.1.5\" \/><input type=\"hidden\" name=\"_wpcf7_locale\" value=\"en_US\" \/><input type=\"hidden\" name=\"_wpcf7_unit_tag\" value=\"wpcf7-f12-o1\" \/><input type=\"hidden\" name=\"_wpcf7_container_post\" value=\"0\" \/><input type=\"hidden\" name=\"_wpcf7_posted_data_hash\" value=\"\" \/><input type=\"hidden\" name=\"_wpcf7_recaptcha_response\" value=\"\" \/>\n<\/fieldset>\n<div class=\"contact-form js-contact-form\" data-aos=\"fade\">\n\t<div class=\"row\">\n\t\t<div class=\"col-12 col-md-6\">\n\t\t\t<div class=\"input-wrp\">\n\t\t\t\t<p><span class=\"wpcf7-form-control-wrap\" data-name=\"text-787\"><input size=\"40\" maxlength=\"400\" class=\"wpcf7-form-control wpcf7-text wpcf7-validates-as-required textfield\" aria-required=\"true\" aria-invalid=\"false\" placeholder=\"Your Name\" value=\"\" type=\"text\" name=\"text-787\" \/><\/span>\n\t\t\t\t<\/p>\n\t\t\t<\/div>\n\t\t<\/div>\n\t\t<div class=\"col-12 col-md-6\">\n\t\t\t<div class=\"input-wrp\">\n\t\t\t\t<p><span class=\"wpcf7-form-control-wrap\" data-name=\"text-788\"><input size=\"40\" maxlength=\"400\" class=\"wpcf7-form-control wpcf7-text wpcf7-validates-as-required textfield\" aria-required=\"true\" aria-invalid=\"false\" placeholder=\"Your E-mail\" value=\"\" type=\"text\" name=\"text-788\" \/><\/span>\n\t\t\t\t<\/p>\n\t\t\t<\/div>\n\t\t<\/div>\n\t<\/div>\n\t<div class=\"input-wrp\">\n\t\t<p><span class=\"wpcf7-form-control-wrap\" data-name=\"textarea-212\"><textarea cols=\"10\" rows=\"2\" maxlength=\"2000\" class=\"wpcf7-form-control wpcf7-textarea wpcf7-validates-as-required textfield\" aria-required=\"true\" aria-invalid=\"false\" placeholder=\"Your Message\" name=\"textarea-212\"><\/textarea><\/span>\n\t\t<\/p>\n\t<\/div>\n\t<div class=\"input-wrp\">\n\t\t<p><span class=\"wpcf7-form-control-wrap\" data-name=\"acceptance-855\"><span class=\"wpcf7-form-control wpcf7-acceptance\"><span class=\"wpcf7-list-item\"><label><input type=\"checkbox\" name=\"acceptance-855\" value=\"1\" aria-invalid=\"false\" \/><span class=\"wpcf7-list-item-label\">Accept our <a href=\"\/mt\/privacy-policy\/\">Privacy Policy<\/a><\/span><\/label><\/span><\/span><\/span>\n\t\t<\/p>\n\t<\/div>\n\t<p><input class=\"wpcf7-form-control wpcf7-submit has-spinner custom-btn custom-btn--medium custom-btn--style-3 wide\" type=\"submit\" value=\"Send\" \/>\n\t<\/p>\n<\/div><div class=\"wpcf7-response-output\" aria-hidden=\"true\"><\/div>\n<input type=\"hidden\" name=\"trp-form-language\" value=\"mt\"\/><\/form>\n<\/div>\n<\/div><\/div><\/div><\/div><\/div><div class=\"nt_clearfix\"><\/div>","protected":false},"excerpt":{"rendered":"Organization University of Malta Description of this organization: The University of Malta is the highest teaching institution in Malta. It is publicly funded and is open to all those who have the requisite qualifications. Over the past few years, the University has reviewed its structures in order to be in line with the Bologna process...","protected":false},"author":1,"featured_media":0,"parent":0,"menu_order":0,"comment_status":"closed","ping_status":"closed","template":"custom-page.php","meta":{"_monsterinsights_skip_tracking":false,"_monsterinsights_sitenote_active":false,"_monsterinsights_sitenote_note":"","_monsterinsights_sitenote_category":0,"footnotes":""},"class_list":["post-1032","page","type-page","status-publish","hentry"," nt-post-class"],"_links":{"self":[{"href":"https:\/\/urbanyouthgardensplatform.eu\/mt\/wp-json\/wp\/v2\/pages\/1032","targetHints":{"allow":["GET"]}}],"collection":[{"href":"https:\/\/urbanyouthgardensplatform.eu\/mt\/wp-json\/wp\/v2\/pages"}],"about":[{"href":"https:\/\/urbanyouthgardensplatform.eu\/mt\/wp-json\/wp\/v2\/types\/page"}],"author":[{"embeddable":true,"href":"https:\/\/urbanyouthgardensplatform.eu\/mt\/wp-json\/wp\/v2\/users\/1"}],"replies":[{"embeddable":true,"href":"https:\/\/urbanyouthgardensplatform.eu\/mt\/wp-json\/wp\/v2\/comments?post=1032"}],"version-history":[{"count":4,"href":"https:\/\/urbanyouthgardensplatform.eu\/mt\/wp-json\/wp\/v2\/pages\/1032\/revisions"}],"predecessor-version":[{"id":1348,"href":"https:\/\/urbanyouthgardensplatform.eu\/mt\/wp-json\/wp\/v2\/pages\/1032\/revisions\/1348"}],"wp:attachment":[{"href":"https:\/\/urbanyouthgardensplatform.eu\/mt\/wp-json\/wp\/v2\/media?parent=1032"}],"curies":[{"name":"wp","href":"https:\/\/api.w.org\/{rel}","templated":true}]}}