{"id":1054,"date":"2022-10-18T21:15:13","date_gmt":"2022-10-18T21:15:13","guid":{"rendered":"https:\/\/urbanyouthgardensplatform.eu\/?page_id=1054"},"modified":"2023-05-16T18:03:45","modified_gmt":"2023-05-16T18:03:45","slug":"istitutoassisi-italy","status":"publish","type":"page","link":"https:\/\/urbanyouthgardensplatform.eu\/mt\/istitutoassisi-italy\/","title":{"rendered":"Orto Giardino of the Istituto Alberghiero di Assisi &#8211; Italy"},"content":{"rendered":"<div class=\"agro-section-wrapper\"><div class=\"nt-column\"><div class=\"nt-shortcode-wrapper\"><div id=\"hero\" class=\"nt-shortcode-hero jarallax section_6a01caccc153e vc_custom_1665941475774\" data-speed=\"0.7\" data-img-position=\"50% 80%\" data-res-css=\"          \"><div class=\"container\"><div class=\"row\"><div class=\"col-12 col-lg-7\"><h1 class=\"__title\"><span>Organization<\/span> <\/h1><\/div><\/div><\/div><\/div><\/div><\/div><\/div><div class=\"nt_clearfix\"><\/div><div class=\"agro-section-wrapper\"><div class=\"nt-column\"><div class=\"nt-shortcode-wrapper\"><div class=\"section section--no-pb about--1 md-hide-bg item_6a01caccc1773 vc_custom_1666128290046\" data-res-css=\"              \"><div class=\"container\"><div class=\"section-heading\"><h2 class=\"__title\">Orto Giardino of the Istituto Alberghiero di Assisi ITALY <span><\/span><\/h2><\/div><div class=\"row\"><div class=\"col-12 col-lg-6 col-xl-8\"><\/div><\/div><\/div><\/div>\n\t<div  class=\"wpb_single_image wpb_content_element vc_align_center  vc_custom_1666463393144\">\n\t\t\n\t\t<figure class=\"wpb_wrapper vc_figure\">\n\t\t\t<div class=\"vc_single_image-wrapper   vc_box_border_grey\"><img loading=\"lazy\" decoding=\"async\" width=\"239\" height=\"158\" src=\"https:\/\/urbanyouthgardensplatform.eu\/wp-content\/uploads\/2022\/10\/16.jpg\" class=\"vc_single_image-img attachment-medium\" alt=\"Orto Giardino of the Istituto Alberghiero di Assisi\" title=\"Orto Giardino of the Istituto Alberghiero di Assisi\" srcset=\"https:\/\/urbanyouthgardensplatform.eu\/wp-content\/uploads\/2022\/10\/16.jpg 239w, https:\/\/urbanyouthgardensplatform.eu\/wp-content\/uploads\/2022\/10\/16-18x12.jpg 18w, https:\/\/urbanyouthgardensplatform.eu\/wp-content\/uploads\/2022\/10\/16-120x79.jpg 120w\" sizes=\"auto, (max-width: 239px) 100vw, 239px\" \/><\/div>\n\t\t<\/figure>\n\t<\/div>\n<\/div><\/div><\/div><div class=\"nt_clearfix\"><\/div><div class=\"agro-section-wrapper\"><div class=\"nt-column col-sm-12\"><div class=\"nt-shortcode-wrapper\">\n\t<div class=\"wpb_text_column wpb_content_element  vc_custom_1666463381124\" >\n\t\t<div class=\"wpb_wrapper\">\n\t\t\t<p><b>Deskrizzjoni ta\u2019 din l-organizzazzjoni: <\/b><span style=\"font-weight: 400;\">L-Istituto Alberghiero di Assisi (Umbria, l-Italja) ilu realt\u00e0 edukattiva fi\u017c-\u017cona sa mill-1970. L-iskola dejjem kienet impenjata li t\u0127arre\u0121 lill-istudenti tag\u0127ha lejn il-\u0127afna professjonijiet ta\u2019 ospitalit\u00e0 turistika, akkomodazzjoni, ristoranti u servizzi kummer\u010bjali. L-iskola, g\u0127andha g\u0127eruq sodi fit-territorju u tag\u0127ti spinta lill-kontribut li tat g\u0127all-i\u017cvilupp tat-turi\u017cmu fl-Umbria.<\/span><\/p>\n<p><b>Deskrizzjoni ta 'dak li jag\u0127mlu fir-rigward tal-\u0121ardina\u0121\u0121 urban: <\/b><span style=\"font-weight: 400;\">: L-Orto Giardino tal-Istituto Alberghiero di Assisi jinsab f\u2019bit\u0127a \u0121ewwa l-uffi\u010b\u010bju prin\u010bipali tal-iskola. Dan l-ispazju ta\u2019 250 metru kwadru, proprjet\u00e0 tal-provin\u010bja ta\u2019 Perugia, \u0121ie traskurat fil-manutenzjoni matul is-snin, li kkontribwixxa g\u0127at-tkabbir spontanju ta\u2019 bosta \u0127axix \u0127a\u017cin i\u017cda wkoll \u0127axix indi\u0121enu b\u0127al bu\u017cbie\u017c selva\u0121\u0121 u fjuri slava\u0121. Mill-2015, l-installazzjoni ta\u2019 \u0121nien tal-\u0127axix g\u0127enet biex dan l-ispazju jing\u0127ata funzjoni \u0121dida, dik li jakkomoda pulit spe\u010bi ta\u2019 pjanti adattati g\u0127all-konsum tal-ikel u l-istudju ta\u2019 varjetajiet botani\u010bi.\u00a0<\/span><\/p>\n<p><span style=\"font-weight: 400;\">Il-pro\u0121ett kien artikolat mill-bidu nett b\u2019organizzazzjoni funzjonali u estetika li tfakkar fil-\u0121onna monasti\u010bi antiki ta\u2019 stili medjevali u Rinaxximentali. L-u\u017cu ta\u2019 dan l-ispazju huwa l-aktar marbut mal-attivitajiet edukattivi interni tal-iskola u wkoll mal-bosta attivitajiet edukattivi tal-ikel promossi mill-Istitut fi\u017c-\u017cona u mmirati lejn il-komunit\u00e0 tal-iskola i\u017cda mhux biss.\u00a0<\/span><\/p>\n<p><span style=\"font-weight: 400;\">It-tmexxija u r-responsabbilt\u00e0 g\u0127all-manutenzjoni tal-\u0121nien hija fdata f\u2019idejn il-komunit\u00e0 skolastika kollha kemm hi, i\u017cda l-organizzazzjoni tal-ispazji, il-kura u l-manutenzjoni tag\u0127hom matul is-sena skolastika hija mfassla spe\u010bjalment bl-appo\u0121\u0121 tal-g\u0127alliema b\u2019kollaborazzjoni mal-istudenti. L-irrigazzjoni, min-na\u0127a l-o\u0127ra, hija fdata f'idejn sistema ta' dripp awtomatizzata effi\u010bjenti. Matul il-perjodu tal-attivit\u00e0 il-workshops tal-k\u010bina u tas-sala, il-\u0127sad tal-\u0127axix u l-\u0127xejjex aromati\u010bi huwa fdat lill-istudenti u l-g\u0127alliema nfushom. Matul il-perjodu tas-sajf, grupp ta\u2019 g\u0127alliema jduru biex ji\u017cguraw il-manutenzjoni. Ji\u0121i organizzat ukoll suq \u017cg\u0127ir tal-\u0127axix fil-perjodu tas-sajf \u0121ewwa l-iskola g\u0127all-\u0127addiema tal-iskola sabiex jin\u0121abru fondi g\u0127all-manutenzjoni tal-ispazju.<\/span><\/p>\n<p><b><img loading=\"lazy\" decoding=\"async\" class=\"alignleft wp-image-1211 size-medium\" src=\"https:\/\/urbanyouthgardensplatform.eu\/wp-content\/uploads\/2022\/10\/17-300x300.jpg\" alt=\"Orto Giardino of the Istituto Alberghiero di Assisi\" width=\"300\" height=\"300\" srcset=\"https:\/\/urbanyouthgardensplatform.eu\/wp-content\/uploads\/2022\/10\/17-300x300.jpg 300w, https:\/\/urbanyouthgardensplatform.eu\/wp-content\/uploads\/2022\/10\/17-150x150.jpg 150w, https:\/\/urbanyouthgardensplatform.eu\/wp-content\/uploads\/2022\/10\/17-12x12.jpg 12w, https:\/\/urbanyouthgardensplatform.eu\/wp-content\/uploads\/2022\/10\/17-120x120.jpg 120w, https:\/\/urbanyouthgardensplatform.eu\/wp-content\/uploads\/2022\/10\/17-240x240.jpg 240w, https:\/\/urbanyouthgardensplatform.eu\/wp-content\/uploads\/2022\/10\/17-360x360.jpg 360w, https:\/\/urbanyouthgardensplatform.eu\/wp-content\/uploads\/2022\/10\/17-480x480.jpg 480w, https:\/\/urbanyouthgardensplatform.eu\/wp-content\/uploads\/2022\/10\/17.jpg 553w\" sizes=\"auto, (max-width: 300px) 100vw, 300px\" \/>Indirizz tal-organizzazzjoni: <\/b><span style=\"font-weight: 400;\">Via Eremo delle Carceri, 19, 06081 Assisi PG, Italy<\/span><\/p>\n<p><b>Telefon tal-Organizzazzjoni: <span style=\"font-weight: 400;\">+39 075813054<\/span><\/b><\/p>\n<p><b>Imejl tal-organizzazzjoni: <a href=\"mailto:PGRH02000B@istruzione.it\"><span style=\"font-weight: 400;\">PGRH02000B@istruzione.it<\/span><\/a><\/b><\/p>\n<p><b>Websajt tal-organizzazzjoni: <\/b><a href=\"http:\/\/www.alberghieroassisi.eu\/\">http:\/\/www.alberghieroassisi.eu\/<\/a><\/p>\n<p><strong>Facebook: <\/strong>N\/A<\/p>\n<p><strong>Instagram:\u00a0<\/strong>N\/A<\/p>\n\n\t\t<\/div>\n\t<\/div>\n<\/div><\/div><\/div><div class=\"nt_clearfix\"><\/div><div class=\"agro-section-wrapper ptb-140 section section--dark-bg vc_custom_1549793979536 nt_section_15416823 nt-has-responsive-data\" data-res-css=\"@media (max-width: 992px) {.nt_section_15416823{ padding-bottom: 84px !important; }} @media (max-width: 768px) {.nt_section_15416823{ padding-bottom: 54px !important; }}\"><div class=\"container container-stretch\"><div class=\"row\"><div class=\"section-heading--white nt-column col-sm-12\"><div class=\"nt-shortcode-wrapper\"><div class=\"section-heading section-heading--center item_6a01caccc207a\" data-res-css=\"     \" data-aos=\"fade\"><h2 class=\"__title\">GET <span>IN TOUCH<\/span><\/h2><\/div>\n<div class=\"wpcf7 no-js\" id=\"wpcf7-f12-o1\" lang=\"en-US\" dir=\"ltr\" data-wpcf7-id=\"12\">\n<div class=\"screen-reader-response\"><p role=\"status\" aria-live=\"polite\" aria-atomic=\"true\"><\/p> <ul><\/ul><\/div>\n<form action=\"\/mt\/wp-json\/wp\/v2\/pages\/1054#wpcf7-f12-o1\" method=\"post\" class=\"wpcf7-form init\" aria-label=\"Contact form\" novalidate=\"novalidate\" data-status=\"init\" data-trp-original-action=\"\/mt\/wp-json\/wp\/v2\/pages\/1054#wpcf7-f12-o1\">\n<fieldset class=\"hidden-fields-container\"><input type=\"hidden\" name=\"_wpcf7\" value=\"12\" \/><input type=\"hidden\" name=\"_wpcf7_version\" value=\"6.1.5\" \/><input type=\"hidden\" name=\"_wpcf7_locale\" value=\"en_US\" \/><input type=\"hidden\" name=\"_wpcf7_unit_tag\" value=\"wpcf7-f12-o1\" \/><input type=\"hidden\" name=\"_wpcf7_container_post\" value=\"0\" \/><input type=\"hidden\" name=\"_wpcf7_posted_data_hash\" value=\"\" \/><input type=\"hidden\" name=\"_wpcf7_recaptcha_response\" value=\"\" \/>\n<\/fieldset>\n<div class=\"contact-form js-contact-form\" data-aos=\"fade\">\n\t<div class=\"row\">\n\t\t<div class=\"col-12 col-md-6\">\n\t\t\t<div class=\"input-wrp\">\n\t\t\t\t<p><span class=\"wpcf7-form-control-wrap\" data-name=\"text-787\"><input size=\"40\" maxlength=\"400\" class=\"wpcf7-form-control wpcf7-text wpcf7-validates-as-required textfield\" aria-required=\"true\" aria-invalid=\"false\" placeholder=\"Your Name\" value=\"\" type=\"text\" name=\"text-787\" \/><\/span>\n\t\t\t\t<\/p>\n\t\t\t<\/div>\n\t\t<\/div>\n\t\t<div class=\"col-12 col-md-6\">\n\t\t\t<div class=\"input-wrp\">\n\t\t\t\t<p><span class=\"wpcf7-form-control-wrap\" data-name=\"text-788\"><input size=\"40\" maxlength=\"400\" class=\"wpcf7-form-control wpcf7-text wpcf7-validates-as-required textfield\" aria-required=\"true\" aria-invalid=\"false\" placeholder=\"Your E-mail\" value=\"\" type=\"text\" name=\"text-788\" \/><\/span>\n\t\t\t\t<\/p>\n\t\t\t<\/div>\n\t\t<\/div>\n\t<\/div>\n\t<div class=\"input-wrp\">\n\t\t<p><span class=\"wpcf7-form-control-wrap\" data-name=\"textarea-212\"><textarea cols=\"10\" rows=\"2\" maxlength=\"2000\" class=\"wpcf7-form-control wpcf7-textarea wpcf7-validates-as-required textfield\" aria-required=\"true\" aria-invalid=\"false\" placeholder=\"Your Message\" name=\"textarea-212\"><\/textarea><\/span>\n\t\t<\/p>\n\t<\/div>\n\t<div class=\"input-wrp\">\n\t\t<p><span class=\"wpcf7-form-control-wrap\" data-name=\"acceptance-855\"><span class=\"wpcf7-form-control wpcf7-acceptance\"><span class=\"wpcf7-list-item\"><label><input type=\"checkbox\" name=\"acceptance-855\" value=\"1\" aria-invalid=\"false\" \/><span class=\"wpcf7-list-item-label\">Accept our <a href=\"\/mt\/privacy-policy\/\">Privacy Policy<\/a><\/span><\/label><\/span><\/span><\/span>\n\t\t<\/p>\n\t<\/div>\n\t<p><input class=\"wpcf7-form-control wpcf7-submit has-spinner custom-btn custom-btn--medium custom-btn--style-3 wide\" type=\"submit\" value=\"Send\" \/>\n\t<\/p>\n<\/div><div class=\"wpcf7-response-output\" aria-hidden=\"true\"><\/div>\n<input type=\"hidden\" name=\"trp-form-language\" value=\"mt\"\/><\/form>\n<\/div>\n<\/div><\/div><\/div><\/div><\/div><div class=\"nt_clearfix\"><\/div>","protected":false},"excerpt":{"rendered":"Organization Orto Giardino of the Istituto Alberghiero di Assisi ITALY Description of this organization: The Istituto Alberghiero di Assisi (Umbria, Italy) has been an educational reality in the area since 1970. The school has always been committed to training its students towards the many professions of tourist hospitality, accommodation, restaurant and commercial services. The school,...","protected":false},"author":1,"featured_media":0,"parent":0,"menu_order":0,"comment_status":"closed","ping_status":"closed","template":"custom-page.php","meta":{"_monsterinsights_skip_tracking":false,"_monsterinsights_sitenote_active":false,"_monsterinsights_sitenote_note":"","_monsterinsights_sitenote_category":0,"footnotes":""},"class_list":["post-1054","page","type-page","status-publish","hentry"," nt-post-class"],"_links":{"self":[{"href":"https:\/\/urbanyouthgardensplatform.eu\/mt\/wp-json\/wp\/v2\/pages\/1054","targetHints":{"allow":["GET"]}}],"collection":[{"href":"https:\/\/urbanyouthgardensplatform.eu\/mt\/wp-json\/wp\/v2\/pages"}],"about":[{"href":"https:\/\/urbanyouthgardensplatform.eu\/mt\/wp-json\/wp\/v2\/types\/page"}],"author":[{"embeddable":true,"href":"https:\/\/urbanyouthgardensplatform.eu\/mt\/wp-json\/wp\/v2\/users\/1"}],"replies":[{"embeddable":true,"href":"https:\/\/urbanyouthgardensplatform.eu\/mt\/wp-json\/wp\/v2\/comments?post=1054"}],"version-history":[{"count":4,"href":"https:\/\/urbanyouthgardensplatform.eu\/mt\/wp-json\/wp\/v2\/pages\/1054\/revisions"}],"predecessor-version":[{"id":1345,"href":"https:\/\/urbanyouthgardensplatform.eu\/mt\/wp-json\/wp\/v2\/pages\/1054\/revisions\/1345"}],"wp:attachment":[{"href":"https:\/\/urbanyouthgardensplatform.eu\/mt\/wp-json\/wp\/v2\/media?parent=1054"}],"curies":[{"name":"wp","href":"https:\/\/api.w.org\/{rel}","templated":true}]}}