{"id":1055,"date":"2022-10-18T21:15:13","date_gmt":"2022-10-18T21:15:13","guid":{"rendered":"https:\/\/urbanyouthgardensplatform.eu\/?page_id=1055"},"modified":"2023-05-16T18:01:47","modified_gmt":"2023-05-16T18:01:47","slug":"istitutoserafico-italy","status":"publish","type":"page","link":"https:\/\/urbanyouthgardensplatform.eu\/mt\/istitutoserafico-italy\/","title":{"rendered":"Istituto Serafico di Assisi &#8211; Italy"},"content":{"rendered":"<div class=\"agro-section-wrapper\"><div class=\"nt-column\"><div class=\"nt-shortcode-wrapper\"><div id=\"hero\" class=\"nt-shortcode-hero jarallax section_6a01cac719293 vc_custom_1665941475774\" data-speed=\"0.7\" data-img-position=\"50% 80%\" data-res-css=\"          \"><div class=\"container\"><div class=\"row\"><div class=\"col-12 col-lg-7\"><h1 class=\"__title\"><span>Organization<\/span> <\/h1><\/div><\/div><\/div><\/div><\/div><\/div><\/div><div class=\"nt_clearfix\"><\/div><div class=\"agro-section-wrapper\"><div class=\"nt-column\"><div class=\"nt-shortcode-wrapper\"><div class=\"section section--no-pb about--1 md-hide-bg item_6a01cac71942b vc_custom_1666128414245\" data-res-css=\"              \"><div class=\"container\"><div class=\"section-heading\"><h2 class=\"__title\">Istituto Serafico di Assisi ITALY <span><\/span><\/h2><\/div><div class=\"row\"><div class=\"col-12 col-lg-6 col-xl-8\"><\/div><\/div><\/div><\/div>\n\t<div  class=\"wpb_single_image wpb_content_element vc_align_center  vc_custom_1666463267806\">\n\t\t\n\t\t<figure class=\"wpb_wrapper vc_figure\">\n\t\t\t<div class=\"vc_single_image-wrapper   vc_box_border_grey\"><img loading=\"lazy\" decoding=\"async\" width=\"300\" height=\"128\" src=\"https:\/\/urbanyouthgardensplatform.eu\/wp-content\/uploads\/2022\/10\/18.png\" class=\"vc_single_image-img attachment-medium\" alt=\"Istituto Serafico di Assisi\" title=\"Istituto Serafico di Assisi\" srcset=\"https:\/\/urbanyouthgardensplatform.eu\/wp-content\/uploads\/2022\/10\/18.png 300w, https:\/\/urbanyouthgardensplatform.eu\/wp-content\/uploads\/2022\/10\/18-18x8.png 18w, https:\/\/urbanyouthgardensplatform.eu\/wp-content\/uploads\/2022\/10\/18-120x51.png 120w, https:\/\/urbanyouthgardensplatform.eu\/wp-content\/uploads\/2022\/10\/18-240x102.png 240w\" sizes=\"auto, (max-width: 300px) 100vw, 300px\" \/><\/div>\n\t\t<\/figure>\n\t<\/div>\n<\/div><\/div><\/div><div class=\"nt_clearfix\"><\/div><div class=\"agro-section-wrapper\"><div class=\"nt-column col-sm-12\"><div class=\"nt-shortcode-wrapper\">\n\t<div class=\"wpb_text_column wpb_content_element  vc_custom_1666463106594\" >\n\t\t<div class=\"wpb_wrapper\">\n\t\t\t<p><b>Deskrizzjoni ta\u2019 din l-organizzazzjoni: <\/b><span style=\"font-weight: 400;\">L-Istituto Serafico g\u0127all-Persuni Neqsin mis-Smig\u0127 u G\u0127omja huwa Istituzzjoni Ekkle\u017cjastika ming\u0127ajr skop ta\u2019 qlieg\u0127 li tippromwovi u twettaq attivitajiet ta\u2019 riabilitazzjoni, psikoedukattivi u ta\u2019 kura so\u010bjali-sa\u0127\u0127a g\u0127al tfal u adulti \u017cg\u0127a\u017cag\u0127 b\u2019di\u017cabilitajiet fi\u017ci\u010bi, mentali u sensorji.<\/span><\/p>\n<p><b>Deskrizzjoni ta 'dak li jag\u0127mlu fir-rigward tal-\u0121ardina\u0121\u0121 urban: <\/b><span style=\"font-weight: 400;\">Fi \u0127dan l-art estensiva tal-Istituto Serafico  (1.500 mq) u qrib il-\u0127itan tal-belt ta\u2019 Assisi, \u017cona \u0121iet identifikata b\u0127ala partikolarment ideali sabiex jintu\u017ca g\u0127all-g\u0127an tal-\u0121nien. Il-\u0127xejjex sta\u0121jonali huma mkabbra hawn bl-u\u017cu ta' metodi tradizzjonali. Il-proprjet\u00e0 agrikola tal-Istitut hija wkoll komposta minn art li tin\u0127arat u si\u0121ar ta\u017c-\u017cebbu\u0121, kif ukoll park sensorjali mog\u0127ni fi spe\u010bi aromati\u010bi; fi \u0127danha, il-mistednin tal-fa\u010bilit\u00e0 se jkunu jistg\u0127u jmexxu u jassistu fl-attivit\u00e0 strettament ortikulturali, i\u017cda wkoll fl-istadji tal-pro\u010bess ta' produzzjoni ta\u017c-\u017cejt u pjanti aromati\u010bi sabiex jie\u0127du vanta\u0121\u0121 mill-benefi\u010b\u010bji ta' impenn fil-bera\u0127, stimulazzjoni tas-sensi, u tag\u0127lim ta\u2019 xog\u0127lijiet manwali \u017cg\u0127ar lin-nies li ji\u0121u fi\u010b-\u010bentru.<\/span><\/p>\n<p><span style=\"font-weight: 400;\">Il-pro\u0121ett \u0121ej mit-twemmin li, permezz tal-u\u017cu tal-\u0127dura, huwa possibbli li ji\u0121u kkumplimentati trattamenti ta\u2019 riabilitazzjoni estensivi, li jg\u0127inu lir-residenti tal-fa\u010bilit\u00e0 jer\u0121g\u0127u jiksbu awtonomija residwa, b\u2019mog\u0127dijiet terapewti\u010bi-riabilitazzjoni mmirati. Il-pro\u0121ett huwa e\u017cempju ta\u2019 kemm \u201cl-a\u0127dar huwa terapewtiku\u201d u jirnexxilu jda\u0127\u0127al fih il-potenzjal kollu g\u0127all-pedamenti ta\u2019 so\u010bjet\u00e0 inklu\u017civa, wa\u0127da li taf tilqa\u2019 kull diversit\u00e0 u tifformula mill-\u0121did l-g\u0127a\u017cliet ta\u2019 organizzazzjoni, ta\u2019 ppjanar, ta\u2019 tag\u0127lim metodolo\u0121iku u lo\u0121istiku tag\u0127ha.<\/span><\/p>\n<p><b><img loading=\"lazy\" decoding=\"async\" class=\"alignleft wp-image-1213 size-medium\" src=\"https:\/\/urbanyouthgardensplatform.eu\/wp-content\/uploads\/2022\/10\/19-267x300.jpg\" alt=\"Istituto Serafico di Assisi\" width=\"267\" height=\"300\" srcset=\"https:\/\/urbanyouthgardensplatform.eu\/wp-content\/uploads\/2022\/10\/19-267x300.jpg 267w, https:\/\/urbanyouthgardensplatform.eu\/wp-content\/uploads\/2022\/10\/19-11x12.jpg 11w, https:\/\/urbanyouthgardensplatform.eu\/wp-content\/uploads\/2022\/10\/19-107x120.jpg 107w, https:\/\/urbanyouthgardensplatform.eu\/wp-content\/uploads\/2022\/10\/19-214x240.jpg 214w, https:\/\/urbanyouthgardensplatform.eu\/wp-content\/uploads\/2022\/10\/19-321x360.jpg 321w, https:\/\/urbanyouthgardensplatform.eu\/wp-content\/uploads\/2022\/10\/19-427x480.jpg 427w, https:\/\/urbanyouthgardensplatform.eu\/wp-content\/uploads\/2022\/10\/19.jpg 472w\" sizes=\"auto, (max-width: 267px) 100vw, 267px\" \/>Indirizz tal-organizzazzjoni: <\/b><span style=\"font-weight: 400;\">Viale Guglielmo Marconi, 6, 06081 Assisi PG<\/span><\/p>\n<p><b>Telefon tal-Organizzazzjoni: <span style=\"font-weight: 400;\">+39 075812411<\/span><\/b><\/p>\n<p><b>Imejl tal-organizzazzjoni: <\/b><a href=\"mailto:accoltafondi@serafico.it\"><span style=\"font-weight: 400;\">accoltafondi@serafico.it<\/span><\/a><\/p>\n<p><b>Websajt tal-organizzazzjoni: <\/b><a href=\"https:\/\/www.serafico.org\/\">https:\/\/www.serafico.org\/<\/a><\/p>\n<p><strong>Facebook: <\/strong><a href=\"https:\/\/www.facebook.com\/ilSerafico\/\">https:\/\/www.facebook.com\/ilSerafico\/<\/a><\/p>\n<p><strong>Instagram: <\/strong><a href=\"https:\/\/www.instagram.com\/il_serafico\">https:\/\/www.instagram.com\/il_serafico<\/a><\/p>\n\n\t\t<\/div>\n\t<\/div>\n<\/div><\/div><\/div><div class=\"nt_clearfix\"><\/div><div class=\"agro-section-wrapper ptb-140 section section--dark-bg vc_custom_1549793979536 nt_section_15412275 nt-has-responsive-data\" data-res-css=\"@media (max-width: 992px) {.nt_section_15412275{ padding-bottom: 84px !important; }} @media (max-width: 768px) {.nt_section_15412275{ padding-bottom: 54px !important; }}\"><div class=\"container container-stretch\"><div class=\"row\"><div class=\"section-heading--white nt-column col-sm-12\"><div class=\"nt-shortcode-wrapper\"><div class=\"section-heading section-heading--center item_6a01cac719b93\" data-res-css=\"     \" data-aos=\"fade\"><h2 class=\"__title\">GET <span>IN TOUCH<\/span><\/h2><\/div>\n<div class=\"wpcf7 no-js\" id=\"wpcf7-f12-o1\" lang=\"en-US\" dir=\"ltr\" data-wpcf7-id=\"12\">\n<div class=\"screen-reader-response\"><p role=\"status\" aria-live=\"polite\" aria-atomic=\"true\"><\/p> <ul><\/ul><\/div>\n<form action=\"\/mt\/wp-json\/wp\/v2\/pages\/1055#wpcf7-f12-o1\" method=\"post\" class=\"wpcf7-form init\" aria-label=\"Contact form\" novalidate=\"novalidate\" data-status=\"init\" data-trp-original-action=\"\/mt\/wp-json\/wp\/v2\/pages\/1055#wpcf7-f12-o1\">\n<fieldset class=\"hidden-fields-container\"><input type=\"hidden\" name=\"_wpcf7\" value=\"12\" \/><input type=\"hidden\" name=\"_wpcf7_version\" value=\"6.1.5\" \/><input type=\"hidden\" name=\"_wpcf7_locale\" value=\"en_US\" \/><input type=\"hidden\" name=\"_wpcf7_unit_tag\" value=\"wpcf7-f12-o1\" \/><input type=\"hidden\" name=\"_wpcf7_container_post\" value=\"0\" \/><input type=\"hidden\" name=\"_wpcf7_posted_data_hash\" value=\"\" \/><input type=\"hidden\" name=\"_wpcf7_recaptcha_response\" value=\"\" \/>\n<\/fieldset>\n<div class=\"contact-form js-contact-form\" data-aos=\"fade\">\n\t<div class=\"row\">\n\t\t<div class=\"col-12 col-md-6\">\n\t\t\t<div class=\"input-wrp\">\n\t\t\t\t<p><span class=\"wpcf7-form-control-wrap\" data-name=\"text-787\"><input size=\"40\" maxlength=\"400\" class=\"wpcf7-form-control wpcf7-text wpcf7-validates-as-required textfield\" aria-required=\"true\" aria-invalid=\"false\" placeholder=\"Your Name\" value=\"\" type=\"text\" name=\"text-787\" \/><\/span>\n\t\t\t\t<\/p>\n\t\t\t<\/div>\n\t\t<\/div>\n\t\t<div class=\"col-12 col-md-6\">\n\t\t\t<div class=\"input-wrp\">\n\t\t\t\t<p><span class=\"wpcf7-form-control-wrap\" data-name=\"text-788\"><input size=\"40\" maxlength=\"400\" class=\"wpcf7-form-control wpcf7-text wpcf7-validates-as-required textfield\" aria-required=\"true\" aria-invalid=\"false\" placeholder=\"Your E-mail\" value=\"\" type=\"text\" name=\"text-788\" \/><\/span>\n\t\t\t\t<\/p>\n\t\t\t<\/div>\n\t\t<\/div>\n\t<\/div>\n\t<div class=\"input-wrp\">\n\t\t<p><span class=\"wpcf7-form-control-wrap\" data-name=\"textarea-212\"><textarea cols=\"10\" rows=\"2\" maxlength=\"2000\" class=\"wpcf7-form-control wpcf7-textarea wpcf7-validates-as-required textfield\" aria-required=\"true\" aria-invalid=\"false\" placeholder=\"Your Message\" name=\"textarea-212\"><\/textarea><\/span>\n\t\t<\/p>\n\t<\/div>\n\t<div class=\"input-wrp\">\n\t\t<p><span class=\"wpcf7-form-control-wrap\" data-name=\"acceptance-855\"><span class=\"wpcf7-form-control wpcf7-acceptance\"><span class=\"wpcf7-list-item\"><label><input type=\"checkbox\" name=\"acceptance-855\" value=\"1\" aria-invalid=\"false\" \/><span class=\"wpcf7-list-item-label\">Accept our <a href=\"\/mt\/privacy-policy\/\">Privacy Policy<\/a><\/span><\/label><\/span><\/span><\/span>\n\t\t<\/p>\n\t<\/div>\n\t<p><input class=\"wpcf7-form-control wpcf7-submit has-spinner custom-btn custom-btn--medium custom-btn--style-3 wide\" type=\"submit\" value=\"Send\" \/>\n\t<\/p>\n<\/div><div class=\"wpcf7-response-output\" aria-hidden=\"true\"><\/div>\n<input type=\"hidden\" name=\"trp-form-language\" value=\"mt\"\/><\/form>\n<\/div>\n<\/div><\/div><\/div><\/div><\/div><div class=\"nt_clearfix\"><\/div>","protected":false},"excerpt":{"rendered":"Organization Istituto Serafico di Assisi ITALY Description of this organization: The Istituto Serafico for the Deaf and Blind is a non-profit Ecclesiastical Institution that promotes and carries out rehabilitative, psychoeducational and social-health care activities for children and young adults with physical, mental and sensory disabilities. Description of what they do in regards to urban gardening:...","protected":false},"author":1,"featured_media":0,"parent":0,"menu_order":0,"comment_status":"closed","ping_status":"closed","template":"custom-page.php","meta":{"_monsterinsights_skip_tracking":false,"_monsterinsights_sitenote_active":false,"_monsterinsights_sitenote_note":"","_monsterinsights_sitenote_category":0,"footnotes":""},"class_list":["post-1055","page","type-page","status-publish","hentry"," nt-post-class"],"_links":{"self":[{"href":"https:\/\/urbanyouthgardensplatform.eu\/mt\/wp-json\/wp\/v2\/pages\/1055","targetHints":{"allow":["GET"]}}],"collection":[{"href":"https:\/\/urbanyouthgardensplatform.eu\/mt\/wp-json\/wp\/v2\/pages"}],"about":[{"href":"https:\/\/urbanyouthgardensplatform.eu\/mt\/wp-json\/wp\/v2\/types\/page"}],"author":[{"embeddable":true,"href":"https:\/\/urbanyouthgardensplatform.eu\/mt\/wp-json\/wp\/v2\/users\/1"}],"replies":[{"embeddable":true,"href":"https:\/\/urbanyouthgardensplatform.eu\/mt\/wp-json\/wp\/v2\/comments?post=1055"}],"version-history":[{"count":5,"href":"https:\/\/urbanyouthgardensplatform.eu\/mt\/wp-json\/wp\/v2\/pages\/1055\/revisions"}],"predecessor-version":[{"id":1338,"href":"https:\/\/urbanyouthgardensplatform.eu\/mt\/wp-json\/wp\/v2\/pages\/1055\/revisions\/1338"}],"wp:attachment":[{"href":"https:\/\/urbanyouthgardensplatform.eu\/mt\/wp-json\/wp\/v2\/media?parent=1055"}],"curies":[{"name":"wp","href":"https:\/\/api.w.org\/{rel}","templated":true}]}}