{"id":1056,"date":"2022-10-18T21:15:13","date_gmt":"2022-10-18T21:15:13","guid":{"rendered":"https:\/\/urbanyouthgardensplatform.eu\/?page_id=1056"},"modified":"2023-05-16T18:01:12","modified_gmt":"2023-05-16T18:01:12","slug":"comuneditrevi-italy","status":"publish","type":"page","link":"https:\/\/urbanyouthgardensplatform.eu\/mt\/comuneditrevi-italy\/","title":{"rendered":"Comune di Trevi &#8211; Italy"},"content":{"rendered":"<div class=\"agro-section-wrapper\"><div class=\"nt-column\"><div class=\"nt-shortcode-wrapper\"><div id=\"hero\" class=\"nt-shortcode-hero jarallax section_6a01cac4ed8ae vc_custom_1665941475774\" data-speed=\"0.7\" data-img-position=\"50% 80%\" data-res-css=\"          \"><div class=\"container\"><div class=\"row\"><div class=\"col-12 col-lg-7\"><h1 class=\"__title\"><span>Organization<\/span> <\/h1><\/div><\/div><\/div><\/div><\/div><\/div><\/div><div class=\"nt_clearfix\"><\/div><div class=\"agro-section-wrapper\"><div class=\"nt-column\"><div class=\"nt-shortcode-wrapper\"><div class=\"section section--no-pb about--1 md-hide-bg item_6a01cac4eda69 vc_custom_1666128543022\" data-res-css=\"              \"><div class=\"container\"><div class=\"section-heading\"><h2 class=\"__title\">Comune di Trevi ITALY <span><\/span><\/h2><\/div><div class=\"row\"><div class=\"col-12 col-lg-6 col-xl-8\"><\/div><\/div><\/div><\/div>\n\t<div  class=\"wpb_single_image wpb_content_element vc_align_center  vc_custom_1666462842512\">\n\t\t\n\t\t<figure class=\"wpb_wrapper vc_figure\">\n\t\t\t<div class=\"vc_single_image-wrapper   vc_box_border_grey\"><img loading=\"lazy\" decoding=\"async\" width=\"171\" height=\"214\" src=\"https:\/\/urbanyouthgardensplatform.eu\/wp-content\/uploads\/2022\/10\/22.png\" class=\"vc_single_image-img attachment-medium\" alt=\"Comune di Trevi\" title=\"Comune di Trevi\" srcset=\"https:\/\/urbanyouthgardensplatform.eu\/wp-content\/uploads\/2022\/10\/22.png 171w, https:\/\/urbanyouthgardensplatform.eu\/wp-content\/uploads\/2022\/10\/22-10x12.png 10w, https:\/\/urbanyouthgardensplatform.eu\/wp-content\/uploads\/2022\/10\/22-96x120.png 96w\" sizes=\"auto, (max-width: 171px) 100vw, 171px\" \/><\/div>\n\t\t<\/figure>\n\t<\/div>\n<\/div><\/div><\/div><div class=\"nt_clearfix\"><\/div><div class=\"agro-section-wrapper\"><div class=\"nt-column col-sm-12\"><div class=\"nt-shortcode-wrapper\">\n\t<div class=\"wpb_text_column wpb_content_element  vc_custom_1666517905562\" >\n\t\t<div class=\"wpb_wrapper\">\n\t\t\t<p><b>Deskrizzjoni ta\u2019 din l-organizzazzjoni: <\/b><span style=\"font-weight: 400;\">Trevi hija belt Taljana ta\u2019 8,121 abitant fil-provin\u010bja ta\u2019 Perugia, l-Umbria.<\/span> <span style=\"font-weight: 400;\">province of Perugia, Umbria.<\/span><\/p>\n<p><b>Deskrizzjoni ta 'dak li jag\u0127mlu fir-rigward tal-\u0121ardina\u0121\u0121 urban: <\/b><span style=\"font-weight: 400;\">Il-Park Agrikolu Urban ta' Trevi huwa parti mill-pro\u0121ett \"Trame naturali. Fi Trevi, l-g\u0127eruq nis\u0121u l-futur,\" operazzjoni ambizzju\u017ca ta '\u017cvilupp mill-\u0121did u titjib tal-pajsa\u0121\u0121 Trevi mixtieq mill-Belt ta' Trevi stess, bl-appo\u0121\u0121 tar-Re\u0121jun tal-Umbria, b\u0127ala parti mill-Programm ta' \u017bvilupp Rurali g\u0127all-Umbria 2014\/2020. Il-pro\u0121ett huwa maqsum f\u2019erba\u2019 interventi: il-\u0127olqien ta\u2019 Park Agrikolu Urban; l-arran\u0121ament u t-tlestija tal-bini tal-punt ta\u2019 akkoljenza fid-da\u0127la ta\u2019 Borgo Trevi biex tin\u0127oloq struttura g\u0127al u\u017cu turistiku u so\u010bjali; ir-restawr tat-torri tal-gamiema fil-mas\u0121ar ta\u017c-\u017cebbu\u0121 ta\u2019 Villa Fabbri biex hemmhekk jitqieg\u0127ed \u010bentru ta\u2019 dokumentazzjoni fuq il-pajsa\u0121\u0121 ta\u010b-\u010binturin ta\u017c-\u017cebbu\u0121; u l-\u0127olqien tal-Park tal-G\u0127oljiet fil-kuntest tal-qasam sportiv ta\u2019 Trevi bl-inklu\u017cjoni ta\u2019 ta\u0127wil konsistenti mal-essenzi tal-postijiet.<\/span><\/p>\n<p><span style=\"font-weight: 400;\">B'attenzjoni partikolari g\u0127at-tema tal-bijodiversit\u00e0, bit-t\u0127awwil ta' pjanti u hxejjex botani\u010bi indi\u0121eni u karatteristi\u010bi ta\u017c-\u017cona ta\u2019 Trevi u l-Umbria, it-twettieq tal-Park Agrikolu, fuq post totali ta 'madwar g\u0127axar tomniet, involviet i\u017c-\u017cew\u0121 spazji \u0127odor vasti li jistg\u0127u jintu\u017caw g\u0127al attivitajiet so\u010bjali, rikreattivi, edukattivi u sportivi, attivitajiet edukattivi u sportivi, kif ukoll meded kbar ri\u017cervati g\u0127al attivit\u00e0 agrikola sperimentali, bi \u0121onna tal-frott, u dwieli.<\/span><\/p>\n<p><b><img loading=\"lazy\" decoding=\"async\" class=\"alignleft wp-image-1186\" src=\"https:\/\/urbanyouthgardensplatform.eu\/wp-content\/uploads\/2022\/10\/23-300x167.jpg\" alt=\"Comune di Trevi\" width=\"359\" height=\"200\" srcset=\"https:\/\/urbanyouthgardensplatform.eu\/wp-content\/uploads\/2022\/10\/23-300x167.jpg 300w, https:\/\/urbanyouthgardensplatform.eu\/wp-content\/uploads\/2022\/10\/23-1024x569.jpg 1024w, https:\/\/urbanyouthgardensplatform.eu\/wp-content\/uploads\/2022\/10\/23-768x427.jpg 768w, https:\/\/urbanyouthgardensplatform.eu\/wp-content\/uploads\/2022\/10\/23-18x10.jpg 18w, https:\/\/urbanyouthgardensplatform.eu\/wp-content\/uploads\/2022\/10\/23-120x67.jpg 120w, https:\/\/urbanyouthgardensplatform.eu\/wp-content\/uploads\/2022\/10\/23-240x133.jpg 240w, https:\/\/urbanyouthgardensplatform.eu\/wp-content\/uploads\/2022\/10\/23-360x200.jpg 360w, https:\/\/urbanyouthgardensplatform.eu\/wp-content\/uploads\/2022\/10\/23-480x267.jpg 480w, https:\/\/urbanyouthgardensplatform.eu\/wp-content\/uploads\/2022\/10\/23-820x455.jpg 820w, https:\/\/urbanyouthgardensplatform.eu\/wp-content\/uploads\/2022\/10\/23-1040x578.jpg 1040w, https:\/\/urbanyouthgardensplatform.eu\/wp-content\/uploads\/2022\/10\/23.jpg 1046w\" sizes=\"auto, (max-width: 359px) 100vw, 359px\" \/><\/b><\/p>\n<p><b>Indirizz tal-organizzazzjoni: <\/b><span style=\"font-weight: 400;\">Via Flaminia, Trevi (PG), Italy<\/span><\/p>\n<p><b>Telefon tal-Organizzazzjoni: <span style=\"font-weight: 400;\">+39 0742 332249<\/span><\/b><\/p>\n<p><b>Imejl tal-organizzazzjoni: <a href=\"mailto:info@comune.trevi.pg.it\"><span style=\"font-weight: 400;\">info@comune.trevi.pg.it<\/span><\/a><\/b><\/p>\n<p><b>Websajt tal-organizzazzjoni: <\/b><a href=\"https:\/\/sites.google.com\/view\/trevitrame\/home\">https:\/\/sites.google.com\/view\/trevitrame\/home<\/a><\/p>\n<p><strong>Facebook: <\/strong>N\/A <strong>Instagram: <\/strong>N\/A<\/p>\n<p><b>\u00a0<\/b><\/p>\n\n\t\t<\/div>\n\t<\/div>\n<\/div><\/div><\/div><div class=\"nt_clearfix\"><\/div><div class=\"agro-section-wrapper ptb-140 section section--dark-bg vc_custom_1549793979536 nt_section_15419876 nt-has-responsive-data\" data-res-css=\"@media (max-width: 992px) {.nt_section_15419876{ padding-bottom: 84px !important; }} @media (max-width: 768px) {.nt_section_15419876{ padding-bottom: 54px !important; }}\"><div class=\"container container-stretch\"><div class=\"row\"><div class=\"section-heading--white nt-column col-sm-12\"><div class=\"nt-shortcode-wrapper\"><div class=\"section-heading section-heading--center item_6a01cac4ee11c\" data-res-css=\"     \" data-aos=\"fade\"><h2 class=\"__title\">GET <span>IN TOUCH<\/span><\/h2><\/div>\n<div class=\"wpcf7 no-js\" id=\"wpcf7-f12-o1\" lang=\"en-US\" dir=\"ltr\" data-wpcf7-id=\"12\">\n<div class=\"screen-reader-response\"><p role=\"status\" aria-live=\"polite\" aria-atomic=\"true\"><\/p> <ul><\/ul><\/div>\n<form action=\"\/mt\/wp-json\/wp\/v2\/pages\/1056#wpcf7-f12-o1\" method=\"post\" class=\"wpcf7-form init\" aria-label=\"Contact form\" novalidate=\"novalidate\" data-status=\"init\" data-trp-original-action=\"\/mt\/wp-json\/wp\/v2\/pages\/1056#wpcf7-f12-o1\">\n<fieldset class=\"hidden-fields-container\"><input type=\"hidden\" name=\"_wpcf7\" value=\"12\" \/><input type=\"hidden\" name=\"_wpcf7_version\" value=\"6.1.5\" \/><input type=\"hidden\" name=\"_wpcf7_locale\" value=\"en_US\" \/><input type=\"hidden\" name=\"_wpcf7_unit_tag\" value=\"wpcf7-f12-o1\" \/><input type=\"hidden\" name=\"_wpcf7_container_post\" value=\"0\" \/><input type=\"hidden\" name=\"_wpcf7_posted_data_hash\" value=\"\" \/><input type=\"hidden\" name=\"_wpcf7_recaptcha_response\" value=\"\" \/>\n<\/fieldset>\n<div class=\"contact-form js-contact-form\" data-aos=\"fade\">\n\t<div class=\"row\">\n\t\t<div class=\"col-12 col-md-6\">\n\t\t\t<div class=\"input-wrp\">\n\t\t\t\t<p><span class=\"wpcf7-form-control-wrap\" data-name=\"text-787\"><input size=\"40\" maxlength=\"400\" class=\"wpcf7-form-control wpcf7-text wpcf7-validates-as-required textfield\" aria-required=\"true\" aria-invalid=\"false\" placeholder=\"Your Name\" value=\"\" type=\"text\" name=\"text-787\" \/><\/span>\n\t\t\t\t<\/p>\n\t\t\t<\/div>\n\t\t<\/div>\n\t\t<div class=\"col-12 col-md-6\">\n\t\t\t<div class=\"input-wrp\">\n\t\t\t\t<p><span class=\"wpcf7-form-control-wrap\" data-name=\"text-788\"><input size=\"40\" maxlength=\"400\" class=\"wpcf7-form-control wpcf7-text wpcf7-validates-as-required textfield\" aria-required=\"true\" aria-invalid=\"false\" placeholder=\"Your E-mail\" value=\"\" type=\"text\" name=\"text-788\" \/><\/span>\n\t\t\t\t<\/p>\n\t\t\t<\/div>\n\t\t<\/div>\n\t<\/div>\n\t<div class=\"input-wrp\">\n\t\t<p><span class=\"wpcf7-form-control-wrap\" data-name=\"textarea-212\"><textarea cols=\"10\" rows=\"2\" maxlength=\"2000\" class=\"wpcf7-form-control wpcf7-textarea wpcf7-validates-as-required textfield\" aria-required=\"true\" aria-invalid=\"false\" placeholder=\"Your Message\" name=\"textarea-212\"><\/textarea><\/span>\n\t\t<\/p>\n\t<\/div>\n\t<div class=\"input-wrp\">\n\t\t<p><span class=\"wpcf7-form-control-wrap\" data-name=\"acceptance-855\"><span class=\"wpcf7-form-control wpcf7-acceptance\"><span class=\"wpcf7-list-item\"><label><input type=\"checkbox\" name=\"acceptance-855\" value=\"1\" aria-invalid=\"false\" \/><span class=\"wpcf7-list-item-label\">Accept our <a href=\"\/mt\/privacy-policy\/\">Privacy Policy<\/a><\/span><\/label><\/span><\/span><\/span>\n\t\t<\/p>\n\t<\/div>\n\t<p><input class=\"wpcf7-form-control wpcf7-submit has-spinner custom-btn custom-btn--medium custom-btn--style-3 wide\" type=\"submit\" value=\"Send\" \/>\n\t<\/p>\n<\/div><div class=\"wpcf7-response-output\" aria-hidden=\"true\"><\/div>\n<input type=\"hidden\" name=\"trp-form-language\" value=\"mt\"\/><\/form>\n<\/div>\n<\/div><\/div><\/div><\/div><\/div><div class=\"nt_clearfix\"><\/div>","protected":false},"excerpt":{"rendered":"Organization Comune di Trevi ITALY Description of this organization: Trevi is an Italian town of 8,121 inhabitants in the province of Perugia, Umbria. Description of what they do in regards to urban gardening: The Urban Agricultural Park of Trevi is part of the project \"Trame naturali. In Trevi, the roots weave the future,\" an ambitious...","protected":false},"author":1,"featured_media":0,"parent":0,"menu_order":0,"comment_status":"closed","ping_status":"closed","template":"custom-page.php","meta":{"_monsterinsights_skip_tracking":false,"_monsterinsights_sitenote_active":false,"_monsterinsights_sitenote_note":"","_monsterinsights_sitenote_category":0,"footnotes":""},"class_list":["post-1056","page","type-page","status-publish","hentry"," nt-post-class"],"_links":{"self":[{"href":"https:\/\/urbanyouthgardensplatform.eu\/mt\/wp-json\/wp\/v2\/pages\/1056","targetHints":{"allow":["GET"]}}],"collection":[{"href":"https:\/\/urbanyouthgardensplatform.eu\/mt\/wp-json\/wp\/v2\/pages"}],"about":[{"href":"https:\/\/urbanyouthgardensplatform.eu\/mt\/wp-json\/wp\/v2\/types\/page"}],"author":[{"embeddable":true,"href":"https:\/\/urbanyouthgardensplatform.eu\/mt\/wp-json\/wp\/v2\/users\/1"}],"replies":[{"embeddable":true,"href":"https:\/\/urbanyouthgardensplatform.eu\/mt\/wp-json\/wp\/v2\/comments?post=1056"}],"version-history":[{"count":6,"href":"https:\/\/urbanyouthgardensplatform.eu\/mt\/wp-json\/wp\/v2\/pages\/1056\/revisions"}],"predecessor-version":[{"id":1336,"href":"https:\/\/urbanyouthgardensplatform.eu\/mt\/wp-json\/wp\/v2\/pages\/1056\/revisions\/1336"}],"wp:attachment":[{"href":"https:\/\/urbanyouthgardensplatform.eu\/mt\/wp-json\/wp\/v2\/media?parent=1056"}],"curies":[{"name":"wp","href":"https:\/\/api.w.org\/{rel}","templated":true}]}}