{"id":1057,"date":"2022-10-18T21:15:13","date_gmt":"2022-10-18T21:15:13","guid":{"rendered":"https:\/\/urbanyouthgardensplatform.eu\/?page_id=1057"},"modified":"2023-05-16T18:02:54","modified_gmt":"2023-05-16T18:02:54","slug":"ortidipinti-italy","status":"publish","type":"page","link":"https:\/\/urbanyouthgardensplatform.eu\/mt\/ortidipinti-italy\/","title":{"rendered":"Orti Dipinti &#8211; Community Garden &#8211; Italy"},"content":{"rendered":"<div class=\"agro-section-wrapper\"><div class=\"nt-column\"><div class=\"nt-shortcode-wrapper\"><div id=\"hero\" class=\"nt-shortcode-hero jarallax section_69e34c6a21fc1 vc_custom_1665941475774\" data-speed=\"0.7\" data-img-position=\"50% 80%\" data-res-css=\"          \"><div class=\"container\"><div class=\"row\"><div class=\"col-12 col-lg-7\"><h1 class=\"__title\"><span>Organization<\/span> <\/h1><\/div><\/div><\/div><\/div><\/div><\/div><\/div><div class=\"nt_clearfix\"><\/div><div class=\"agro-section-wrapper\"><div class=\"nt-column\"><div class=\"nt-shortcode-wrapper\"><div class=\"section section--no-pb about--1 md-hide-bg item_69e34c6a221c7 vc_custom_1666128124237\" data-res-css=\"              \"><div class=\"container\"><div class=\"section-heading\"><h2 class=\"__title\">Orti Dipinti - Community Garden ITALY <span><\/span><\/h2><\/div><div class=\"row\"><div class=\"col-12 col-lg-6 col-xl-8\"><\/div><\/div><\/div><\/div>\n\t<div  class=\"wpb_single_image wpb_content_element vc_align_center  vc_custom_1666463445807\">\n\t\t\n\t\t<figure class=\"wpb_wrapper vc_figure\">\n\t\t\t<div class=\"vc_single_image-wrapper   vc_box_border_grey\"><img loading=\"lazy\" decoding=\"async\" width=\"226\" height=\"225\" src=\"https:\/\/urbanyouthgardensplatform.eu\/wp-content\/uploads\/2022\/10\/20.jpg\" class=\"vc_single_image-img attachment-medium\" alt=\"Orti Dipinti - Community Garden\" title=\"Orti Dipinti - \u0120nien tal-Komunit\u00e0\" srcset=\"https:\/\/urbanyouthgardensplatform.eu\/wp-content\/uploads\/2022\/10\/20.jpg 226w, https:\/\/urbanyouthgardensplatform.eu\/wp-content\/uploads\/2022\/10\/20-150x150.jpg 150w, https:\/\/urbanyouthgardensplatform.eu\/wp-content\/uploads\/2022\/10\/20-12x12.jpg 12w, https:\/\/urbanyouthgardensplatform.eu\/wp-content\/uploads\/2022\/10\/20-120x120.jpg 120w\" sizes=\"auto, (max-width: 226px) 100vw, 226px\" \/><\/div>\n\t\t<\/figure>\n\t<\/div>\n<\/div><\/div><\/div><div class=\"nt_clearfix\"><\/div><div class=\"agro-section-wrapper\"><div class=\"nt-column col-sm-12\"><div class=\"nt-shortcode-wrapper\">\n\t<div class=\"wpb_text_column wpb_content_element  vc_custom_1666463476644\" >\n\t\t<div class=\"wpb_wrapper\">\n\t\t\t<p><b>Deskrizzjoni ta\u2019 din l-organizzazzjoni: <\/b><span style=\"font-weight: 400;\">Il-\u0120nien tal-Komunit\u00e0 huwa post ta\u2019 tag\u0127lim u tag\u0127lim dwar g\u0127a\u017cliet ta\u2019 ikel tajjeb g\u0127as-sa\u0127\u0127a, ri\u010berka u edukazzjoni, professjonalita\u2019 u kultura: fejn niffukaw fuq in-nies u fejn niskopru l-\u0121ardina\u0121\u0121 urban organiku flimkien permezz tal-applikazzjoni tieg\u0127u fil-\u0127ajja ta\u2019 kuljum. Il-\u0121nien jinsab fuq korsa atletika li ma tintu\u017cax. L-ispazju, li huwa muni\u010bipali, fil-fatt \u0121ie fdat f\u2019idejn istitut (Barberi) li g\u0127adu joffri attivitajiet ta\u2019 rikreazzjoni lit-tfal b\u2019diffikultajiet. Twieldet siner\u0121ija bejn l-istitut, l-asso\u010bjazzjoni li tippromwovi l-pro\u0121ett u, ovvjament, l-istituzzjonijiet, fit-trasformazzjoni u l-i\u017cvilupp mill-\u0121did ta\u2019 din i\u017c-\u017cona urbana semi-abbandunata.<\/span><b>\u00a0<\/b><\/p>\n<p><b>Deskrizzjoni ta 'dak li jag\u0127mlu fir-rigward tal-\u0121ardina\u0121\u0121 urban: <\/b><span style=\"font-weight: 400;\">Is-sit tal-\u0121nien tal-\u0127axix huwa \u017cona pavimentata, li fuqha tqieg\u0127du sodod mg\u0127ollija li jistrie\u0127u fuq pallets. Din is-soluzzjoni tag\u0127milha fa\u010bli biex i\u010b\u010baqlaq il-kontenituri u l-pellet. Kien hemm xewqa li tintag\u0127\u017cel materja prima u teknolo\u0121iji e\u010b\u010bellenti: \u0127xejjex organi\u010bi u \u0127amrija, b\u2019teknika tal-permakultura, sub-irrigazzjoni bi \u2018cruets\u2019, skont il-\u0127xejjex. L-g\u0127an huwa li jin\u0127oloq \"farm urban\" reali, fejn jinforma u jeduka lin-nies li jixtiequ javvi\u010binaw il-kwistjonijiet tal-ambjent u s-sostenibbilt\u00e0 in \u0121enerali. Minbarra l-u\u010bu\u0127 tar-raba\u2019, hemm l-intenzjoni li jitkabbru xi annimali b\u0127al \u0127ut, fniek u ti\u0121ie\u0121. Hemm ukoll interess fil-\u0121bir u l-u\u017cu mill-\u0121did tal-ilma tax-xita, l-u\u017cu ta\u2019 pannelli fotovoltaj\u010bi biex jer\u0121g\u0127u ji\u010b\u010bar\u0121jaw il-mowbajls, u l-organizzazzjoni ta\u2019 avvenimenti ta\u2019 tixrid t\u2019informazzjoni. Nies li ja\u0127dmu fil-\u0121nien jinkludi persuni b\u2019di\u017cabilit\u00e0 spe\u010bjalment tfal li huma mistiedna mill-Iskola Barberi u wkoll \u010bittadini ordinarji, barranin, familji, gruppi tal-iskejjel, u nies b\u2019inqas opportunitajiet.<\/span><\/p>\n<p><span style=\"font-weight: 400;\">Il-\u0121nien huwa \u0121nien komunitarju, ji\u0121ifieri \u0121nien so\u010bjali. Dan jimplika li l-ebda persuna ma hija responsabbli g\u0127al kontenitur wie\u0127ed u individwali, i\u017cda pjuttost g\u0127at-totalit\u00e0 tal-kontenituri kollha. Il-premju g\u0127al dawk li ja\u0127dmu fil-\u0121nien huwa fil-\u0127sad tal-\u0127axix, bl-unika regola tkun is-sens komun u l-qsim ugwali. Il-kbarat li jmexxu huma g\u0127alhekk maqsuma demokratikament fost il-voluntiera, skont kalendarju mfassal skont id-disponibbilt\u00e0.<\/span><\/p>\n<p><b><img loading=\"lazy\" decoding=\"async\" class=\"alignleft wp-image-1215 size-medium\" src=\"https:\/\/urbanyouthgardensplatform.eu\/wp-content\/uploads\/2022\/10\/21-300x225.jpg\" alt=\"Orti Dipinti - Community Garden\" width=\"300\" height=\"225\" srcset=\"https:\/\/urbanyouthgardensplatform.eu\/wp-content\/uploads\/2022\/10\/21-300x225.jpg 300w, https:\/\/urbanyouthgardensplatform.eu\/wp-content\/uploads\/2022\/10\/21-16x12.jpg 16w, https:\/\/urbanyouthgardensplatform.eu\/wp-content\/uploads\/2022\/10\/21-120x90.jpg 120w, https:\/\/urbanyouthgardensplatform.eu\/wp-content\/uploads\/2022\/10\/21-240x180.jpg 240w, https:\/\/urbanyouthgardensplatform.eu\/wp-content\/uploads\/2022\/10\/21-360x270.jpg 360w, https:\/\/urbanyouthgardensplatform.eu\/wp-content\/uploads\/2022\/10\/21-480x360.jpg 480w, https:\/\/urbanyouthgardensplatform.eu\/wp-content\/uploads\/2022\/10\/21.jpg 717w\" sizes=\"auto, (max-width: 300px) 100vw, 300px\" \/>Indirizz tal-organizzazzjoni: <span style=\"font-weight: 400;\">Borgo Pinti, 76, 50121 Firenze<\/span> <\/b>FI<\/p>\n<p><b>Telefon tal-Organizzazzjoni: <\/b><span style=\"font-weight: 400;\">N\/A<\/span><\/p>\n<p><b>Imejl tal-organizzazzjoni: <\/b><a href=\"mailto:info@ortidipinti.it\"><span style=\"font-weight: 400;\">info@ortidipinti.it<\/span><\/a><\/p>\n<p><b>Websajt tal-organizzazzjoni:\u00a0<\/b> <a href=\"http:\/\/www.ortidipinti.it\/it\/\">http:\/\/www.ortidipinti.it\/it\/<\/a><\/p>\n<p><strong>Facebook: <\/strong><a href=\"https:\/\/www.facebook.com\/CommunityGardens\">https:\/\/www.facebook.com\/CommunityGardens<\/a><\/p>\n<p><strong>Instagram: <\/strong><a href=\"https:\/\/www.instagram.com\/ortidipinti\/\">https:\/\/www.instagram.com\/ortidipinti\/<\/a><\/p>\n\n\t\t<\/div>\n\t<\/div>\n<\/div><\/div><\/div><div class=\"nt_clearfix\"><\/div><div class=\"agro-section-wrapper ptb-140 section section--dark-bg vc_custom_1549793979536 nt_section_15412401 nt-has-responsive-data\" data-res-css=\"@media (max-width: 992px) {.nt_section_15412401{ padding-bottom: 84px !important; }} @media (max-width: 768px) {.nt_section_15412401{ padding-bottom: 54px !important; }}\"><div class=\"container container-stretch\"><div class=\"row\"><div class=\"section-heading--white nt-column col-sm-12\"><div class=\"nt-shortcode-wrapper\"><div class=\"section-heading section-heading--center item_69e34c6a22be1\" data-res-css=\"     \" data-aos=\"fade\"><h2 class=\"__title\">GET <span>IN TOUCH<\/span><\/h2><\/div>\n<div class=\"wpcf7 no-js\" id=\"wpcf7-f12-o1\" lang=\"en-US\" dir=\"ltr\" data-wpcf7-id=\"12\">\n<div class=\"screen-reader-response\"><p role=\"status\" aria-live=\"polite\" aria-atomic=\"true\"><\/p> <ul><\/ul><\/div>\n<form action=\"\/mt\/wp-json\/wp\/v2\/pages\/1057#wpcf7-f12-o1\" method=\"post\" class=\"wpcf7-form init\" aria-label=\"Contact form\" novalidate=\"novalidate\" data-status=\"init\" data-trp-original-action=\"\/mt\/wp-json\/wp\/v2\/pages\/1057#wpcf7-f12-o1\">\n<fieldset class=\"hidden-fields-container\"><input type=\"hidden\" name=\"_wpcf7\" value=\"12\" \/><input type=\"hidden\" name=\"_wpcf7_version\" value=\"6.1.5\" \/><input type=\"hidden\" name=\"_wpcf7_locale\" value=\"en_US\" \/><input type=\"hidden\" name=\"_wpcf7_unit_tag\" value=\"wpcf7-f12-o1\" \/><input type=\"hidden\" name=\"_wpcf7_container_post\" value=\"0\" \/><input type=\"hidden\" name=\"_wpcf7_posted_data_hash\" value=\"\" \/><input type=\"hidden\" name=\"_wpcf7_recaptcha_response\" value=\"\" \/>\n<\/fieldset>\n<div class=\"contact-form js-contact-form\" data-aos=\"fade\">\n\t<div class=\"row\">\n\t\t<div class=\"col-12 col-md-6\">\n\t\t\t<div class=\"input-wrp\">\n\t\t\t\t<p><span class=\"wpcf7-form-control-wrap\" data-name=\"text-787\"><input size=\"40\" maxlength=\"400\" class=\"wpcf7-form-control wpcf7-text wpcf7-validates-as-required textfield\" aria-required=\"true\" aria-invalid=\"false\" placeholder=\"Your Name\" value=\"\" type=\"text\" name=\"text-787\" \/><\/span>\n\t\t\t\t<\/p>\n\t\t\t<\/div>\n\t\t<\/div>\n\t\t<div class=\"col-12 col-md-6\">\n\t\t\t<div class=\"input-wrp\">\n\t\t\t\t<p><span class=\"wpcf7-form-control-wrap\" data-name=\"text-788\"><input size=\"40\" maxlength=\"400\" class=\"wpcf7-form-control wpcf7-text wpcf7-validates-as-required textfield\" aria-required=\"true\" aria-invalid=\"false\" placeholder=\"Your E-mail\" value=\"\" type=\"text\" name=\"text-788\" \/><\/span>\n\t\t\t\t<\/p>\n\t\t\t<\/div>\n\t\t<\/div>\n\t<\/div>\n\t<div class=\"input-wrp\">\n\t\t<p><span class=\"wpcf7-form-control-wrap\" data-name=\"textarea-212\"><textarea cols=\"10\" rows=\"2\" maxlength=\"2000\" class=\"wpcf7-form-control wpcf7-textarea wpcf7-validates-as-required textfield\" aria-required=\"true\" aria-invalid=\"false\" placeholder=\"Your Message\" name=\"textarea-212\"><\/textarea><\/span>\n\t\t<\/p>\n\t<\/div>\n\t<div class=\"input-wrp\">\n\t\t<p><span class=\"wpcf7-form-control-wrap\" data-name=\"acceptance-855\"><span class=\"wpcf7-form-control wpcf7-acceptance\"><span class=\"wpcf7-list-item\"><label><input type=\"checkbox\" name=\"acceptance-855\" value=\"1\" aria-invalid=\"false\" \/><span class=\"wpcf7-list-item-label\">Accept our <a href=\"\/mt\/privacy-policy\/\">Privacy Policy<\/a><\/span><\/label><\/span><\/span><\/span>\n\t\t<\/p>\n\t<\/div>\n\t<p><input class=\"wpcf7-form-control wpcf7-submit has-spinner custom-btn custom-btn--medium custom-btn--style-3 wide\" type=\"submit\" value=\"Send\" \/>\n\t<\/p>\n<\/div><div class=\"wpcf7-response-output\" aria-hidden=\"true\"><\/div>\n<input type=\"hidden\" name=\"trp-form-language\" value=\"mt\"\/><\/form>\n<\/div>\n<\/div><\/div><\/div><\/div><\/div><div class=\"nt_clearfix\"><\/div>","protected":false},"excerpt":{"rendered":"Organization Orti Dipinti - Community Garden ITALY Description of this organization: The Community Garden is a place of learning and teaching about healthy food choices, research and education, professionalism and culture: where we focus on people and where we discover organic urban gardening together through its application in everyday life. The garden stands on a...","protected":false},"author":1,"featured_media":0,"parent":0,"menu_order":0,"comment_status":"closed","ping_status":"closed","template":"custom-page.php","meta":{"_monsterinsights_skip_tracking":false,"_monsterinsights_sitenote_active":false,"_monsterinsights_sitenote_note":"","_monsterinsights_sitenote_category":0,"footnotes":""},"class_list":["post-1057","page","type-page","status-publish","hentry"," nt-post-class"],"_links":{"self":[{"href":"https:\/\/urbanyouthgardensplatform.eu\/mt\/wp-json\/wp\/v2\/pages\/1057","targetHints":{"allow":["GET"]}}],"collection":[{"href":"https:\/\/urbanyouthgardensplatform.eu\/mt\/wp-json\/wp\/v2\/pages"}],"about":[{"href":"https:\/\/urbanyouthgardensplatform.eu\/mt\/wp-json\/wp\/v2\/types\/page"}],"author":[{"embeddable":true,"href":"https:\/\/urbanyouthgardensplatform.eu\/mt\/wp-json\/wp\/v2\/users\/1"}],"replies":[{"embeddable":true,"href":"https:\/\/urbanyouthgardensplatform.eu\/mt\/wp-json\/wp\/v2\/comments?post=1057"}],"version-history":[{"count":4,"href":"https:\/\/urbanyouthgardensplatform.eu\/mt\/wp-json\/wp\/v2\/pages\/1057\/revisions"}],"predecessor-version":[{"id":1344,"href":"https:\/\/urbanyouthgardensplatform.eu\/mt\/wp-json\/wp\/v2\/pages\/1057\/revisions\/1344"}],"wp:attachment":[{"href":"https:\/\/urbanyouthgardensplatform.eu\/mt\/wp-json\/wp\/v2\/media?parent=1057"}],"curies":[{"name":"wp","href":"https:\/\/api.w.org\/{rel}","templated":true}]}}