{"id":1079,"date":"2022-10-20T20:30:38","date_gmt":"2022-10-20T20:30:38","guid":{"rendered":"https:\/\/urbanyouthgardensplatform.eu\/?page_id=1079"},"modified":"2023-05-16T18:02:45","modified_gmt":"2023-05-16T18:02:45","slug":"organizationearth-greece","status":"publish","type":"page","link":"https:\/\/urbanyouthgardensplatform.eu\/mt\/organizationearth-greece\/","title":{"rendered":"Organization Earth &#8211; Greece"},"content":{"rendered":"<div class=\"agro-section-wrapper\"><div class=\"nt-column\"><div class=\"nt-shortcode-wrapper\"><div id=\"hero\" class=\"nt-shortcode-hero jarallax section_6a01cabba1d3d vc_custom_1665941475774\" data-speed=\"0.7\" data-img-position=\"50% 80%\" data-res-css=\"          \"><div class=\"container\"><div class=\"row\"><div class=\"col-12 col-lg-7\"><h1 class=\"__title\"><span>Organization<\/span> <\/h1><\/div><\/div><\/div><\/div><\/div><\/div><\/div><div class=\"nt_clearfix\"><\/div><div class=\"agro-section-wrapper\"><div class=\"nt-column\"><div class=\"nt-shortcode-wrapper\"><div class=\"section section--no-pb about--1 md-hide-bg item_6a01cabba1ecf vc_custom_1666300184296\" data-res-css=\"              \"><div class=\"container\"><div class=\"section-heading\"><h2 class=\"__title\">Organization Earth Greece <span><\/span><\/h2><\/div><div class=\"row\"><div class=\"col-12 col-lg-6 col-xl-8\"><\/div><\/div><\/div><\/div>\n\t<div  class=\"wpb_single_image wpb_content_element vc_align_center  vc_custom_1666517819364\">\n\t\t\n\t\t<figure class=\"wpb_wrapper vc_figure\">\n\t\t\t<div class=\"vc_single_image-wrapper   vc_box_border_grey\"><img loading=\"lazy\" decoding=\"async\" width=\"250\" height=\"140\" src=\"https:\/\/urbanyouthgardensplatform.eu\/wp-content\/uploads\/2022\/10\/34.jpg\" class=\"vc_single_image-img attachment-medium\" alt=\"Organization Earth\" title=\"Organization Earth\" srcset=\"https:\/\/urbanyouthgardensplatform.eu\/wp-content\/uploads\/2022\/10\/34.jpg 250w, https:\/\/urbanyouthgardensplatform.eu\/wp-content\/uploads\/2022\/10\/34-18x10.jpg 18w, https:\/\/urbanyouthgardensplatform.eu\/wp-content\/uploads\/2022\/10\/34-120x67.jpg 120w, https:\/\/urbanyouthgardensplatform.eu\/wp-content\/uploads\/2022\/10\/34-240x134.jpg 240w\" sizes=\"auto, (max-width: 250px) 100vw, 250px\" \/><\/div>\n\t\t<\/figure>\n\t<\/div>\n<\/div><\/div><\/div><div class=\"nt_clearfix\"><\/div><div class=\"agro-section-wrapper\"><div class=\"nt-column col-sm-12\"><div class=\"nt-shortcode-wrapper\">\n\t<div class=\"wpb_text_column wpb_content_element  vc_custom_1666517850030\" >\n\t\t<div class=\"wpb_wrapper\">\n\t\t\t<p><b>Deskrizzjoni ta\u2019 din l-organizzazzjoni: <\/b><span style=\"font-weight: 400;\">L-Organizzazzjoni tad-Dinja hija organizzazzjoni mhux g\u0127all-profitt u mhux governattiva bba\u017cata fil-Gre\u010bja li kienet stabbilita ori\u0121inarjament fl-2010. L-g\u0127an tag\u0127ha huwa li tikkonsolida l-kun\u010bett ta\u2019 \u017bvilupp Sostenibbli billi tipprovdi edukazzjoni esperjenzali mhux formali lil individwi ta\u2019 kull et\u00e0.<\/span><\/p>\n<p><span style=\"font-weight: 400;\">Il-programmi tal-Organizzazzjoni tad-Dinja huma implimentati f'varjet\u00e0 ta 'postijiet madwar id-drapp urban ta' Ateni, b'fokus fuq skejjel, strutturi ta\u2019 akkomodazzjoni g\u0127ar-refu\u0121jati, u \u010b-\u010aentru Mudell ta' Tag\u0127lim Ambjentali ma\u0127luq mill-Organizzazzjoni f'Ilion-Attika, mag\u0127ruf b\u0127ala \"i\u010b-\u010aentru tad-Dinja.\" G\u0127all-implimentazzjoni tag\u0127hom, l-Organizzazzjoni tad-Dinja ffurmat alleanzi ma\u2019 negozji, a\u0121enziji tal-gvern lokali, istituzzjonijiet akkademi\u010bi, organizzazzjonijiet tal-karit\u00e0, u numru ta\u2019 organizzazzjonijiet tas-So\u010bjet\u00e0 \u010aivili kemm \u0121ewwa kif ukoll barra mill-Gre\u010bja.<\/span><\/p>\n<p><span style=\"font-weight: 400;\">L-azzjonijiet tal-Organizzazzjoni tad-Dinja huma organizzati madwar tliet assi ewlenin:<\/span><\/p>\n<p>1. Azzjoni Ambjentali u Korsijiet Edukattivi<br \/>\n2. Programmi ta' Integrazzjoni So\u010bjali Gruppi So\u010bjali Vulnerabbli, Qg\u0127eda, Di\u017cabbli, Refu\u0121jati, Immigranti, u Anzjani<br \/>\n3. Programmi per l'imprenditorialit\u00e0 responsabile e sostenibile<\/p>\n<p><b>Deskrizzjoni ta 'dak li jag\u0127mlu fir-rigward tal-\u0121ardina\u0121\u0121 urban: <\/b><span style=\"font-weight: 400;\">I\u010b-\"\u010aentru tad-Dinja\" huwa park urban ta' 25 tomna f'Ilion. Iservi b\u0127ala \u010bentru ta\u2019 edukazzjoni ambjentali u post ta\u2019 laqg\u0127a so\u010bjali g\u0127al individwi ta\u2019 kull et\u00e0. Il-\u0121nien tal-\u0127axix organiku huwa punt ta\u2019 referenza, i\u017cda wkoll il-\u0121nien tal-bijodiversit\u00e0, \u017cona g\u0127all-flora u l-fawna lokali li turi kemm in-natura tista\u2019 tkun b\u2019sa\u0127\u0127itha anke \u0127dejn \u017cona urbana densa. L-istudenti u n-nies li j\u017curu huma infurmati u sensitizzati dwar il-bijodiversit\u00e0, il-katina tal-ikel, il-funzjonijiet tan-natura, u r-relazzjoni tal-bniedem mag\u0127ha, permezz ta\u2019 inizjattivi edukattivi minn so\u010bjologi, agronomisti, u ambjentalisti.<\/span><\/p>\n<p><b><img loading=\"lazy\" decoding=\"async\" class=\"alignleft wp-image-1197\" src=\"https:\/\/urbanyouthgardensplatform.eu\/wp-content\/uploads\/2022\/10\/35-300x225.jpg\" alt=\"Organization Earth\" width=\"372\" height=\"279\" srcset=\"https:\/\/urbanyouthgardensplatform.eu\/wp-content\/uploads\/2022\/10\/35-300x225.jpg 300w, https:\/\/urbanyouthgardensplatform.eu\/wp-content\/uploads\/2022\/10\/35-768x577.jpg 768w, https:\/\/urbanyouthgardensplatform.eu\/wp-content\/uploads\/2022\/10\/35-16x12.jpg 16w, https:\/\/urbanyouthgardensplatform.eu\/wp-content\/uploads\/2022\/10\/35-120x90.jpg 120w, https:\/\/urbanyouthgardensplatform.eu\/wp-content\/uploads\/2022\/10\/35-240x180.jpg 240w, https:\/\/urbanyouthgardensplatform.eu\/wp-content\/uploads\/2022\/10\/35-360x270.jpg 360w, https:\/\/urbanyouthgardensplatform.eu\/wp-content\/uploads\/2022\/10\/35-480x360.jpg 480w, https:\/\/urbanyouthgardensplatform.eu\/wp-content\/uploads\/2022\/10\/35-820x616.jpg 820w, https:\/\/urbanyouthgardensplatform.eu\/wp-content\/uploads\/2022\/10\/35.jpg 851w\" sizes=\"auto, (max-width: 372px) 100vw, 372px\" \/>Indirizz tal-organizzazzjoni: <span style=\"font-weight: 400;\">67 Dimokratis Avenue, 131 22, Ilion<\/span><\/b><\/p>\n<p><b>Telefon tal-Organizzazzjoni: <span style=\"font-weight: 400;\">N\/A<\/span><\/b><\/p>\n<p><b>Imejl tal-organizzazzjoni: <\/b><a href=\"mailto:info@organizationearth.org\">i<span style=\"font-weight: 400;\">nfo@organizationearth.org<\/span><\/a><\/p>\n<p><b>Websajt tal-organizzazzjoni: <\/b><a href=\"https:\/\/www.organizationearth.org\/profile\">https:\/\/www.organizationearth.org\/profile<\/a><\/p>\n<p><strong>Facebook: <\/strong><a href=\"https:\/\/www.facebook.com\/OrganizationEarth\/\">https:\/\/www.facebook.com\/OrganizationEarth\/<\/a><\/p>\n<p><strong>Instagram: <\/strong><a href=\"https:\/\/www.instagram.com\/organizationearth_gr\/\">https:\/\/www.instagram.com\/organizationearth_gr\/<\/a><\/p>\n\n\t\t<\/div>\n\t<\/div>\n<\/div><\/div><\/div><div class=\"nt_clearfix\"><\/div><div class=\"agro-section-wrapper ptb-140 section section--dark-bg vc_custom_1549793979536 nt_section_15415727 nt-has-responsive-data\" data-res-css=\"@media (max-width: 992px) {.nt_section_15415727{ padding-bottom: 84px !important; }} @media (max-width: 768px) {.nt_section_15415727{ padding-bottom: 54px !important; }}\"><div class=\"container container-stretch\"><div class=\"row\"><div class=\"section-heading--white nt-column col-sm-12\"><div class=\"nt-shortcode-wrapper\"><div class=\"section-heading section-heading--center item_6a01cabba263b\" data-res-css=\"     \" data-aos=\"fade\"><h2 class=\"__title\">GET <span>IN TOUCH<\/span><\/h2><\/div>\n<div class=\"wpcf7 no-js\" id=\"wpcf7-f12-o1\" lang=\"en-US\" dir=\"ltr\" data-wpcf7-id=\"12\">\n<div class=\"screen-reader-response\"><p role=\"status\" aria-live=\"polite\" aria-atomic=\"true\"><\/p> <ul><\/ul><\/div>\n<form action=\"\/mt\/wp-json\/wp\/v2\/pages\/1079#wpcf7-f12-o1\" method=\"post\" class=\"wpcf7-form init\" aria-label=\"Contact form\" novalidate=\"novalidate\" data-status=\"init\" data-trp-original-action=\"\/mt\/wp-json\/wp\/v2\/pages\/1079#wpcf7-f12-o1\">\n<fieldset class=\"hidden-fields-container\"><input type=\"hidden\" name=\"_wpcf7\" value=\"12\" \/><input type=\"hidden\" name=\"_wpcf7_version\" value=\"6.1.5\" \/><input type=\"hidden\" name=\"_wpcf7_locale\" value=\"en_US\" \/><input type=\"hidden\" name=\"_wpcf7_unit_tag\" value=\"wpcf7-f12-o1\" \/><input type=\"hidden\" name=\"_wpcf7_container_post\" value=\"0\" \/><input type=\"hidden\" name=\"_wpcf7_posted_data_hash\" value=\"\" \/><input type=\"hidden\" name=\"_wpcf7_recaptcha_response\" value=\"\" \/>\n<\/fieldset>\n<div class=\"contact-form js-contact-form\" data-aos=\"fade\">\n\t<div class=\"row\">\n\t\t<div class=\"col-12 col-md-6\">\n\t\t\t<div class=\"input-wrp\">\n\t\t\t\t<p><span class=\"wpcf7-form-control-wrap\" data-name=\"text-787\"><input size=\"40\" maxlength=\"400\" class=\"wpcf7-form-control wpcf7-text wpcf7-validates-as-required textfield\" aria-required=\"true\" aria-invalid=\"false\" placeholder=\"Your Name\" value=\"\" type=\"text\" name=\"text-787\" \/><\/span>\n\t\t\t\t<\/p>\n\t\t\t<\/div>\n\t\t<\/div>\n\t\t<div class=\"col-12 col-md-6\">\n\t\t\t<div class=\"input-wrp\">\n\t\t\t\t<p><span class=\"wpcf7-form-control-wrap\" data-name=\"text-788\"><input size=\"40\" maxlength=\"400\" class=\"wpcf7-form-control wpcf7-text wpcf7-validates-as-required textfield\" aria-required=\"true\" aria-invalid=\"false\" placeholder=\"Your E-mail\" value=\"\" type=\"text\" name=\"text-788\" \/><\/span>\n\t\t\t\t<\/p>\n\t\t\t<\/div>\n\t\t<\/div>\n\t<\/div>\n\t<div class=\"input-wrp\">\n\t\t<p><span class=\"wpcf7-form-control-wrap\" data-name=\"textarea-212\"><textarea cols=\"10\" rows=\"2\" maxlength=\"2000\" class=\"wpcf7-form-control wpcf7-textarea wpcf7-validates-as-required textfield\" aria-required=\"true\" aria-invalid=\"false\" placeholder=\"Your Message\" name=\"textarea-212\"><\/textarea><\/span>\n\t\t<\/p>\n\t<\/div>\n\t<div class=\"input-wrp\">\n\t\t<p><span class=\"wpcf7-form-control-wrap\" data-name=\"acceptance-855\"><span class=\"wpcf7-form-control wpcf7-acceptance\"><span class=\"wpcf7-list-item\"><label><input type=\"checkbox\" name=\"acceptance-855\" value=\"1\" aria-invalid=\"false\" \/><span class=\"wpcf7-list-item-label\">Accept our <a href=\"\/mt\/privacy-policy\/\">Privacy Policy<\/a><\/span><\/label><\/span><\/span><\/span>\n\t\t<\/p>\n\t<\/div>\n\t<p><input class=\"wpcf7-form-control wpcf7-submit has-spinner custom-btn custom-btn--medium custom-btn--style-3 wide\" type=\"submit\" value=\"Send\" \/>\n\t<\/p>\n<\/div><div class=\"wpcf7-response-output\" aria-hidden=\"true\"><\/div>\n<input type=\"hidden\" name=\"trp-form-language\" value=\"mt\"\/><\/form>\n<\/div>\n<\/div><\/div><\/div><\/div><\/div><div class=\"nt_clearfix\"><\/div>","protected":false},"excerpt":{"rendered":"Organization Organization Earth Greece Description of this organization: The Earth Organization is a non-profit, non-governmental organization based in Greece that was originally established in 2010. Its goal is to consolidate the concept of Sustainable Development by providing non-formal experiential education to individuals of any age. The Earth Organization's programs are implemented in a variety of...","protected":false},"author":1,"featured_media":0,"parent":0,"menu_order":0,"comment_status":"closed","ping_status":"closed","template":"custom-page.php","meta":{"_monsterinsights_skip_tracking":false,"_monsterinsights_sitenote_active":false,"_monsterinsights_sitenote_note":"","_monsterinsights_sitenote_category":0,"footnotes":""},"class_list":["post-1079","page","type-page","status-publish","hentry"," nt-post-class"],"_links":{"self":[{"href":"https:\/\/urbanyouthgardensplatform.eu\/mt\/wp-json\/wp\/v2\/pages\/1079","targetHints":{"allow":["GET"]}}],"collection":[{"href":"https:\/\/urbanyouthgardensplatform.eu\/mt\/wp-json\/wp\/v2\/pages"}],"about":[{"href":"https:\/\/urbanyouthgardensplatform.eu\/mt\/wp-json\/wp\/v2\/types\/page"}],"author":[{"embeddable":true,"href":"https:\/\/urbanyouthgardensplatform.eu\/mt\/wp-json\/wp\/v2\/users\/1"}],"replies":[{"embeddable":true,"href":"https:\/\/urbanyouthgardensplatform.eu\/mt\/wp-json\/wp\/v2\/comments?post=1079"}],"version-history":[{"count":4,"href":"https:\/\/urbanyouthgardensplatform.eu\/mt\/wp-json\/wp\/v2\/pages\/1079\/revisions"}],"predecessor-version":[{"id":1343,"href":"https:\/\/urbanyouthgardensplatform.eu\/mt\/wp-json\/wp\/v2\/pages\/1079\/revisions\/1343"}],"wp:attachment":[{"href":"https:\/\/urbanyouthgardensplatform.eu\/mt\/wp-json\/wp\/v2\/media?parent=1079"}],"curies":[{"name":"wp","href":"https:\/\/api.w.org\/{rel}","templated":true}]}}