{"id":1080,"date":"2022-10-20T20:30:46","date_gmt":"2022-10-20T20:30:46","guid":{"rendered":"https:\/\/urbanyouthgardensplatform.eu\/?page_id=1080"},"modified":"2023-05-16T18:00:41","modified_gmt":"2023-05-16T18:00:41","slug":"athenaresearch-greece","status":"publish","type":"page","link":"https:\/\/urbanyouthgardensplatform.eu\/mt\/athenaresearch-greece\/","title":{"rendered":"Athena Research &#038; Innovation Information Technologies &#8211; Greece"},"content":{"rendered":"<div class=\"agro-section-wrapper\"><div class=\"nt-column\"><div class=\"nt-shortcode-wrapper\"><div id=\"hero\" class=\"nt-shortcode-hero jarallax section_69e349b4f0716 vc_custom_1665941475774\" data-speed=\"0.7\" data-img-position=\"50% 80%\" data-res-css=\"          \"><div class=\"container\"><div class=\"row\"><div class=\"col-12 col-lg-7\"><h1 class=\"__title\"><span>Organization<\/span> <\/h1><\/div><\/div><\/div><\/div><\/div><\/div><\/div><div class=\"nt_clearfix\"><\/div><div class=\"agro-section-wrapper\"><div class=\"nt-column\"><div class=\"nt-shortcode-wrapper\"><div class=\"section section--no-pb about--1 md-hide-bg item_69e349b4f0925 vc_custom_1666299495064\" data-res-css=\"              \"><div class=\"container\"><div class=\"section-heading\"><h2 class=\"__title\">Athena Research & Innovation Information Technologies Greece <span><\/span><\/h2><\/div><div class=\"row\"><div class=\"col-12 col-lg-6 col-xl-8\"><\/div><\/div><\/div><\/div>\n\t<div  class=\"wpb_single_image wpb_content_element vc_align_center  vc_custom_1666517746060\">\n\t\t\n\t\t<figure class=\"wpb_wrapper vc_figure\">\n\t\t\t<div class=\"vc_single_image-wrapper   vc_box_border_grey\"><img loading=\"lazy\" decoding=\"async\" width=\"249\" height=\"142\" src=\"https:\/\/urbanyouthgardensplatform.eu\/wp-content\/uploads\/2022\/10\/33.jpg\" class=\"vc_single_image-img attachment-medium\" alt=\"Athena Research &amp; Innovation Information Technologies\" title=\"Athena Research &amp; Innovation Information Technologies\" srcset=\"https:\/\/urbanyouthgardensplatform.eu\/wp-content\/uploads\/2022\/10\/33.jpg 249w, https:\/\/urbanyouthgardensplatform.eu\/wp-content\/uploads\/2022\/10\/33-18x10.jpg 18w, https:\/\/urbanyouthgardensplatform.eu\/wp-content\/uploads\/2022\/10\/33-120x68.jpg 120w, https:\/\/urbanyouthgardensplatform.eu\/wp-content\/uploads\/2022\/10\/33-240x137.jpg 240w\" sizes=\"auto, (max-width: 249px) 100vw, 249px\" \/><\/div>\n\t\t<\/figure>\n\t<\/div>\n<\/div><\/div><\/div><div class=\"nt_clearfix\"><\/div><div class=\"agro-section-wrapper\"><div class=\"nt-column col-sm-12\"><div class=\"nt-shortcode-wrapper\">\n\t<div class=\"wpb_text_column wpb_content_element  vc_custom_1666517762591\" >\n\t\t<div class=\"wpb_wrapper\">\n\t\t\t<p><b>Deskrizzjoni ta\u2019 din l-organizzazzjoni: <\/b><span style=\"font-weight: 400;\">: I\u010b-\u010aentru ta\u2019 Ri\u010berka \"Athena\" \u0121ie stabbilit fl-2003 b\u0127ala \u010aentru g\u0127all-Applikazzjonijiet tat-Teknolo\u0121iji tal-Komunikazzjoni u l-Informazzjoni bil-g\u0127an li ji\u0121bor u jkompli jespandi azzjonijiet u inizjattivi ta\u2019 ri\u010berka u \u017cvilupp fil-qasam tat-Teknolo\u0121ija tal-Informazzjoni u l-Komunikazzjoni. I\u010b-\u010aentru ng\u0127ata l-isem \u0121did ta\u010b-\u010aentru ta' Ri\u010berka g\u0127all-Innovazzjoni fit-Teknolo\u0121iji tal-Informazzjoni, Komunikazzjoni, u G\u0127arfien (Athena) fl-2006.<\/span><\/p>\n<p><span style=\"font-weight: 400;\">Il-perspettiva ta\u2019 \"Athena\" hija li tappo\u0121\u0121ja \u010b-\u010biklu kollu ta' ri\u010berka u innovazzjoni, li tibda b'ri\u010berka ba\u017cika kif ukoll applikata, tippro\u010bedi bl-i\u017cvilupp u l-appo\u0121\u0121 ta' sistemi u prodotti, u tikkonkludi bit-trasferiment tat-teknolo\u0121ija u l-intraprenditorija.<\/span><\/p>\n<p class=\"translation-block\">Deskrizzjoni ta\u2019 x\u2019jag\u0127mlu fir-rigward tal-\u0121ardina\u0121\u0121 urban: I\u010b-\u010bentru g\u0127andu numru ta\u2019 pro\u0121etti, inklu\u017c il-pro\u0121ett URBANA. Billi jrawwem l-innovazzjoni so\u010bjali u l-kuxjenza kollettiva tas-sostenibbilt\u00e0 urbana, il-pro\u0121ett URBANA se jo\u0127loq pjattaforma teknolo\u0121ikament innovattiva biex jibni \"pont\" ta 'skambju ta' g\u0127arfien bejn Konsulenti Agrikoli u Koltivaturi Urbani. L-utenti se jkollhom il-kapa\u010bit\u00e0 li jippre\u017centaw g\u0127elejjel urbani fuq skala \u017cg\u0127ira, kif ukoll attivitajiet o\u0127ra relatati mal-agrikoltura urbana li huma implimentaw jew qed jintegraw fil-forma ta\u2019 pro\u0121etti Do It Yourself (DIY), permezz ta\u2019 urbana, filwaqt li jisfruttaw ukoll informazzjoni u pariri. mi\u0121bura minn mekkani\u017cmi ta\u2019 finanzjament tal-folla, senser IoT, u netwerks so\u010bjali.<\/p>\n<p><b>Indirizz tal-organizzazzjoni: <\/b><span style=\"font-weight: 400;\">6 Artemidos &amp; Epidavrou, 15125, Paradisos Amarousiou<\/span><\/p>\n<p><b>Telefon tal-Organizzazzjoni: <\/b><span style=\"font-weight: 400;\">+30 2106875300<\/span><\/p>\n<p><b>Imejl tal-organizzazzjoni: <a href=\"mailto:info@athena-innovation.gr\"><span style=\"font-weight: 400;\">info@athena-innovation.gr<\/span><\/a><\/b><\/p>\n<p><b>Websajt tal-organizzazzjoni:\u00a0 <\/b><a href=\"https:\/\/www.athenarc.gr\/el\">https:\/\/www.athenarc.gr\/el<\/a><\/p>\n<p><strong>Facebook: <\/strong><a href=\"https:\/\/www.facebook.com\/athenaRIC\/\">https:\/\/www.facebook.com\/athenaRIC\/<\/a><\/p>\n<p><strong>Youtube: <\/strong><a href=\"https:\/\/www.youtube.com\/channel\/UCpURwhS3yBMQltVDZy9TRSQ\">https:\/\/www.youtube.com\/channel\/UCpURwhS3yBMQltVDZy9TRSQ<\/a><\/p>\n\n\t\t<\/div>\n\t<\/div>\n<\/div><\/div><\/div><div class=\"nt_clearfix\"><\/div><div class=\"agro-section-wrapper ptb-140 section section--dark-bg vc_custom_1549793979536 nt_section_15412542 nt-has-responsive-data\" data-res-css=\"@media (max-width: 992px) {.nt_section_15412542{ padding-bottom: 84px !important; }} @media (max-width: 768px) {.nt_section_15412542{ padding-bottom: 54px !important; }}\"><div class=\"container container-stretch\"><div class=\"row\"><div class=\"section-heading--white nt-column col-sm-12\"><div class=\"nt-shortcode-wrapper\"><div class=\"section-heading section-heading--center item_69e349b4f126d\" data-res-css=\"     \" data-aos=\"fade\"><h2 class=\"__title\">GET <span>IN TOUCH<\/span><\/h2><\/div>\n<div class=\"wpcf7 no-js\" id=\"wpcf7-f12-o1\" lang=\"en-US\" dir=\"ltr\" data-wpcf7-id=\"12\">\n<div class=\"screen-reader-response\"><p role=\"status\" aria-live=\"polite\" aria-atomic=\"true\"><\/p> <ul><\/ul><\/div>\n<form action=\"\/mt\/wp-json\/wp\/v2\/pages\/1080#wpcf7-f12-o1\" method=\"post\" class=\"wpcf7-form init\" aria-label=\"Contact form\" novalidate=\"novalidate\" data-status=\"init\" data-trp-original-action=\"\/mt\/wp-json\/wp\/v2\/pages\/1080#wpcf7-f12-o1\">\n<fieldset class=\"hidden-fields-container\"><input type=\"hidden\" name=\"_wpcf7\" value=\"12\" \/><input type=\"hidden\" name=\"_wpcf7_version\" value=\"6.1.5\" \/><input type=\"hidden\" name=\"_wpcf7_locale\" value=\"en_US\" \/><input type=\"hidden\" name=\"_wpcf7_unit_tag\" value=\"wpcf7-f12-o1\" \/><input type=\"hidden\" name=\"_wpcf7_container_post\" value=\"0\" \/><input type=\"hidden\" name=\"_wpcf7_posted_data_hash\" value=\"\" \/><input type=\"hidden\" name=\"_wpcf7_recaptcha_response\" value=\"\" \/>\n<\/fieldset>\n<div class=\"contact-form js-contact-form\" data-aos=\"fade\">\n\t<div class=\"row\">\n\t\t<div class=\"col-12 col-md-6\">\n\t\t\t<div class=\"input-wrp\">\n\t\t\t\t<p><span class=\"wpcf7-form-control-wrap\" data-name=\"text-787\"><input size=\"40\" maxlength=\"400\" class=\"wpcf7-form-control wpcf7-text wpcf7-validates-as-required textfield\" aria-required=\"true\" aria-invalid=\"false\" placeholder=\"Your Name\" value=\"\" type=\"text\" name=\"text-787\" \/><\/span>\n\t\t\t\t<\/p>\n\t\t\t<\/div>\n\t\t<\/div>\n\t\t<div class=\"col-12 col-md-6\">\n\t\t\t<div class=\"input-wrp\">\n\t\t\t\t<p><span class=\"wpcf7-form-control-wrap\" data-name=\"text-788\"><input size=\"40\" maxlength=\"400\" class=\"wpcf7-form-control wpcf7-text wpcf7-validates-as-required textfield\" aria-required=\"true\" aria-invalid=\"false\" placeholder=\"Your E-mail\" value=\"\" type=\"text\" name=\"text-788\" \/><\/span>\n\t\t\t\t<\/p>\n\t\t\t<\/div>\n\t\t<\/div>\n\t<\/div>\n\t<div class=\"input-wrp\">\n\t\t<p><span class=\"wpcf7-form-control-wrap\" data-name=\"textarea-212\"><textarea cols=\"10\" rows=\"2\" maxlength=\"2000\" class=\"wpcf7-form-control wpcf7-textarea wpcf7-validates-as-required textfield\" aria-required=\"true\" aria-invalid=\"false\" placeholder=\"Your Message\" name=\"textarea-212\"><\/textarea><\/span>\n\t\t<\/p>\n\t<\/div>\n\t<div class=\"input-wrp\">\n\t\t<p><span class=\"wpcf7-form-control-wrap\" data-name=\"acceptance-855\"><span class=\"wpcf7-form-control wpcf7-acceptance\"><span class=\"wpcf7-list-item\"><label><input type=\"checkbox\" name=\"acceptance-855\" value=\"1\" aria-invalid=\"false\" \/><span class=\"wpcf7-list-item-label\">Accept our <a href=\"\/mt\/privacy-policy\/\">Privacy Policy<\/a><\/span><\/label><\/span><\/span><\/span>\n\t\t<\/p>\n\t<\/div>\n\t<p><input class=\"wpcf7-form-control wpcf7-submit has-spinner custom-btn custom-btn--medium custom-btn--style-3 wide\" type=\"submit\" value=\"Send\" \/>\n\t<\/p>\n<\/div><div class=\"wpcf7-response-output\" aria-hidden=\"true\"><\/div>\n<input type=\"hidden\" name=\"trp-form-language\" value=\"mt\"\/><\/form>\n<\/div>\n<\/div><\/div><\/div><\/div><\/div><div class=\"nt_clearfix\"><\/div>","protected":false},"excerpt":{"rendered":"Organization Athena Research & Innovation Information Technologies Greece Description of this organization: The Research Center \"Athena\" was established in 2003 as a Center for Applications of Communication and Information Technologies with the goal of collecting and continuing to expand research and development actions and initiatives in the field of Information Technology and Communications. The Center...","protected":false},"author":1,"featured_media":0,"parent":0,"menu_order":0,"comment_status":"closed","ping_status":"closed","template":"custom-page.php","meta":{"_monsterinsights_skip_tracking":false,"_monsterinsights_sitenote_active":false,"_monsterinsights_sitenote_note":"","_monsterinsights_sitenote_category":0,"footnotes":""},"class_list":["post-1080","page","type-page","status-publish","hentry"," nt-post-class"],"_links":{"self":[{"href":"https:\/\/urbanyouthgardensplatform.eu\/mt\/wp-json\/wp\/v2\/pages\/1080","targetHints":{"allow":["GET"]}}],"collection":[{"href":"https:\/\/urbanyouthgardensplatform.eu\/mt\/wp-json\/wp\/v2\/pages"}],"about":[{"href":"https:\/\/urbanyouthgardensplatform.eu\/mt\/wp-json\/wp\/v2\/types\/page"}],"author":[{"embeddable":true,"href":"https:\/\/urbanyouthgardensplatform.eu\/mt\/wp-json\/wp\/v2\/users\/1"}],"replies":[{"embeddable":true,"href":"https:\/\/urbanyouthgardensplatform.eu\/mt\/wp-json\/wp\/v2\/comments?post=1080"}],"version-history":[{"count":4,"href":"https:\/\/urbanyouthgardensplatform.eu\/mt\/wp-json\/wp\/v2\/pages\/1080\/revisions"}],"predecessor-version":[{"id":1334,"href":"https:\/\/urbanyouthgardensplatform.eu\/mt\/wp-json\/wp\/v2\/pages\/1080\/revisions\/1334"}],"wp:attachment":[{"href":"https:\/\/urbanyouthgardensplatform.eu\/mt\/wp-json\/wp\/v2\/media?parent=1080"}],"curies":[{"name":"wp","href":"https:\/\/api.w.org\/{rel}","templated":true}]}}