{"id":1083,"date":"2022-10-20T20:30:46","date_gmt":"2022-10-20T20:30:46","guid":{"rendered":"https:\/\/urbanyouthgardensplatform.eu\/?page_id=1083"},"modified":"2023-05-16T18:04:08","modified_gmt":"2023-05-16T18:04:08","slug":"elliniko-greece","status":"publish","type":"page","link":"https:\/\/urbanyouthgardensplatform.eu\/mt\/elliniko-greece\/","title":{"rendered":"Self-managed Field Municipality of Elliniko-Argyroupoli &#8211; Greece"},"content":{"rendered":"<div class=\"agro-section-wrapper\"><div class=\"nt-column\"><div class=\"nt-shortcode-wrapper\"><div id=\"hero\" class=\"nt-shortcode-hero jarallax section_6a01cabccac1f vc_custom_1665941475774\" data-speed=\"0.7\" data-img-position=\"50% 80%\" data-res-css=\"          \"><div class=\"container\"><div class=\"row\"><div class=\"col-12 col-lg-7\"><h1 class=\"__title\"><span>Organization<\/span> <\/h1><\/div><\/div><\/div><\/div><\/div><\/div><\/div><div class=\"nt_clearfix\"><\/div><div class=\"agro-section-wrapper\"><div class=\"nt-column\"><div class=\"nt-shortcode-wrapper\"><div class=\"section section--no-pb about--1 md-hide-bg item_6a01cabccadda vc_custom_1666300576644\" data-res-css=\"              \"><div class=\"container\"><div class=\"section-heading\"><h2 class=\"__title\">Self-managed Field Municipality of Elliniko-Argyroupoli Greece <span><\/span><\/h2><\/div><div class=\"row\"><div class=\"col-12 col-lg-6 col-xl-8\"><\/div><\/div><\/div><\/div>\n\t<div  class=\"wpb_single_image wpb_content_element vc_align_center  vc_custom_1666517548827\">\n\t\t\n\t\t<figure class=\"wpb_wrapper vc_figure\">\n\t\t\t<div class=\"vc_single_image-wrapper   vc_box_border_grey\"><img loading=\"lazy\" decoding=\"async\" width=\"205\" height=\"136\" src=\"https:\/\/urbanyouthgardensplatform.eu\/wp-content\/uploads\/2022\/10\/29.jpg\" class=\"vc_single_image-img attachment-medium\" alt=\"Self-managed Field Municipality of Elliniko-Argyroupoli\" title=\"Self-managed Field Municipality of Elliniko-Argyroupoli\" srcset=\"https:\/\/urbanyouthgardensplatform.eu\/wp-content\/uploads\/2022\/10\/29.jpg 205w, https:\/\/urbanyouthgardensplatform.eu\/wp-content\/uploads\/2022\/10\/29-18x12.jpg 18w, https:\/\/urbanyouthgardensplatform.eu\/wp-content\/uploads\/2022\/10\/29-120x80.jpg 120w\" sizes=\"auto, (max-width: 205px) 100vw, 205px\" \/><\/div>\n\t\t<\/figure>\n\t<\/div>\n<\/div><\/div><\/div><div class=\"nt_clearfix\"><\/div><div class=\"agro-section-wrapper\"><div class=\"nt-column col-sm-12\"><div class=\"nt-shortcode-wrapper\">\n\t<div class=\"wpb_text_column wpb_content_element  vc_custom_1666517592182\" >\n\t\t<div class=\"wpb_wrapper\">\n\t\t\t<p class=\"translation-block\">Deskrizzjoni ta' din l-organizzazzjoni: Elliniko-Argyroupoli hija muni\u010bipalit\u00e0 fl-unit\u00e0 re\u0121jonali tan-Nofsinhar ta' Ateni, Attika, il-Gre\u010bja. Is-sede tal-muni\u010bipalit\u00e0 hija l-belt Argyroupoli. Il-muni\u010bipalit\u00e0 g\u0127andha erja ta' 15.355 km2<\/p>\n<p><b>Deskrizzjoni ta 'dak li jag\u0127mlu fir-rigward tal-\u0121ardina\u0121\u0121 urban: <\/b><span style=\"font-weight: 400;\">Fl-2015, bl-approvazzjoni tal-Kunsill tal-Belt tal-Muni\u010bipalit\u00e0 ta\u2019 Elliniko-Argyroupoli, \u0121ie dde\u017cinjat sit g\u0127all-Qasam ta\u2019 Elliniko, \u0121nien tal-\u0127axix komunali li huwa \u0121estit ekolo\u0121ikament. L-g\u0127anijiet ewlenin tal-Qasam huma li ji\u017cdied l-u\u017cu tal-biedja organika f'\u017coni urbani, jippreserva u jippromwovi varjetajiet stori\u010bi ta' \u017cerrieg\u0127a Griega, jaqsam l-informazzjoni ma' bdiewa organi\u010bi o\u0127ra, jg\u0127in lil gruppi so\u010bjali mhux moqdija, isa\u0127\u0127a\u0127 l-impenn tal-komunit\u00e0, u j\u017cid il-kultivazzjoni f'postijiet miftu\u0127a o\u0127ra. Il-komunit\u00e0 \"Pelliti\", bdiewa li jahdmu b\u2019mod organiku, u \u0127bieb tal-Qasam ta 'Elliniko jipprovdu \u017c-\u017cerrieg\u0127a tradizzjonali mill-ir\u0127ula ta' ori\u0121ini tag\u0127hom. Barra minn hekk, bank ta\u017c-\u017cerrieg\u0127a huwa attiv u fih g\u0127add ta\u2019 spe\u010bi fil-periklu li ji\u0121u estinti. Il-protezzjoni tal-u\u010bu\u0127 tar-raba' tinkiseb permezz ta' mezzi naturali. Dawn jinkludu rotazzjoni tal-u\u010bu\u0127 tar-raba\u2019 u \u0127sad kombinat, kif ukoll l-u\u017cu ta\u2019 demel u kompost mag\u0127mul minnu nnifsu, irmied, u sustanzi o\u0127ra li jse\u0127\u0127u b\u2019mod naturali. Tim ta' madwar 20 persuna, minn total ta' aktar minn 100 volontarju, ja\u0127dmu b'mod sistematiku biex i\u017c\u017comm il-Qasam ta' Elliniko b\u0127ala koperattiva. Fil-Qasam ta 'Elliniko, id-de\u010bi\u017cjonijiet jittie\u0127du permezz ta' laqg\u0127at miftu\u0127a frekwenti li jimxu mal-prin\u010bipji tad-demokrazija diretta, l-ekwit\u00e0 u l-awto-organizzazzjoni.<\/span><\/p>\n<p><span style=\"font-weight: 400;\">Is-servizzi so\u010bjali muni\u010bipali ta\u2019 Elliniko u l-organizzazzjonijiet tas-so\u010bjet\u00e0 \u010bivili jir\u010bievu l-\u0127axix prodott (tadam, \u0127ass, brun\u0121iel, b\u017car, e\u010b\u010b.) biex jitqassmu lil residenti bi d\u0127ul baxx, organizzazzjonijiet tal-karit\u00e0 li joperaw k\u010bejjen tas-soppa, il-\u0127anut tal-mer\u010ba so\u010bjali, u k\u010bejjen komunali. Il-produzzjoni, madankollu, mhijiex g\u0127an fiha nnifisha. L-g\u0127anijiet primarji tal-Qasam ta' Elliniko huma ta\u2019 tag\u0127lim u dimostrattivi.\u00a0<\/span><\/p>\n<p><span style=\"font-weight: 400;\">F'inqas minn erba' snin ta' operazzjoni, il-Qasam ta' Elliniko awto-immani\u0121\u0121jat laqg\u0127et u g\u0127allmet studenti minn skejjel ta' kull livell, ikkontribwixxa bl-g\u0127arfien kumulattiv tieg\u0127u g\u0127at-twaqqif ta' \u0121onna tal-\u0127xejjex fl-iskejjel, ipprovda distribuzzjoni b'xejn ta' \u017crierag\u0127 Griegi, qajjem kuxjenza dwar kwistjonijiet agroekolo\u0121i\u010bi, u pparte\u010bipat b\u2019mod attiv fit-twaqqif ta\u2019 mas\u0121ar ta\u017c-\u017cebbu\u0121 f\u2019\u017cona fil-qrib.<\/span><\/p>\n<p><span style=\"font-weight: 400;\">B'kuntrast mal-konsumi\u017cmu, il-kollettiv Field of Elliniko jinkora\u0121\u0121ixxi u\u017cu ta' benefi\u010b\u010bju tal-ispazju urban u jopponi \u017cvilupp \u0121did fuq spazji miftu\u0127a e\u017cistenti.<\/span><\/p>\n<p><span style=\"font-weight: 400;\">G\u0127al koperattiva tal-bdiewa parte\u010bipanti, iservi b\u0127ala post ta' \u0121bir g\u0127as-so\u010bjalizzazzjoni u l-espressjoni politika. Il-motivaturi primarji tag\u0127hom g\u0127all-impenn jinkludu l-attivi\u017cmu politiku u so\u010bjali tal-Qasam ta' Elliniko, l-isforzi tal-biedja organika.<\/span><\/p>\n<p><b><img loading=\"lazy\" decoding=\"async\" class=\"alignleft wp-image-1192\" src=\"https:\/\/urbanyouthgardensplatform.eu\/wp-content\/uploads\/2022\/10\/30-300x200.jpg\" alt=\"Self-managed Field Municipality of Elliniko-Argyroupoli\" width=\"399\" height=\"266\" srcset=\"https:\/\/urbanyouthgardensplatform.eu\/wp-content\/uploads\/2022\/10\/30-300x200.jpg 300w, https:\/\/urbanyouthgardensplatform.eu\/wp-content\/uploads\/2022\/10\/30-768x512.jpg 768w, https:\/\/urbanyouthgardensplatform.eu\/wp-content\/uploads\/2022\/10\/30-18x12.jpg 18w, https:\/\/urbanyouthgardensplatform.eu\/wp-content\/uploads\/2022\/10\/30-120x80.jpg 120w, https:\/\/urbanyouthgardensplatform.eu\/wp-content\/uploads\/2022\/10\/30-240x160.jpg 240w, https:\/\/urbanyouthgardensplatform.eu\/wp-content\/uploads\/2022\/10\/30-360x240.jpg 360w, https:\/\/urbanyouthgardensplatform.eu\/wp-content\/uploads\/2022\/10\/30-480x320.jpg 480w, https:\/\/urbanyouthgardensplatform.eu\/wp-content\/uploads\/2022\/10\/30-820x547.jpg 820w, https:\/\/urbanyouthgardensplatform.eu\/wp-content\/uploads\/2022\/10\/30.jpg 873w\" sizes=\"auto, (max-width: 399px) 100vw, 399px\" \/>Indirizz tal-organizzazzjoni: <\/b><span style=\"font-weight: 400;\">68 Kyprou Av., 164 52<\/span><\/p>\n<p><b>Telefon tal-Organizzazzjoni: <span style=\"font-weight: 400;\">+30 213 2018 700<\/span><\/b><\/p>\n<p><b>Imejl tal-organizzazzjoni:<a href=\"mailto:protokollo@elliniko-argyroupoli.gr\"> <span style=\"font-weight: 400;\">protokollo@elliniko-argyroupoli.gr<\/span><\/a><\/b><\/p>\n<p><b>Websajt tal-organizzazzjoni: <\/b><a href=\"https:\/\/www.elliniko-argyroupoli.gr\/\">https:\/\/www.elliniko-argyroupoli.gr\/<\/a><\/p>\n<p><strong>Facebook: <\/strong><a href=\"https:\/\/www.facebook.com\/DimosEllArg\">https:\/\/www.facebook.com\/DimosEllArg<\/a><\/p>\n<p><strong>Instagram:<\/strong> <a href=\"https:\/\/www.instagram.com\/explore\/locations\/1018993070\/-municipality-of-hellinikon-argyroupolis\">https:\/\/www.instagram.com\/explore\/locations\/1018993070\/-municipality-of-hellinikon-argyroupolis<\/a><\/p>\n\n\t\t<\/div>\n\t<\/div>\n<\/div><\/div><\/div><div class=\"nt_clearfix\"><\/div><div class=\"agro-section-wrapper ptb-140 section section--dark-bg vc_custom_1549793979536 nt_section_15415231 nt-has-responsive-data\" data-res-css=\"@media (max-width: 992px) {.nt_section_15415231{ padding-bottom: 84px !important; }} @media (max-width: 768px) {.nt_section_15415231{ padding-bottom: 54px !important; }}\"><div class=\"container container-stretch\"><div class=\"row\"><div class=\"section-heading--white nt-column col-sm-12\"><div class=\"nt-shortcode-wrapper\"><div class=\"section-heading section-heading--center item_6a01cabccb562\" data-res-css=\"     \" data-aos=\"fade\"><h2 class=\"__title\">GET <span>IN TOUCH<\/span><\/h2><\/div>\n<div class=\"wpcf7 no-js\" id=\"wpcf7-f12-o1\" lang=\"en-US\" dir=\"ltr\" data-wpcf7-id=\"12\">\n<div class=\"screen-reader-response\"><p role=\"status\" aria-live=\"polite\" aria-atomic=\"true\"><\/p> <ul><\/ul><\/div>\n<form action=\"\/mt\/wp-json\/wp\/v2\/pages\/1083#wpcf7-f12-o1\" method=\"post\" class=\"wpcf7-form init\" aria-label=\"Contact form\" novalidate=\"novalidate\" data-status=\"init\" data-trp-original-action=\"\/mt\/wp-json\/wp\/v2\/pages\/1083#wpcf7-f12-o1\">\n<fieldset class=\"hidden-fields-container\"><input type=\"hidden\" name=\"_wpcf7\" value=\"12\" \/><input type=\"hidden\" name=\"_wpcf7_version\" value=\"6.1.5\" \/><input type=\"hidden\" name=\"_wpcf7_locale\" value=\"en_US\" \/><input type=\"hidden\" name=\"_wpcf7_unit_tag\" value=\"wpcf7-f12-o1\" \/><input type=\"hidden\" name=\"_wpcf7_container_post\" value=\"0\" \/><input type=\"hidden\" name=\"_wpcf7_posted_data_hash\" value=\"\" \/><input type=\"hidden\" name=\"_wpcf7_recaptcha_response\" value=\"\" \/>\n<\/fieldset>\n<div class=\"contact-form js-contact-form\" data-aos=\"fade\">\n\t<div class=\"row\">\n\t\t<div class=\"col-12 col-md-6\">\n\t\t\t<div class=\"input-wrp\">\n\t\t\t\t<p><span class=\"wpcf7-form-control-wrap\" data-name=\"text-787\"><input size=\"40\" maxlength=\"400\" class=\"wpcf7-form-control wpcf7-text wpcf7-validates-as-required textfield\" aria-required=\"true\" aria-invalid=\"false\" placeholder=\"Your Name\" value=\"\" type=\"text\" name=\"text-787\" \/><\/span>\n\t\t\t\t<\/p>\n\t\t\t<\/div>\n\t\t<\/div>\n\t\t<div class=\"col-12 col-md-6\">\n\t\t\t<div class=\"input-wrp\">\n\t\t\t\t<p><span class=\"wpcf7-form-control-wrap\" data-name=\"text-788\"><input size=\"40\" maxlength=\"400\" class=\"wpcf7-form-control wpcf7-text wpcf7-validates-as-required textfield\" aria-required=\"true\" aria-invalid=\"false\" placeholder=\"Your E-mail\" value=\"\" type=\"text\" name=\"text-788\" \/><\/span>\n\t\t\t\t<\/p>\n\t\t\t<\/div>\n\t\t<\/div>\n\t<\/div>\n\t<div class=\"input-wrp\">\n\t\t<p><span class=\"wpcf7-form-control-wrap\" data-name=\"textarea-212\"><textarea cols=\"10\" rows=\"2\" maxlength=\"2000\" class=\"wpcf7-form-control wpcf7-textarea wpcf7-validates-as-required textfield\" aria-required=\"true\" aria-invalid=\"false\" placeholder=\"Your Message\" name=\"textarea-212\"><\/textarea><\/span>\n\t\t<\/p>\n\t<\/div>\n\t<div class=\"input-wrp\">\n\t\t<p><span class=\"wpcf7-form-control-wrap\" data-name=\"acceptance-855\"><span class=\"wpcf7-form-control wpcf7-acceptance\"><span class=\"wpcf7-list-item\"><label><input type=\"checkbox\" name=\"acceptance-855\" value=\"1\" aria-invalid=\"false\" \/><span class=\"wpcf7-list-item-label\">Accept our <a href=\"\/mt\/privacy-policy\/\">Privacy Policy<\/a><\/span><\/label><\/span><\/span><\/span>\n\t\t<\/p>\n\t<\/div>\n\t<p><input class=\"wpcf7-form-control wpcf7-submit has-spinner custom-btn custom-btn--medium custom-btn--style-3 wide\" type=\"submit\" value=\"Send\" \/>\n\t<\/p>\n<\/div><div class=\"wpcf7-response-output\" aria-hidden=\"true\"><\/div>\n<input type=\"hidden\" name=\"trp-form-language\" value=\"mt\"\/><\/form>\n<\/div>\n<\/div><\/div><\/div><\/div><\/div><div class=\"nt_clearfix\"><\/div>","protected":false},"excerpt":{"rendered":"Organization Self-managed Field Municipality of Elliniko-Argyroupoli Greece Description of this organization: Elliniko-Argyroupoli\u00a0is a municipality in the\u00a0South Athens\u00a0regional unit,\u00a0Attica,\u00a0Greece. The seat of the municipality is the town\u00a0Argyroupoli.\u00a0The municipality has an area of 15.355\u00a0km2 Description of what they do in regards to urban gardening: In 2015, with the approval of the City Council of the Municipality of...","protected":false},"author":1,"featured_media":0,"parent":0,"menu_order":0,"comment_status":"closed","ping_status":"closed","template":"custom-page.php","meta":{"_monsterinsights_skip_tracking":false,"_monsterinsights_sitenote_active":false,"_monsterinsights_sitenote_note":"","_monsterinsights_sitenote_category":0,"footnotes":""},"class_list":["post-1083","page","type-page","status-publish","hentry"," nt-post-class"],"_links":{"self":[{"href":"https:\/\/urbanyouthgardensplatform.eu\/mt\/wp-json\/wp\/v2\/pages\/1083","targetHints":{"allow":["GET"]}}],"collection":[{"href":"https:\/\/urbanyouthgardensplatform.eu\/mt\/wp-json\/wp\/v2\/pages"}],"about":[{"href":"https:\/\/urbanyouthgardensplatform.eu\/mt\/wp-json\/wp\/v2\/types\/page"}],"author":[{"embeddable":true,"href":"https:\/\/urbanyouthgardensplatform.eu\/mt\/wp-json\/wp\/v2\/users\/1"}],"replies":[{"embeddable":true,"href":"https:\/\/urbanyouthgardensplatform.eu\/mt\/wp-json\/wp\/v2\/comments?post=1083"}],"version-history":[{"count":4,"href":"https:\/\/urbanyouthgardensplatform.eu\/mt\/wp-json\/wp\/v2\/pages\/1083\/revisions"}],"predecessor-version":[{"id":1347,"href":"https:\/\/urbanyouthgardensplatform.eu\/mt\/wp-json\/wp\/v2\/pages\/1083\/revisions\/1347"}],"wp:attachment":[{"href":"https:\/\/urbanyouthgardensplatform.eu\/mt\/wp-json\/wp\/v2\/media?parent=1083"}],"curies":[{"name":"wp","href":"https:\/\/api.w.org\/{rel}","templated":true}]}}