{"id":1084,"date":"2022-10-20T20:30:46","date_gmt":"2022-10-20T20:30:46","guid":{"rendered":"https:\/\/urbanyouthgardensplatform.eu\/?page_id=1084"},"modified":"2023-05-16T18:02:36","modified_gmt":"2023-05-16T18:02:36","slug":"neapolisykies-greece","status":"publish","type":"page","link":"https:\/\/urbanyouthgardensplatform.eu\/mt\/neapolisykies-greece\/","title":{"rendered":"Municipality of Neapoli-Sykies &#8211; Greece"},"content":{"rendered":"<div class=\"agro-section-wrapper\"><div class=\"nt-column\"><div class=\"nt-shortcode-wrapper\"><div id=\"hero\" class=\"nt-shortcode-hero jarallax section_6a01cac853e7b vc_custom_1665941475774\" data-speed=\"0.7\" data-img-position=\"50% 80%\" data-res-css=\"          \"><div class=\"container\"><div class=\"row\"><div class=\"col-12 col-lg-7\"><h1 class=\"__title\"><span>Organization<\/span> <\/h1><\/div><\/div><\/div><\/div><\/div><\/div><\/div><div class=\"nt_clearfix\"><\/div><div class=\"agro-section-wrapper\"><div class=\"nt-column\"><div class=\"nt-shortcode-wrapper\"><div class=\"section section--no-pb about--1 md-hide-bg item_6a01cac854020 vc_custom_1666299860873\" data-res-css=\"              \"><div class=\"container\"><div class=\"section-heading\"><h2 class=\"__title\">Municipality of Neapoli-Sykies Greece <span><\/span><\/h2><\/div><div class=\"row\"><div class=\"col-12 col-lg-6 col-xl-8\"><\/div><\/div><\/div><\/div>\n\t<div  class=\"wpb_single_image wpb_content_element vc_align_center  vc_custom_1666517434877\">\n\t\t\n\t\t<figure class=\"wpb_wrapper vc_figure\">\n\t\t\t<div class=\"vc_single_image-wrapper   vc_box_border_grey\"><img loading=\"lazy\" decoding=\"async\" width=\"300\" height=\"187\" src=\"https:\/\/urbanyouthgardensplatform.eu\/wp-content\/uploads\/2022\/10\/27-300x187.png\" class=\"vc_single_image-img attachment-medium\" alt=\"Municipality of Neapoli-Sykies\" title=\"Municipality of Neapoli-Sykies\" srcset=\"https:\/\/urbanyouthgardensplatform.eu\/wp-content\/uploads\/2022\/10\/27-300x187.png 300w, https:\/\/urbanyouthgardensplatform.eu\/wp-content\/uploads\/2022\/10\/27-18x12.png 18w, https:\/\/urbanyouthgardensplatform.eu\/wp-content\/uploads\/2022\/10\/27-120x75.png 120w, https:\/\/urbanyouthgardensplatform.eu\/wp-content\/uploads\/2022\/10\/27-240x149.png 240w, https:\/\/urbanyouthgardensplatform.eu\/wp-content\/uploads\/2022\/10\/27.png 307w\" sizes=\"auto, (max-width: 300px) 100vw, 300px\" \/><\/div>\n\t\t<\/figure>\n\t<\/div>\n<\/div><\/div><\/div><div class=\"nt_clearfix\"><\/div><div class=\"agro-section-wrapper\"><div class=\"nt-column col-sm-12\"><div class=\"nt-shortcode-wrapper\">\n\t<div class=\"wpb_text_column wpb_content_element  vc_custom_1666517489197\" >\n\t\t<div class=\"wpb_wrapper\">\n\t\t\t<p class=\"translation-block\">Deskrizzjoni ta' din l-organizzazzjoni: Neapoli\u2013Sykies hija muni\u010bipalit\u00e0 ta\u017c-\u017bona Urbana ta' Tessaloniki fl-unit\u00e0 re\u0121jonali ta' Tessaloniki, il-Ma\u010bedonja \u010aentrali, il-Gre\u010bja u parti mi\u017c-\u017bona Urbana ta' Tessaloniki. Is-sede tal-muni\u010bipalit\u00e0 tinsab f'Sykies. Il-muni\u010bipalit\u00e0 g\u0127andha erja ta '12.903 km2<\/p>\n<p><b>Deskrizzjoni ta 'dak li jag\u0127mlu fir-rigward tal-\u0121ardina\u0121\u0121 urban: <\/b><span style=\"font-weight: 400;\">Il-Muni\u010bipalit\u00e0 ta\u2019 Neapoli-Sykies idde\u010bidiet li tag\u0127\u017cel \u017cona ta\u2019 1,000 m2 u qasmitha f\u2019bi\u010b\u010biet \u017cg\u0127ar g\u0127ad-dispo\u017cizzjoni ta\u2019 familji \u017cvanta\u0121\u0121ati g\u0127al minimu ta\u2019 sentejn f\u2019Lulju 2012, fin-nofs tal-kri\u017ci finanzjarja Griega. Il-benefi\u010bjarji setg\u0127u ju\u017caw din i\u017c-\u017cona biex jkabbru ikel frisk u bnin g\u0127all-konsum tag\u0127hom stess wara li intg\u0127a\u017clu mill-muni\u010bipalit\u00e0 abba\u017ci ta' fatturi so\u010bjali.<\/span><b><\/b><\/p>\n<p><b>G\u0126ANIJIET<\/b><\/p>\n<p class=\"translation-block\">Li jkollok il-produzzjoni ta 'o\u0121\u0121etti bnin u friski mill-klijenti nfushom sabiex tappo\u0121\u0121ja lir-residenti urbani \u017cvanta\u0121\u0121ati billi tnaqqas l-ispejje\u017c tal-ikel tag\u0127hom u ttejjeb il-kwalit\u00e0 tal-\u0127ajja tag\u0127hom\nBi\u010b\u010ba art ta' 40m2 ting\u0127ata lil familji mag\u0127\u017cula mill-muni\u010bipalit\u00e0 sabiex ikunu jistg\u0127u jikkultivaw il-prodotti tag\u0127hom stess fiha. Kwalunkwe varjet\u00e0 tista' titkabbar, i\u017cda biss bl-u\u017cu ta' tekniki organi\u010bi. B'dan il-mod, huma jkunu regolarment ta\u0127t is-supervi\u017cjoni ta' professjonisti agrikoli. Il-muni\u010bipalit\u00e0 toffri wkoll ilma, \u017crierag\u0127, pjanti u tag\u0127mir b'xejn lir-ri\u010bevituri. Il-benefi\u010bjarji g\u0127andhom b\u017conn biss jag\u0127tu 10% tal-\u0127sad tag\u0127hom lill- Neapoli-Sykies Social Grocery Store. Il-kumplament jista' jin\u017camm g\u0127all-konsum personali.<\/p>\n<p><b><img loading=\"lazy\" decoding=\"async\" class=\"alignleft wp-image-1190 size-full\" src=\"https:\/\/urbanyouthgardensplatform.eu\/wp-content\/uploads\/2022\/10\/28.jpg\" alt=\" Municipality of Neapoli-Sykies\" width=\"240\" height=\"320\" srcset=\"https:\/\/urbanyouthgardensplatform.eu\/wp-content\/uploads\/2022\/10\/28.jpg 240w, https:\/\/urbanyouthgardensplatform.eu\/wp-content\/uploads\/2022\/10\/28-225x300.jpg 225w, https:\/\/urbanyouthgardensplatform.eu\/wp-content\/uploads\/2022\/10\/28-9x12.jpg 9w, https:\/\/urbanyouthgardensplatform.eu\/wp-content\/uploads\/2022\/10\/28-90x120.jpg 90w, https:\/\/urbanyouthgardensplatform.eu\/wp-content\/uploads\/2022\/10\/28-180x240.jpg 180w\" sizes=\"auto, (max-width: 240px) 100vw, 240px\" \/>Indirizz tal-organizzazzjoni: <\/b><span style=\"font-weight: 400;\">Str. Sarafi &amp; I. Michael Streets 56625 SYKIES , THESSALONIKI , GREECE<\/span><\/p>\n<p><b>Telefon tal-Organizzazzjoni: <span style=\"font-weight: 400;\">+30 2313 313200-1<\/span><\/b><\/p>\n<p><b>Imejl tal-organizzazzjoni: <a href=\"mailto:gep.sykies@n3.syzefxis.gov.gr\"><span style=\"font-weight: 400;\">gep.sykies@n3.syzefxis.gov.gr<\/span><\/a><\/b><\/p>\n<p><b>Websajt tal-organizzazzjoni:<\/b> <a href=\"http:\/\/www.dimosneapolis-sykeon.gr\/\">http:\/\/www.dimosneapolis-sykeon.gr\/<\/a><\/p>\n<p><strong>Facebook: <\/strong><a href=\"https:\/\/www.facebook.com\/dhmosneapolhsykewn\">https:\/\/www.facebook.com\/dhmosneapolhsykewn<\/a><\/p>\n<p><strong>Instagram:<\/strong> <a href=\"https:\/\/www.instagram.com\/explore\/locations\/1001275092\/neapoli-sykies\/\">https:\/\/www.instagram.com\/explore\/locations\/1001275092\/neapoli-sykies\/<\/a><\/p>\n\n\t\t<\/div>\n\t<\/div>\n<\/div><\/div><\/div><div class=\"nt_clearfix\"><\/div><div class=\"agro-section-wrapper ptb-140 section section--dark-bg vc_custom_1549793979536 nt_section_15413712 nt-has-responsive-data\" data-res-css=\"@media (max-width: 992px) {.nt_section_15413712{ padding-bottom: 84px !important; }} @media (max-width: 768px) {.nt_section_15413712{ padding-bottom: 54px !important; }}\"><div class=\"container container-stretch\"><div class=\"row\"><div class=\"section-heading--white nt-column col-sm-12\"><div class=\"nt-shortcode-wrapper\"><div class=\"section-heading section-heading--center item_6a01cac85486f\" data-res-css=\"     \" data-aos=\"fade\"><h2 class=\"__title\">GET <span>IN TOUCH<\/span><\/h2><\/div>\n<div class=\"wpcf7 no-js\" id=\"wpcf7-f12-o1\" lang=\"en-US\" dir=\"ltr\" data-wpcf7-id=\"12\">\n<div class=\"screen-reader-response\"><p role=\"status\" aria-live=\"polite\" aria-atomic=\"true\"><\/p> <ul><\/ul><\/div>\n<form action=\"\/mt\/wp-json\/wp\/v2\/pages\/1084#wpcf7-f12-o1\" method=\"post\" class=\"wpcf7-form init\" aria-label=\"Contact form\" novalidate=\"novalidate\" data-status=\"init\" data-trp-original-action=\"\/mt\/wp-json\/wp\/v2\/pages\/1084#wpcf7-f12-o1\">\n<fieldset class=\"hidden-fields-container\"><input type=\"hidden\" name=\"_wpcf7\" value=\"12\" \/><input type=\"hidden\" name=\"_wpcf7_version\" value=\"6.1.5\" \/><input type=\"hidden\" name=\"_wpcf7_locale\" value=\"en_US\" \/><input type=\"hidden\" name=\"_wpcf7_unit_tag\" value=\"wpcf7-f12-o1\" \/><input type=\"hidden\" name=\"_wpcf7_container_post\" value=\"0\" \/><input type=\"hidden\" name=\"_wpcf7_posted_data_hash\" value=\"\" \/><input type=\"hidden\" name=\"_wpcf7_recaptcha_response\" value=\"\" \/>\n<\/fieldset>\n<div class=\"contact-form js-contact-form\" data-aos=\"fade\">\n\t<div class=\"row\">\n\t\t<div class=\"col-12 col-md-6\">\n\t\t\t<div class=\"input-wrp\">\n\t\t\t\t<p><span class=\"wpcf7-form-control-wrap\" data-name=\"text-787\"><input size=\"40\" maxlength=\"400\" class=\"wpcf7-form-control wpcf7-text wpcf7-validates-as-required textfield\" aria-required=\"true\" aria-invalid=\"false\" placeholder=\"Your Name\" value=\"\" type=\"text\" name=\"text-787\" \/><\/span>\n\t\t\t\t<\/p>\n\t\t\t<\/div>\n\t\t<\/div>\n\t\t<div class=\"col-12 col-md-6\">\n\t\t\t<div class=\"input-wrp\">\n\t\t\t\t<p><span class=\"wpcf7-form-control-wrap\" data-name=\"text-788\"><input size=\"40\" maxlength=\"400\" class=\"wpcf7-form-control wpcf7-text wpcf7-validates-as-required textfield\" aria-required=\"true\" aria-invalid=\"false\" placeholder=\"Your E-mail\" value=\"\" type=\"text\" name=\"text-788\" \/><\/span>\n\t\t\t\t<\/p>\n\t\t\t<\/div>\n\t\t<\/div>\n\t<\/div>\n\t<div class=\"input-wrp\">\n\t\t<p><span class=\"wpcf7-form-control-wrap\" data-name=\"textarea-212\"><textarea cols=\"10\" rows=\"2\" maxlength=\"2000\" class=\"wpcf7-form-control wpcf7-textarea wpcf7-validates-as-required textfield\" aria-required=\"true\" aria-invalid=\"false\" placeholder=\"Your Message\" name=\"textarea-212\"><\/textarea><\/span>\n\t\t<\/p>\n\t<\/div>\n\t<div class=\"input-wrp\">\n\t\t<p><span class=\"wpcf7-form-control-wrap\" data-name=\"acceptance-855\"><span class=\"wpcf7-form-control wpcf7-acceptance\"><span class=\"wpcf7-list-item\"><label><input type=\"checkbox\" name=\"acceptance-855\" value=\"1\" aria-invalid=\"false\" \/><span class=\"wpcf7-list-item-label\">Accept our <a href=\"\/mt\/privacy-policy\/\">Privacy Policy<\/a><\/span><\/label><\/span><\/span><\/span>\n\t\t<\/p>\n\t<\/div>\n\t<p><input class=\"wpcf7-form-control wpcf7-submit has-spinner custom-btn custom-btn--medium custom-btn--style-3 wide\" type=\"submit\" value=\"Send\" \/>\n\t<\/p>\n<\/div><div class=\"wpcf7-response-output\" aria-hidden=\"true\"><\/div>\n<input type=\"hidden\" name=\"trp-form-language\" value=\"mt\"\/><\/form>\n<\/div>\n<\/div><\/div><\/div><\/div><\/div><div class=\"nt_clearfix\"><\/div>","protected":false},"excerpt":{"rendered":"Organization Municipality of Neapoli-Sykies Greece Description of this organization: Neapoli\u2013Sykies\u00a0is a municipality of the\u00a0Thessaloniki Urban Area\u00a0in the\u00a0regional unit of Thessaloniki,\u00a0Central Macedonia,\u00a0Greece\u00a0and part of the\u00a0Thessaloniki Urban Area. The seat of the municipality is in\u00a0Sykies.\u00a0The municipality has an area of 12.903\u00a0km2 Description of what they do in regards to urban gardening: The Municipality of Neapoli-Sykies decided to...","protected":false},"author":1,"featured_media":0,"parent":0,"menu_order":0,"comment_status":"closed","ping_status":"closed","template":"custom-page.php","meta":{"_monsterinsights_skip_tracking":false,"_monsterinsights_sitenote_active":false,"_monsterinsights_sitenote_note":"","_monsterinsights_sitenote_category":0,"footnotes":""},"class_list":["post-1084","page","type-page","status-publish","hentry"," nt-post-class"],"_links":{"self":[{"href":"https:\/\/urbanyouthgardensplatform.eu\/mt\/wp-json\/wp\/v2\/pages\/1084","targetHints":{"allow":["GET"]}}],"collection":[{"href":"https:\/\/urbanyouthgardensplatform.eu\/mt\/wp-json\/wp\/v2\/pages"}],"about":[{"href":"https:\/\/urbanyouthgardensplatform.eu\/mt\/wp-json\/wp\/v2\/types\/page"}],"author":[{"embeddable":true,"href":"https:\/\/urbanyouthgardensplatform.eu\/mt\/wp-json\/wp\/v2\/users\/1"}],"replies":[{"embeddable":true,"href":"https:\/\/urbanyouthgardensplatform.eu\/mt\/wp-json\/wp\/v2\/comments?post=1084"}],"version-history":[{"count":5,"href":"https:\/\/urbanyouthgardensplatform.eu\/mt\/wp-json\/wp\/v2\/pages\/1084\/revisions"}],"predecessor-version":[{"id":1342,"href":"https:\/\/urbanyouthgardensplatform.eu\/mt\/wp-json\/wp\/v2\/pages\/1084\/revisions\/1342"}],"wp:attachment":[{"href":"https:\/\/urbanyouthgardensplatform.eu\/mt\/wp-json\/wp\/v2\/media?parent=1084"}],"curies":[{"name":"wp","href":"https:\/\/api.w.org\/{rel}","templated":true}]}}