{"id":1085,"date":"2022-10-20T20:30:46","date_gmt":"2022-10-20T20:30:46","guid":{"rendered":"https:\/\/urbanyouthgardensplatform.eu\/?page_id=1085"},"modified":"2023-05-16T18:04:29","modified_gmt":"2023-05-16T18:04:29","slug":"gardenmaroussi-greece","status":"publish","type":"page","link":"https:\/\/urbanyouthgardensplatform.eu\/mt\/gardenmaroussi-greece\/","title":{"rendered":"Vegetable Garden of Municipal of Maroussi &#8211; Greece"},"content":{"rendered":"<div class=\"agro-section-wrapper\"><div class=\"nt-column\"><div class=\"nt-shortcode-wrapper\"><div id=\"hero\" class=\"nt-shortcode-hero jarallax section_6a01cabb3b1f0 vc_custom_1665941475774\" data-speed=\"0.7\" data-img-position=\"50% 80%\" data-res-css=\"          \"><div class=\"container\"><div class=\"row\"><div class=\"col-12 col-lg-7\"><h1 class=\"__title\"><span>Organization<\/span> <\/h1><\/div><\/div><\/div><\/div><\/div><\/div><\/div><div class=\"nt_clearfix\"><\/div><div class=\"agro-section-wrapper\"><div class=\"nt-column\"><div class=\"nt-shortcode-wrapper\"><div class=\"section section--no-pb about--1 md-hide-bg item_6a01cabb3b3d7 vc_custom_1666300910776\" data-res-css=\"              \"><div class=\"container\"><div class=\"section-heading\"><h2 class=\"__title\">Vegetable Garden of Municipal of Maroussi Greece <span><\/span><\/h2><\/div><div class=\"row\"><div class=\"col-12 col-lg-6 col-xl-8\"><\/div><\/div><\/div><\/div>\n\t<div  class=\"wpb_single_image wpb_content_element vc_align_center  vc_custom_1666517343830\">\n\t\t\n\t\t<figure class=\"wpb_wrapper vc_figure\">\n\t\t\t<div class=\"vc_single_image-wrapper   vc_box_border_grey\"><img loading=\"lazy\" decoding=\"async\" width=\"300\" height=\"267\" src=\"https:\/\/urbanyouthgardensplatform.eu\/wp-content\/uploads\/2022\/10\/25-300x267.jpg\" class=\"vc_single_image-img attachment-medium\" alt=\"Vegetable Garden of Municipal of Maroussi\" title=\"Vegetable Garden of Municipal of Maroussi\" srcset=\"https:\/\/urbanyouthgardensplatform.eu\/wp-content\/uploads\/2022\/10\/25-300x267.jpg 300w, https:\/\/urbanyouthgardensplatform.eu\/wp-content\/uploads\/2022\/10\/25-13x12.jpg 13w, https:\/\/urbanyouthgardensplatform.eu\/wp-content\/uploads\/2022\/10\/25-120x107.jpg 120w, https:\/\/urbanyouthgardensplatform.eu\/wp-content\/uploads\/2022\/10\/25-240x214.jpg 240w, https:\/\/urbanyouthgardensplatform.eu\/wp-content\/uploads\/2022\/10\/25-360x321.jpg 360w, https:\/\/urbanyouthgardensplatform.eu\/wp-content\/uploads\/2022\/10\/25-480x428.jpg 480w, https:\/\/urbanyouthgardensplatform.eu\/wp-content\/uploads\/2022\/10\/25.jpg 513w\" sizes=\"auto, (max-width: 300px) 100vw, 300px\" \/><\/div>\n\t\t<\/figure>\n\t<\/div>\n<\/div><\/div><\/div><div class=\"nt_clearfix\"><\/div><div class=\"agro-section-wrapper\"><div class=\"nt-column col-sm-12\"><div class=\"nt-shortcode-wrapper\">\n\t<div class=\"wpb_text_column wpb_content_element  vc_custom_1666517380919\" >\n\t\t<div class=\"wpb_wrapper\">\n\t\t\t<p><b>Deskrizzjoni ta\u2019 din l-organizzazzjoni: <\/b><span style=\"font-weight: 400;\">: Il-muni\u010bipalit\u00e0 ta' Maroussi hija responsabbli g\u0127all-i\u017cvilupp lokali ta' din i\u017c-\u017cona. Min\u0127abba zieda konsiderevoli tal-bini li beda fis-snin 90 u kien segwit mill-bini ta '\u010bentri kummer\u010bjali enormi fi \u017cmien l-Olimpjadi \"Ateni 2004\", Maroussi ra bidliet sinifikanti. Fid-dawl ta\u2019 dan, art vojta li darba kien art ewlenija g\u0127all-i\u017cvilupp tal-proprjet\u00e0 inbidel fi \u0121nien tal-\u0127axix u re\u0121a\u2019 \u0121ie integrat fil-vi\u010binanzi.<\/span><\/p>\n<p><b>Deskrizzjoni ta 'dak li jag\u0127mlu fir-rigward tal-\u0121ardina\u0121\u0121 urban: <\/b><span style=\"font-weight: 400;\">Dan huwa e\u017cempju intriganti ta\u2019 art muni\u010bipali li qed tintu\u017ca g\u0127al skop so\u010bjali ta\u2019 benefi\u010b\u010bju huwa l-\u0121nien tal-\u0127axix muni\u010bipali ta\u2019 Maroussi, li \u0121ie stabbilit fl-2012 u jinsab fil-vi\u010binanzi ta\u2019 Neo Terma-Palaio Psalidi. Din i\u017c-\u017cona spe\u010bifika ta' Maroussi intu\u017cat b\u0127ala mi\u017cbla qabel ma l-intervent \u0121ie stabbilit. Il-gvern u l-komunit\u00e0 lokali nedew kampanja biex il-proprjet\u00e0 tintu\u017ca kemm jista\u2019 jkun b\u2019mod ambjentalment responsabbli. L-art kienet maqsuma fost in-nies tal-lokal\/bdiewa f'40 bi\u010b\u010ba art kull bi\u010b\u010ba tkejjel 25 metru kwadru. Imbag\u0127ad, fuq il-bi\u010b\u010ba art tag\u0127hom stess, il-bdiewa kabbru diversi frott u \u0127axix. Barra minn hekk, bnew \u017cona ta' kompost biex tg\u0127in lill-\u0127amrija ssir aktar fertili u tank tal-ilma biex jintu\u017ca biex jissaqew il-pjanti. F\u2019dan il-\u0121nien hija permessa biss il-kultivazzjoni organika. L-g\u0127an kien li ji\u017cdied in-numru ta\u2019 bicciet ta\u2019 art mog\u0127tija lir-residenti minn 35 fil-bidu u jitilghu g\u0127al 40, wara l-ewwel sena.<\/span><\/p>\n<p><b><img loading=\"lazy\" decoding=\"async\" class=\"alignleft wp-image-1188\" src=\"https:\/\/urbanyouthgardensplatform.eu\/wp-content\/uploads\/2022\/10\/26.jpg\" alt=\"Vegetable Garden of Municipal of Maroussi\" width=\"401\" height=\"260\" srcset=\"https:\/\/urbanyouthgardensplatform.eu\/wp-content\/uploads\/2022\/10\/26.jpg 315w, https:\/\/urbanyouthgardensplatform.eu\/wp-content\/uploads\/2022\/10\/26-300x194.jpg 300w, https:\/\/urbanyouthgardensplatform.eu\/wp-content\/uploads\/2022\/10\/26-18x12.jpg 18w, https:\/\/urbanyouthgardensplatform.eu\/wp-content\/uploads\/2022\/10\/26-120x78.jpg 120w, https:\/\/urbanyouthgardensplatform.eu\/wp-content\/uploads\/2022\/10\/26-240x155.jpg 240w\" sizes=\"auto, (max-width: 401px) 100vw, 401px\" \/>Indirizz tal-organizzazzjoni: <\/b><span style=\"font-weight: 400;\">Andronikou 6, Marousi 151 22<\/span><\/p>\n<p><b>Telefon tal-Organizzazzjoni: <span style=\"font-weight: 400;\">+30 21 3203 8000<\/span><\/b><\/p>\n<p><b>Imejl tal-organizzazzjoni: <\/b><a href=\"mailto:ntroulinos@maroussi.gr\"><span style=\"font-weight: 400;\">ntroulinos@maroussi.gr<\/span><\/a><\/p>\n<p><b>Websajt tal-organizzazzjoni:\u00a0 <\/b><a href=\"https:\/\/maroussi.gr\/?fbclid=IwAR1cTTNYt0Q0omfhlvys2yMCkKAwrrdewknaN2kythfqEOV-UWXEEdW1mo4\">https:\/\/maroussi.gr\/?fbclid=IwAR1cTTNYt0Q0omfhlvys2yMCkKAwrrdewknaN2kythfqEOV-UWXEEdW1mo4<\/a><\/p>\n<p><strong>Facebook: <\/strong><a href=\"https:\/\/www.facebook.com\/dhmos.amarousiou\">https:\/\/www.facebook.com\/dhmos.amarousiou<\/a><\/p>\n<p><strong>Instagram: <\/strong><a href=\"https:\/\/www.instagram.com\/dimosamarousiou\/\">https:\/\/www.instagram.com\/dimosamarousiou\/<\/a><\/p>\n\n\t\t<\/div>\n\t<\/div>\n<\/div><\/div><\/div><div class=\"nt_clearfix\"><\/div><div class=\"agro-section-wrapper ptb-140 section section--dark-bg vc_custom_1549793979536 nt_section_15411042 nt-has-responsive-data\" data-res-css=\"@media (max-width: 992px) {.nt_section_15411042{ padding-bottom: 84px !important; }} @media (max-width: 768px) {.nt_section_15411042{ padding-bottom: 54px !important; }}\"><div class=\"container container-stretch\"><div class=\"row\"><div class=\"section-heading--white nt-column col-sm-12\"><div class=\"nt-shortcode-wrapper\"><div class=\"section-heading section-heading--center item_6a01cabb3bb9e\" data-res-css=\"     \" data-aos=\"fade\"><h2 class=\"__title\">GET <span>IN TOUCH<\/span><\/h2><\/div>\n<div class=\"wpcf7 no-js\" id=\"wpcf7-f12-o1\" lang=\"en-US\" dir=\"ltr\" data-wpcf7-id=\"12\">\n<div class=\"screen-reader-response\"><p role=\"status\" aria-live=\"polite\" aria-atomic=\"true\"><\/p> <ul><\/ul><\/div>\n<form action=\"\/mt\/wp-json\/wp\/v2\/pages\/1085#wpcf7-f12-o1\" method=\"post\" class=\"wpcf7-form init\" aria-label=\"Contact form\" novalidate=\"novalidate\" data-status=\"init\" data-trp-original-action=\"\/mt\/wp-json\/wp\/v2\/pages\/1085#wpcf7-f12-o1\">\n<fieldset class=\"hidden-fields-container\"><input type=\"hidden\" name=\"_wpcf7\" value=\"12\" \/><input type=\"hidden\" name=\"_wpcf7_version\" value=\"6.1.5\" \/><input type=\"hidden\" name=\"_wpcf7_locale\" value=\"en_US\" \/><input type=\"hidden\" name=\"_wpcf7_unit_tag\" value=\"wpcf7-f12-o1\" \/><input type=\"hidden\" name=\"_wpcf7_container_post\" value=\"0\" \/><input type=\"hidden\" name=\"_wpcf7_posted_data_hash\" value=\"\" \/><input type=\"hidden\" name=\"_wpcf7_recaptcha_response\" value=\"\" \/>\n<\/fieldset>\n<div class=\"contact-form js-contact-form\" data-aos=\"fade\">\n\t<div class=\"row\">\n\t\t<div class=\"col-12 col-md-6\">\n\t\t\t<div class=\"input-wrp\">\n\t\t\t\t<p><span class=\"wpcf7-form-control-wrap\" data-name=\"text-787\"><input size=\"40\" maxlength=\"400\" class=\"wpcf7-form-control wpcf7-text wpcf7-validates-as-required textfield\" aria-required=\"true\" aria-invalid=\"false\" placeholder=\"Your Name\" value=\"\" type=\"text\" name=\"text-787\" \/><\/span>\n\t\t\t\t<\/p>\n\t\t\t<\/div>\n\t\t<\/div>\n\t\t<div class=\"col-12 col-md-6\">\n\t\t\t<div class=\"input-wrp\">\n\t\t\t\t<p><span class=\"wpcf7-form-control-wrap\" data-name=\"text-788\"><input size=\"40\" maxlength=\"400\" class=\"wpcf7-form-control wpcf7-text wpcf7-validates-as-required textfield\" aria-required=\"true\" aria-invalid=\"false\" placeholder=\"Your E-mail\" value=\"\" type=\"text\" name=\"text-788\" \/><\/span>\n\t\t\t\t<\/p>\n\t\t\t<\/div>\n\t\t<\/div>\n\t<\/div>\n\t<div class=\"input-wrp\">\n\t\t<p><span class=\"wpcf7-form-control-wrap\" data-name=\"textarea-212\"><textarea cols=\"10\" rows=\"2\" maxlength=\"2000\" class=\"wpcf7-form-control wpcf7-textarea wpcf7-validates-as-required textfield\" aria-required=\"true\" aria-invalid=\"false\" placeholder=\"Your Message\" name=\"textarea-212\"><\/textarea><\/span>\n\t\t<\/p>\n\t<\/div>\n\t<div class=\"input-wrp\">\n\t\t<p><span class=\"wpcf7-form-control-wrap\" data-name=\"acceptance-855\"><span class=\"wpcf7-form-control wpcf7-acceptance\"><span class=\"wpcf7-list-item\"><label><input type=\"checkbox\" name=\"acceptance-855\" value=\"1\" aria-invalid=\"false\" \/><span class=\"wpcf7-list-item-label\">Accept our <a href=\"\/mt\/privacy-policy\/\">Privacy Policy<\/a><\/span><\/label><\/span><\/span><\/span>\n\t\t<\/p>\n\t<\/div>\n\t<p><input class=\"wpcf7-form-control wpcf7-submit has-spinner custom-btn custom-btn--medium custom-btn--style-3 wide\" type=\"submit\" value=\"Send\" \/>\n\t<\/p>\n<\/div><div class=\"wpcf7-response-output\" aria-hidden=\"true\"><\/div>\n<input type=\"hidden\" name=\"trp-form-language\" value=\"mt\"\/><\/form>\n<\/div>\n<\/div><\/div><\/div><\/div><\/div><div class=\"nt_clearfix\"><\/div>","protected":false},"excerpt":{"rendered":"Organization Vegetable Garden of Municipal of Maroussi Greece Description of this organization: The municipality of Maroussi is responsible for the local development of this area. Due to a building boom that began in the 1990s and was followed by the construction of enormous commercial centers at the time of the \"Athens 2004\" Olympic Olympics, Maroussi...","protected":false},"author":1,"featured_media":0,"parent":0,"menu_order":0,"comment_status":"closed","ping_status":"closed","template":"custom-page.php","meta":{"_monsterinsights_skip_tracking":false,"_monsterinsights_sitenote_active":false,"_monsterinsights_sitenote_note":"","_monsterinsights_sitenote_category":0,"footnotes":""},"class_list":["post-1085","page","type-page","status-publish","hentry"," nt-post-class"],"_links":{"self":[{"href":"https:\/\/urbanyouthgardensplatform.eu\/mt\/wp-json\/wp\/v2\/pages\/1085","targetHints":{"allow":["GET"]}}],"collection":[{"href":"https:\/\/urbanyouthgardensplatform.eu\/mt\/wp-json\/wp\/v2\/pages"}],"about":[{"href":"https:\/\/urbanyouthgardensplatform.eu\/mt\/wp-json\/wp\/v2\/types\/page"}],"author":[{"embeddable":true,"href":"https:\/\/urbanyouthgardensplatform.eu\/mt\/wp-json\/wp\/v2\/users\/1"}],"replies":[{"embeddable":true,"href":"https:\/\/urbanyouthgardensplatform.eu\/mt\/wp-json\/wp\/v2\/comments?post=1085"}],"version-history":[{"count":4,"href":"https:\/\/urbanyouthgardensplatform.eu\/mt\/wp-json\/wp\/v2\/pages\/1085\/revisions"}],"predecessor-version":[{"id":1349,"href":"https:\/\/urbanyouthgardensplatform.eu\/mt\/wp-json\/wp\/v2\/pages\/1085\/revisions\/1349"}],"wp:attachment":[{"href":"https:\/\/urbanyouthgardensplatform.eu\/mt\/wp-json\/wp\/v2\/media?parent=1085"}],"curies":[{"name":"wp","href":"https:\/\/api.w.org\/{rel}","templated":true}]}}