{"id":954,"date":"2022-09-27T20:52:47","date_gmt":"2022-09-27T20:52:47","guid":{"rendered":"https:\/\/urbanyouthgardensplatform.eu\/?page_id=954"},"modified":"2022-10-22T16:24:54","modified_gmt":"2022-10-22T16:24:54","slug":"partner-malta","status":"publish","type":"page","link":"https:\/\/urbanyouthgardensplatform.eu\/mt\/partner-malta\/","title":{"rendered":"Prisms Malta"},"content":{"rendered":"<div class=\"agro-section-wrapper\"><div class=\"nt-column\"><div class=\"nt-shortcode-wrapper\"><div id=\"hero\" class=\"nt-shortcode-hero jarallax section_6a01c9c53aece vc_custom_1664401701268\" data-speed=\"0.7\" data-img-position=\"50% 80%\" data-res-css=\"          \"><div class=\"container\"><div class=\"row\"><div class=\"col-12 col-lg-7\"><h1 class=\"__title\"><span>Partner<\/span> Prisms Malta<\/h1><\/div><\/div><\/div><\/div><\/div><\/div><\/div><div class=\"nt_clearfix\"><\/div><div class=\"agro-section-wrapper\"><div class=\"nt-column\"><div class=\"nt-shortcode-wrapper\"><div class=\"section section--no-pb about--1 md-hide-bg item_6a01c9c53b043 vc_custom_1664402560459\" data-res-css=\"              \"><div class=\"container\"><div class=\"section-heading\"><h2 class=\"__title\">Partner <span>Information<\/span><\/h2><\/div><div class=\"row\"><div class=\"col-12 col-lg-6 col-xl-8\"><\/div><\/div><\/div><\/div><\/div><\/div><\/div><div class=\"nt_clearfix\"><\/div><div class=\"agro-section-wrapper\"><div class=\"nt-column col-sm-12\"><div class=\"nt-shortcode-wrapper\">\n\t<div class=\"wpb_text_column wpb_content_element  vc_custom_1666448325194\" >\n\t\t<div class=\"wpb_wrapper\">\n\t\t\t<p>Prisms huwa grupp ta\u2019 youth workers b\u2019esperjenza li fl-2008 ng\u0127aqdu flimkien bil-\ng\u0127an li tin\u0127oloq NGO li ta\u0127seb g\u0127all-\u0127ti\u0121ijiet ta\u017c-\u017cg\u0127a\u017cag\u0127 u ta\u2019 dawk li ja\u0127dmu ma\u017c-\n\u017cg\u0127a\u017cag\u0127. Prisms g\u0127andha l-g\u0127an li tag\u0127ti s-setg\u0127a lin-nies bil-\u0127iliet, l-g\u0127odod, l-\ninformazzjoni u l-valuri me\u0127tie\u0121a g\u0127at-tkabbir personali u biex ikunu parte\u010bipanti\nattivi fis-so\u010bjet\u00e0. Prisms tipprovdi g\u0127all-\u0127ti\u0121ijiet tan-nies li ta\u0127dem mag\u0127hom permezz\nta\u2019 metodi innovattivi ta\u2019 edukazzjoni mhux formali sabiex jil\u0127qu l-b\u017connijiet tag\u0127hom\nb\u2019mod \u0127olistiku. Prisms jiffoka fuq ta\u0127ri\u0121 u mentoring, g\u0127odod online, benessri mentali, inklu\u017cjoni u\ndi\u017cabilit\u00e0 permezz tal-g\u0127anijiet li \u0121ejjin:<\/p>\n<h4>Zghazagh<\/h4>\n<p><strong>Context out:<\/strong> Prisms tistinka biex tg\u0127aqqad ma\u017c-\u017cg\u0127a\u017cag\u0127 fl-ambjent tag\u0127hom. Il-\n\u0127addiema ta\u017c-\u017cg\u0127a\u017cag\u0127 tag\u0127na jil\u0127qu li\u017c-\u017cg\u0127a\u017cag\u0127 biex jifhmu s-sitwazzjoni tal-\ng\u0127ajxien tag\u0127hom, f'liema punt huma f'\u0127ajjithom u fir-relazzjonijiet ewlenin tag\u0127hom\nma' \u0127addie\u0127or.<br \/>\n<strong>Anali\u017ci tal-\u0127ti\u0121ijiet:<\/strong> Fil-ba\u017ci tal-attivitajiet kollha tag\u0127na hemm appro\u010b\u010b i\u010b\u010bentrat fuq\nil-persuna li jippermettilna nikkonnettjaw ma 'skop. Prisms tisma\u2019 li\u017c-\u017cg\u0127a\u017cag\u0127 u l-\nesperjenzi tal-\u0127ajja tag\u0127hom u flimkien ma\u017c-\u017cag\u0127\u017cug\u0127 jidentifikaw il-b\u017connijiet li\njridu ji\u0121u indirizzati.<br \/>\n<strong>Empower:<\/strong> Prisms temmen li kull persuna g\u0127andha potenzjal u permezz ta\u2019 relazzjoni\npo\u017cittiva ma\u017c-\u017cag\u0127\u017cug\u0127, tisfidaha biex tistabbilixxi miri li jistg\u0127u jintla\u0127qu g\u0127at-\ntkabbir tag\u0127ha.<img loading=\"lazy\" decoding=\"async\" class=\"aligncenter size-full wp-image-1165\" src=\"https:\/\/urbanyouthgardensplatform.eu\/wp-content\/uploads\/2022\/10\/7.jpg\" alt=\"\" width=\"960\" height=\"432\" srcset=\"https:\/\/urbanyouthgardensplatform.eu\/wp-content\/uploads\/2022\/10\/7.jpg 960w, https:\/\/urbanyouthgardensplatform.eu\/wp-content\/uploads\/2022\/10\/7-300x135.jpg 300w, https:\/\/urbanyouthgardensplatform.eu\/wp-content\/uploads\/2022\/10\/7-768x346.jpg 768w, https:\/\/urbanyouthgardensplatform.eu\/wp-content\/uploads\/2022\/10\/7-18x8.jpg 18w, https:\/\/urbanyouthgardensplatform.eu\/wp-content\/uploads\/2022\/10\/7-120x54.jpg 120w, https:\/\/urbanyouthgardensplatform.eu\/wp-content\/uploads\/2022\/10\/7-240x108.jpg 240w, https:\/\/urbanyouthgardensplatform.eu\/wp-content\/uploads\/2022\/10\/7-360x162.jpg 360w, https:\/\/urbanyouthgardensplatform.eu\/wp-content\/uploads\/2022\/10\/7-480x216.jpg 480w, https:\/\/urbanyouthgardensplatform.eu\/wp-content\/uploads\/2022\/10\/7-820x369.jpg 820w\" sizes=\"auto, (max-width: 960px) 100vw, 960px\" \/><\/p>\n<h4>Young Workers<\/h4>\n<p>- Prisms jiffoka kemm fuq l-i\u017cvilupp personali kif ukoll professjonali tal-\u0127addiema ta\u017c-\n\u017cg\u0127a\u017cag\u0127. A\u0127na nemmnu li l-benessri \u0121enerali tal-\u0127addiem ma\u017c-\u017cg\u0127a\u017cag\u0127 huwa kru\u010bjali\nperess li jservu b\u0127ala mudelli g\u0127a\u017c-\u017cg\u0127a\u017cag\u0127. L-i\u017cvilupp tal-\u0127iliet intra u interpersonali\ntag\u0127hom jippermetti lill-\u0127addiem ta\u017c-\u017cg\u0127a\u017cag\u0127 biex jimpenja ru\u0127u a\u0127jar ma\u017c-\u017cg\u0127a\u017cag\u0127 li\nja\u0127dmu mag\u0127hom. Prisms jipprovdi g\u0127odod lill-\u0127addiema \u017cg\u0127a\u017cag\u0127 biex ikunu aktar\nawtoriflettivi u jidentifikaw oqsma g\u0127at-tkabbir,<br \/>\n- Marbuta ma\u2019 dan ta\u2019 hawn fuq, fuq livell professjonali, Prisms toffri g\u0127odod u metodi\ninnovattivi dwar kif il-\u0127addiema \u017cg\u0127a\u017cag\u0127 jistg\u0127u jil\u0127qu, jg\u0127aqqdu, jimpenjaw ru\u0127hom u\njag\u0127tu s-setg\u0127a li\u017c-\u017cg\u0127a\u017cag\u0127.<\/p>\n<h4>Gruppi li Prisms Jilhaq<\/h4>\n<p>Prisms g\u0127andha \u017cew\u0121 gruppi ewlenin fil-mira:<\/p>\n<p>- \u017bg\u0127a\u017cag\u0127 ta\u2019 bejn it-13 u l-35 sena<br \/>\n- Youth workers, youth leaders u professjonisti o\u0127ra li ja\u0127dmu ma\u017c-\n\u017cg\u0127a\u017cag\u0127. M&#039;hemm l-ebda medda ta&#039; et\u00e0 partikolari g\u0127al dan il-grupp fil-mira<img loading=\"lazy\" decoding=\"async\" class=\"aligncenter size-full wp-image-1166\" src=\"https:\/\/urbanyouthgardensplatform.eu\/wp-content\/uploads\/2022\/10\/1.jpg\" alt=\"\" width=\"800\" height=\"365\" srcset=\"https:\/\/urbanyouthgardensplatform.eu\/wp-content\/uploads\/2022\/10\/1.jpg 800w, https:\/\/urbanyouthgardensplatform.eu\/wp-content\/uploads\/2022\/10\/1-300x137.jpg 300w, https:\/\/urbanyouthgardensplatform.eu\/wp-content\/uploads\/2022\/10\/1-768x350.jpg 768w, https:\/\/urbanyouthgardensplatform.eu\/wp-content\/uploads\/2022\/10\/1-18x8.jpg 18w, https:\/\/urbanyouthgardensplatform.eu\/wp-content\/uploads\/2022\/10\/1-120x55.jpg 120w, https:\/\/urbanyouthgardensplatform.eu\/wp-content\/uploads\/2022\/10\/1-240x110.jpg 240w, https:\/\/urbanyouthgardensplatform.eu\/wp-content\/uploads\/2022\/10\/1-360x164.jpg 360w, https:\/\/urbanyouthgardensplatform.eu\/wp-content\/uploads\/2022\/10\/1-480x219.jpg 480w\" sizes=\"auto, (max-width: 800px) 100vw, 800px\" \/><\/p>\n<h4><img loading=\"lazy\" decoding=\"async\" class=\"wp-image-1168 alignleft\" src=\"https:\/\/urbanyouthgardensplatform.eu\/wp-content\/uploads\/2022\/10\/12.jpg\" alt=\"\" width=\"724\" height=\"543\" srcset=\"https:\/\/urbanyouthgardensplatform.eu\/wp-content\/uploads\/2022\/10\/12.jpg 960w, https:\/\/urbanyouthgardensplatform.eu\/wp-content\/uploads\/2022\/10\/12-300x225.jpg 300w, https:\/\/urbanyouthgardensplatform.eu\/wp-content\/uploads\/2022\/10\/12-768x576.jpg 768w, https:\/\/urbanyouthgardensplatform.eu\/wp-content\/uploads\/2022\/10\/12-16x12.jpg 16w, https:\/\/urbanyouthgardensplatform.eu\/wp-content\/uploads\/2022\/10\/12-120x90.jpg 120w, https:\/\/urbanyouthgardensplatform.eu\/wp-content\/uploads\/2022\/10\/12-240x180.jpg 240w, https:\/\/urbanyouthgardensplatform.eu\/wp-content\/uploads\/2022\/10\/12-360x270.jpg 360w, https:\/\/urbanyouthgardensplatform.eu\/wp-content\/uploads\/2022\/10\/12-480x360.jpg 480w, https:\/\/urbanyouthgardensplatform.eu\/wp-content\/uploads\/2022\/10\/12-820x615.jpg 820w\" sizes=\"auto, (max-width: 724px) 100vw, 724px\" \/><img loading=\"lazy\" decoding=\"async\" class=\"wp-image-1167 alignleft\" src=\"https:\/\/urbanyouthgardensplatform.eu\/wp-content\/uploads\/2022\/10\/24.jpg\" alt=\"\" width=\"723\" height=\"543\" srcset=\"https:\/\/urbanyouthgardensplatform.eu\/wp-content\/uploads\/2022\/10\/24.jpg 960w, https:\/\/urbanyouthgardensplatform.eu\/wp-content\/uploads\/2022\/10\/24-300x225.jpg 300w, https:\/\/urbanyouthgardensplatform.eu\/wp-content\/uploads\/2022\/10\/24-768x576.jpg 768w, https:\/\/urbanyouthgardensplatform.eu\/wp-content\/uploads\/2022\/10\/24-16x12.jpg 16w, https:\/\/urbanyouthgardensplatform.eu\/wp-content\/uploads\/2022\/10\/24-120x90.jpg 120w, https:\/\/urbanyouthgardensplatform.eu\/wp-content\/uploads\/2022\/10\/24-240x180.jpg 240w, https:\/\/urbanyouthgardensplatform.eu\/wp-content\/uploads\/2022\/10\/24-360x270.jpg 360w, https:\/\/urbanyouthgardensplatform.eu\/wp-content\/uploads\/2022\/10\/24-480x360.jpg 480w, https:\/\/urbanyouthgardensplatform.eu\/wp-content\/uploads\/2022\/10\/24-820x615.jpg 820w\" sizes=\"auto, (max-width: 723px) 100vw, 723px\" \/><\/h4>\n<h4><\/h4>\n<h4><\/h4>\n<h4><\/h4>\n<h4><\/h4>\n<h4><\/h4>\n<h4><\/h4>\n<h4><\/h4>\n<h4><\/h4>\n<h4><\/h4>\n<h4><\/h4>\n<h4><\/h4>\n<h4><\/h4>\n<h4><\/h4>\n<h4>Il-firxa \u0121eografika u l-attivitajiet ewlenin<\/h4>\n<p>L-attivitajiet tag\u0127na jitwettqu kemm fuq livell nazzjonali kif ukoll Ewropew. Na\u0127dmu\nkemm ma\u017c-\u017cg\u0127a\u017cag\u0127 kif ukoll ma\u017c-\u017cg\u0127a\u017cag\u0127 \u0127addiema kemm lokali kif ukoll\nbarranin.\n\nA\u0127na nwasslu workshops, seminars u korsijiet\nta\u2019 ta\u0127ri\u0121. Matul is-snin, Prisms \u017cviluppat il-\nkompetenza tag\u0127ha fix-xog\u0127ol online ta\u017c-\n\n\u017cg\u0127a\u017cag\u0127 u g\u0127odod online li jipprovdu l-opportunit\u00e0 lill-\u0127addiema ma\u017c-\u017cg\u0127a\u017cag\u0127 biex\njimpenjaw ru\u0127hom ma\u017c-\u017cg\u0127a\u017cag\u0127 kemm online kif ukoll offline. Barra minn hekk, b\u0127alissa\nqed nipprovdu ta\u0127ri\u0121 lill-edukaturi f\u2019Malta b\u0127ala parti mis-sessjonijiet tag\u0127hom tal-Komunit\u00e0\nta\u2019 Edukaturi Professjonali (CoPE). It-ta\u0127ri\u0121 huwa pprovdut dwar il-\u0121estjoni tar-rabja, l-\nintegrazzjoni tal-karatteristi\u010bi online f&#039;ambjent onlajn u l-komunikazzjoni interkulturali.<\/p>\n<p>L-implimentazzjoni b\u2019su\u010b\u010bess tal-inizjattivi tag\u0127na hija attribwibbli wkoll g\u0127all-fatt li Prisms\ndejjem fittxet li to\u0127loq kollaborazzjonijiet sinifikanti u b\u2019hekk \u0127loqna s\u0127ubijiet nazzjonali\nmad-Direttorat g\u0127as-Servizzi Edukattivi, il-Kulle\u0121\u0121 San Gorg Preca u l-Migrants Learners\nUnit mal-Ministeru g\u0127all-Edukazzjoni u x-Xog\u0127ol. , l-Istitut g\u0127all-Istudji Turisti\u010bi, il-Kulle\u0121\u0121\nMalti g\u0127all-Arti, ix-Xjenza u t-Teknolo\u0121ija (MCAST), il-Pjattaforma g\u0127all-\nOrganizzazzjonijiet tad-Drittijiet tal-Bniedem f\u2019Malta (PHROM), l-Iskola San Patrizju, il-\nFondazzjoni Karl Vella, il-Kummissjoni g\u0127ad-Drittijiet tal-Persuni ta\u2019 Disability, Agenzija\nSapport, Agenzija Zghazagh and Fondazzjoni Sebh.<\/p>\n<p>Fuq livell Ewropew, Prisms hija parti\nminn netwerks internazzjonali b\u0127al Mais Cidadinia, PRISMA European Network, Anna\nLindh Foundation u l-International Experiential Learning Network. Dan ji\u017cgura li l-inizjattivi\ntag\u0127na jkunu ta\u2019 kwalit\u00e0 tajba u li joffru spazju g\u0127a\u017c-\u017cg\u0127a\u017cag\u0127 \u0127addiema u \u017cg\u0127a\u017cag\u0127\n\nbiex jibnu l-kapa\u010bit\u00e0 tag\u0127hom stess u\nta' organizzazzjoni tag\u0127hom filwaqt li\njoffru wkoll prattiki ta' kwalit\u00e0 tajba\nta' xog\u0127ol ta\u017c-\u017cg\u0127a\u017cag\u0127. Dawn is-\ns\u0127ubijiet joffru l-possibbilt\u00e0 ta'\nskambji tal-a\u0127jar prattiki.<\/p>\n<p>Prisms ilha timplimenta pro\u0121etti u torganizza korsijiet ta\u2019 ta\u0127ri\u0121 fuq Livell nazzjonali u\nEwropew sa mit-twaqqif tag\u0127ha. Ninvestu \u0127afna \u0127in u sforz biex nippromwovu x-xog\u0127ol ta\u017c-\n\u017cg\u0127a\u017cag\u0127 u l-edukazzjoni mhux formali b&#039;modi innovattivi. Tabil\u0127aqq, l-organizzazzjoni\ntag\u0127na temmen li g\u0127andna nkunu fejn qeg\u0127din i\u017c-\u017cg\u0127a\u017cag\u0127 u m\u2019g\u0127andniex nibba\u017caw l-\nattivitajiet tag\u0127na fuq it-twemmin li \u017c-\u017cg\u0127a\u017cag\u0127 se ji\u0121u g\u0127andna imma pjuttost g\u0127andna\nmmorru fihom. G\u0127al din ir-ra\u0121uni l-attivitajiet u l-pro\u0121etti kollha tag\u0127na huma bba\u017cati fuq\nanali\u017ci tal-\u0127ti\u0121ijiet fil-fond u huma mibnija mi\u017c-\u017cg\u0127a\u017cag\u0127, ma\u017c-\u017cg\u0127a\u017cag\u0127 u g\u0127a\u017c-\u017cg\u0127a\u017cag\u0127.\nImportanti huwa l-fatt li nemmnu li l-\u0127addiema ma\u017c-\u017cg\u0127a\u017cag\u0127 u dawk li ja\u0127dmu ma\u017c-\n\u017cg\u0127a\u017cag\u0127 g\u0127andhom jag\u0127mlu u\u017cu minn pratti\u010bi ta\u2019 xog\u0127ol online ta\u017c-\u017cg\u0127a\u017cag\u0127 sabiex ikunu\neqreb ta\u017c-\u017cg\u0127a\u017cag\u0127 u jimpenjaw ru\u0127hom a\u0127jar mag\u0127hom. Tabil\u0127aqq, a\u0127na impenjati f\u2019numru\nta\u2019 pro\u0121etti li jipprovdu aktar xog\u0127ol ta\u017c-\u017cg\u0127a\u017cag\u0127 ta\u2019 kwalit\u00e0 permezz ta\u2019 servizzi onlajn.<\/p>\n\n\t\t<\/div>\n\t<\/div>\n<\/div><\/div><\/div><div class=\"nt_clearfix\"><\/div><div class=\"agro-section-wrapper ptb-140 section section--dark-bg vc_custom_1549793979536 nt_section_15419838 nt-has-responsive-data\" data-res-css=\"@media (max-width: 992px) {.nt_section_15419838{ padding-bottom: 84px !important; }} @media (max-width: 768px) {.nt_section_15419838{ padding-bottom: 54px !important; }}\"><div class=\"container container-stretch\"><div class=\"row\"><div class=\"section-heading--white nt-column col-sm-12\"><div class=\"nt-shortcode-wrapper\"><div class=\"section-heading section-heading--center item_6a01c9c53b435\" data-res-css=\"     \" data-aos=\"fade\"><h2 class=\"__title\">GET <span>IN TOUCH<\/span><\/h2><\/div>\n<div class=\"wpcf7 no-js\" id=\"wpcf7-f12-o1\" lang=\"en-US\" dir=\"ltr\" data-wpcf7-id=\"12\">\n<div class=\"screen-reader-response\"><p role=\"status\" aria-live=\"polite\" aria-atomic=\"true\"><\/p> <ul><\/ul><\/div>\n<form action=\"\/mt\/wp-json\/wp\/v2\/pages\/954#wpcf7-f12-o1\" method=\"post\" class=\"wpcf7-form init\" aria-label=\"Contact form\" novalidate=\"novalidate\" data-status=\"init\" data-trp-original-action=\"\/mt\/wp-json\/wp\/v2\/pages\/954#wpcf7-f12-o1\">\n<fieldset class=\"hidden-fields-container\"><input type=\"hidden\" name=\"_wpcf7\" value=\"12\" \/><input type=\"hidden\" name=\"_wpcf7_version\" value=\"6.1.5\" \/><input type=\"hidden\" name=\"_wpcf7_locale\" value=\"en_US\" \/><input type=\"hidden\" name=\"_wpcf7_unit_tag\" value=\"wpcf7-f12-o1\" \/><input type=\"hidden\" name=\"_wpcf7_container_post\" value=\"0\" \/><input type=\"hidden\" name=\"_wpcf7_posted_data_hash\" value=\"\" \/><input type=\"hidden\" name=\"_wpcf7_recaptcha_response\" value=\"\" \/>\n<\/fieldset>\n<div class=\"contact-form js-contact-form\" data-aos=\"fade\">\n\t<div class=\"row\">\n\t\t<div class=\"col-12 col-md-6\">\n\t\t\t<div class=\"input-wrp\">\n\t\t\t\t<p><span class=\"wpcf7-form-control-wrap\" data-name=\"text-787\"><input size=\"40\" maxlength=\"400\" class=\"wpcf7-form-control wpcf7-text wpcf7-validates-as-required textfield\" aria-required=\"true\" aria-invalid=\"false\" placeholder=\"Your Name\" value=\"\" type=\"text\" name=\"text-787\" \/><\/span>\n\t\t\t\t<\/p>\n\t\t\t<\/div>\n\t\t<\/div>\n\t\t<div class=\"col-12 col-md-6\">\n\t\t\t<div class=\"input-wrp\">\n\t\t\t\t<p><span class=\"wpcf7-form-control-wrap\" data-name=\"text-788\"><input size=\"40\" maxlength=\"400\" class=\"wpcf7-form-control wpcf7-text wpcf7-validates-as-required textfield\" aria-required=\"true\" aria-invalid=\"false\" placeholder=\"Your E-mail\" value=\"\" type=\"text\" name=\"text-788\" \/><\/span>\n\t\t\t\t<\/p>\n\t\t\t<\/div>\n\t\t<\/div>\n\t<\/div>\n\t<div class=\"input-wrp\">\n\t\t<p><span class=\"wpcf7-form-control-wrap\" data-name=\"textarea-212\"><textarea cols=\"10\" rows=\"2\" maxlength=\"2000\" class=\"wpcf7-form-control wpcf7-textarea wpcf7-validates-as-required textfield\" aria-required=\"true\" aria-invalid=\"false\" placeholder=\"Your Message\" name=\"textarea-212\"><\/textarea><\/span>\n\t\t<\/p>\n\t<\/div>\n\t<div class=\"input-wrp\">\n\t\t<p><span class=\"wpcf7-form-control-wrap\" data-name=\"acceptance-855\"><span class=\"wpcf7-form-control wpcf7-acceptance\"><span class=\"wpcf7-list-item\"><label><input type=\"checkbox\" name=\"acceptance-855\" value=\"1\" aria-invalid=\"false\" \/><span class=\"wpcf7-list-item-label\">Accept our <a href=\"\/mt\/privacy-policy\/\">Privacy Policy<\/a><\/span><\/label><\/span><\/span><\/span>\n\t\t<\/p>\n\t<\/div>\n\t<p><input class=\"wpcf7-form-control wpcf7-submit has-spinner custom-btn custom-btn--medium custom-btn--style-3 wide\" type=\"submit\" value=\"Send\" \/>\n\t<\/p>\n<\/div><div class=\"wpcf7-response-output\" aria-hidden=\"true\"><\/div>\n<input type=\"hidden\" name=\"trp-form-language\" value=\"mt\"\/><\/form>\n<\/div>\n<\/div><\/div><\/div><\/div><\/div><div class=\"nt_clearfix\"><\/div>","protected":false},"excerpt":{"rendered":"Partner Prisms MaltaPartner Information Prisms is a group of experienced youth workers that in 2008 came together with the aim of creating an NGO that caters for the requirements of young people and those working with young people. Prisms aims to empower people with the skills, tools, information and values necessary for personal growth and...","protected":false},"author":1,"featured_media":0,"parent":0,"menu_order":0,"comment_status":"closed","ping_status":"closed","template":"custom-page.php","meta":{"_monsterinsights_skip_tracking":false,"_monsterinsights_sitenote_active":false,"_monsterinsights_sitenote_note":"","_monsterinsights_sitenote_category":0,"footnotes":""},"class_list":["post-954","page","type-page","status-publish","hentry"," nt-post-class"],"_links":{"self":[{"href":"https:\/\/urbanyouthgardensplatform.eu\/mt\/wp-json\/wp\/v2\/pages\/954","targetHints":{"allow":["GET"]}}],"collection":[{"href":"https:\/\/urbanyouthgardensplatform.eu\/mt\/wp-json\/wp\/v2\/pages"}],"about":[{"href":"https:\/\/urbanyouthgardensplatform.eu\/mt\/wp-json\/wp\/v2\/types\/page"}],"author":[{"embeddable":true,"href":"https:\/\/urbanyouthgardensplatform.eu\/mt\/wp-json\/wp\/v2\/users\/1"}],"replies":[{"embeddable":true,"href":"https:\/\/urbanyouthgardensplatform.eu\/mt\/wp-json\/wp\/v2\/comments?post=954"}],"version-history":[{"count":15,"href":"https:\/\/urbanyouthgardensplatform.eu\/mt\/wp-json\/wp\/v2\/pages\/954\/revisions"}],"predecessor-version":[{"id":1176,"href":"https:\/\/urbanyouthgardensplatform.eu\/mt\/wp-json\/wp\/v2\/pages\/954\/revisions\/1176"}],"wp:attachment":[{"href":"https:\/\/urbanyouthgardensplatform.eu\/mt\/wp-json\/wp\/v2\/media?parent=954"}],"curies":[{"name":"wp","href":"https:\/\/api.w.org\/{rel}","templated":true}]}}